{"id":105,"date":"2023-05-29T06:31:15","date_gmt":"2023-05-29T05:31:15","guid":{"rendered":"http:\/\/www.villetta.fi\/uusi\/?page_id=105"},"modified":"2026-01-24T10:18:34","modified_gmt":"2026-01-24T08:18:34","slug":"le-pizze-pizzat","status":"publish","type":"page","link":"https:\/\/www.villetta.fi\/fi\/menu\/le-pizze-pizzat\/","title":{"rendered":"Le Pizze \u2013 Pizzat"},"content":{"rendered":"\n<div style=\"height:50px\" aria-hidden=\"true\" class=\"wp-block-spacer\"><\/div>\n\n\n\n<p class=\"has-foreground-color has-text-color\"><strong>Kysyth\u00e4n, jos sinulla on erityistoivomuksia esim. allergioiden vuoksi.<\/strong><\/p>\n\n\n\n<p><strong>For any special diet, please ask our staff.<\/strong><\/p>\n\n\n\n<p><\/p>\n\n\n\n<figure class=\"wp-block-table is-style-stripes\"><table class=\"has-foreground-color has-text-color\" style=\"border-style:none;border-width:0px\"><tbody><tr><td>MARGHERITA\u200b\u200b<\/td><td>13,00<\/td><\/tr><tr><td>&#8211; tuoretta tomaattia, mozzarellaa, basilikaa, valkosipulia\u200b<br>&#8211; fresh tomatoes, mozzarella cheese, basil<\/td><td><\/td><\/tr><tr><td>AL TONNO\u200b<\/td><td>13,50<\/td><\/tr><tr><td>&#8211; tonnikalaa, sipulia, kaprista, mozzarellaa\u200b<br>&#8211; tuna, onions, capers, mozzarella cheese<\/td><td><\/td><\/tr><tr><td>PEPPERONI<\/td><td>13,50<\/td><\/tr><tr><td>&#8211; pepperonisalamia, tuoretta tomaattia, ananasta, mozzarellaa<br>&#8211; pepperoni, fresh tomatoes, pineapple, mozzarella cheese<\/td><td><\/td><\/tr><tr><td>DELIZIOSA<\/td><td>14,50<\/td><\/tr><tr><td>&#8211; bolognese-jauhelihakastiketta, salamia, katkarapuja, tuoretta tomaattia, mozzarellaa<br>&#8211; bolognese sauce, salami, shrimps, fresh tomatoes, mozzarella cheese<\/td><td><\/td><\/tr><tr><td>GORGONZOLA<\/td><td>14,50<\/td><\/tr><tr><td>&#8211; kinkkua, gorgonzola-juustoa, oliiveja, tuoretta tomaattia, mozzarellaa<br>&#8211; ham, gorgonzola cheese, olives, fresh tomatoes, mozzarella cheese<\/td><td><\/td><\/tr><tr><td>PIZZA CRUDO<\/td><td>15,00<\/td><\/tr><tr><td>&#8211; puhvelinmaidosta valmistettua mozzarellaa, tuoreita herkkusieni\u00e4, parmankinkkua<br>&#8211; mozzarella di bufala, fresh mushrooms, Parma ham<\/td><td><\/td><\/tr><tr><td>PICCANTISSIMA<\/td><td>15,00<\/td><\/tr><tr><td>&#8211; kinkkua, salamia, herkkusieni\u00e4, jalapenoa, tuoretta tomaattia, mozzarellaa, oliiveja, valkosipulia<br>&#8211; ham, salami, mushrooms, jalapeno chilli, fresh tomatoes, mozzarella cheese, olives, garlic<\/td><td><\/td><\/tr><tr><td>PESCE MISTO<\/td><td>15,00<\/td><\/tr><tr><td>&#8211; meren antimia ja \u00e4yri\u00e4isi\u00e4, surimia, persiljaa, mozzarellaa, valkosipulia<br>&#8211; seafood and shellfishes, crabmeat, parsley, mozzarella cheese, garlic<\/td><td><\/td><\/tr><tr><td>NAPOLETANA<\/td><td>13,50<\/td><\/tr><tr><td>&#8211; tuoretta tomaattia, mozzarellaa, italialaista anjovista \u00f6ljyss\u00e4, basilikaa, valkosipulia<br>&#8211; fresh tomatoes, mozzarella cheese, Italian anchovies in oil, basil, garlic<\/td><td><\/td><\/tr><tr><td>PIZZA FANTASIA<\/td><td>15,00<\/td><\/tr><tr><td>&#8211; valitse pitsalistalta nelj\u00e4 t\u00e4ytett\u00e4 oman makusi mukaan<br>&#8211; select your own four toppings from the pizza list<\/td><td><\/td><\/tr><tr><td><strong>Lis\u00e4maksusta:<\/strong><\/td><td><\/td><\/tr><tr><td>Lis\u00e4t\u00e4yte \/ Extra topping<br><br><strong>Kaikki pizzat saatavana my\u00f6s gluteenittomana, lis\u00e4maksu 2 \u20ac.<br>All the pizzas available also gluten-free, surcharge 2 \u20ac.<\/strong><br>\u200b<\/td><td>1,50<br><br><br><\/td><\/tr><\/tbody><\/table><\/figure>\n","protected":false},"excerpt":{"rendered":"<p>Kysyth\u00e4n, jos sinulla on erityistoivomuksia esim. allergioiden vuoksi. For any special diet, please ask our staff. MARGHERITA\u200b\u200b 13,00 &#8211; tuoretta tomaattia, mozzarellaa, basilikaa, valkosipulia\u200b&#8211; fresh tomatoes, mozzarella cheese, basil AL TONNO\u200b 13,50 &#8211; tonnikalaa, sipulia, kaprista, mozzarellaa\u200b&#8211; tuna, onions, capers, mozzarella cheese PEPPERONI 13,50 &#8211; pepperonisalamia, tuoretta tomaattia, ananasta, mozzarellaa&#8211; pepperoni, fresh tomatoes, pineapple, mozzarella [&hellip;]<\/p>\n","protected":false},"author":1,"featured_media":100,"parent":73,"menu_order":0,"comment_status":"closed","ping_status":"closed","template":"","meta":{"footnotes":""},"class_list":["post-105","page","type-page","status-publish","has-post-thumbnail","hentry"],"yoast_head":"<!-- This site is optimized with the Yoast SEO plugin v23.5 - https:\/\/yoast.com\/wordpress\/plugins\/seo\/ -->\n<title>Italialainen ravintola Villetta, Helsinki - Pizzeria - pitsaravintola - pizzaravintola - le pizze - pizzat - kaupungin parhaat pitsat<\/title>\n<meta name=\"description\" content=\"Italialainen pitsaravintola Villetta sijaitsee Ruusulankatu 8:ssa Helsingiss\u00e4.\" \/>\n<meta name=\"robots\" content=\"index, follow, max-snippet:-1, max-image-preview:large, max-video-preview:-1\" \/>\n<link rel=\"canonical\" href=\"https:\/\/www.villetta.fi\/fi\/menu\/le-pizze-pizzat\/\" \/>\n<meta property=\"og:locale\" content=\"en_GB\" \/>\n<meta property=\"og:type\" content=\"article\" \/>\n<meta property=\"og:title\" content=\"Italialainen ravintola Villetta, Helsinki - Pizzeria - pitsaravintola - pizzaravintola - le pizze - pizzat - kaupungin parhaat pitsat\" \/>\n<meta property=\"og:description\" content=\"Italialainen pitsaravintola Villetta sijaitsee Ruusulankatu 8:ssa Helsingiss\u00e4.\" \/>\n<meta property=\"og:url\" content=\"https:\/\/www.villetta.fi\/fi\/menu\/le-pizze-pizzat\/\" \/>\n<meta property=\"og:site_name\" content=\"Italialainen ravintola Villetta, Helsinki\" \/>\n<meta property=\"article:publisher\" content=\"https:\/\/www.facebook.com\/RavintolaVilletta\/\" \/>\n<meta property=\"article:modified_time\" content=\"2026-01-24T08:18:34+00:00\" \/>\n<meta property=\"og:image\" content=\"https:\/\/www.villetta.fi\/fi\/wp-content\/uploads\/2023\/05\/pizzaruccola.jpg\" \/>\n\t<meta property=\"og:image:width\" content=\"1240\" \/>\n\t<meta property=\"og:image:height\" content=\"118\" \/>\n\t<meta property=\"og:image:type\" content=\"image\/jpeg\" \/>\n<meta name=\"twitter:card\" content=\"summary_large_image\" \/>\n<meta name=\"twitter:label1\" content=\"Estimated reading time\" \/>\n\t<meta name=\"twitter:data1\" content=\"2 minutes\" \/>\n<script type=\"application\/ld+json\" class=\"yoast-schema-graph\">{\"@context\":\"https:\/\/schema.org\",\"@graph\":[{\"@type\":\"WebPage\",\"@id\":\"https:\/\/www.villetta.fi\/fi\/menu\/le-pizze-pizzat\/\",\"url\":\"https:\/\/www.villetta.fi\/fi\/menu\/le-pizze-pizzat\/\",\"name\":\"Italialainen ravintola Villetta, Helsinki - Pizzeria - pitsaravintola - pizzaravintola - le pizze - pizzat - kaupungin parhaat pitsat\",\"isPartOf\":{\"@id\":\"https:\/\/www.villetta.fi\/fi\/#website\"},\"primaryImageOfPage\":{\"@id\":\"https:\/\/www.villetta.fi\/fi\/menu\/le-pizze-pizzat\/#primaryimage\"},\"image\":{\"@id\":\"https:\/\/www.villetta.fi\/fi\/menu\/le-pizze-pizzat\/#primaryimage\"},\"thumbnailUrl\":\"https:\/\/www.villetta.fi\/fi\/wp-content\/uploads\/2023\/05\/pizzaruccola.jpg\",\"datePublished\":\"2023-05-29T05:31:15+00:00\",\"dateModified\":\"2026-01-24T08:18:34+00:00\",\"description\":\"Italialainen pitsaravintola Villetta sijaitsee Ruusulankatu 8:ssa Helsingiss\u00e4.\",\"breadcrumb\":{\"@id\":\"https:\/\/www.villetta.fi\/fi\/menu\/le-pizze-pizzat\/#breadcrumb\"},\"inLanguage\":\"en-GB\",\"potentialAction\":[{\"@type\":\"ReadAction\",\"target\":[\"https:\/\/www.villetta.fi\/fi\/menu\/le-pizze-pizzat\/\"]}]},{\"@type\":\"ImageObject\",\"inLanguage\":\"en-GB\",\"@id\":\"https:\/\/www.villetta.fi\/fi\/menu\/le-pizze-pizzat\/#primaryimage\",\"url\":\"https:\/\/www.villetta.fi\/fi\/wp-content\/uploads\/2023\/05\/pizzaruccola.jpg\",\"contentUrl\":\"https:\/\/www.villetta.fi\/fi\/wp-content\/uploads\/2023\/05\/pizzaruccola.jpg\",\"width\":1240,\"height\":118,\"caption\":\"Pizza Rucola\"},{\"@type\":\"BreadcrumbList\",\"@id\":\"https:\/\/www.villetta.fi\/fi\/menu\/le-pizze-pizzat\/#breadcrumb\",\"itemListElement\":[{\"@type\":\"ListItem\",\"position\":1,\"name\":\"Home\",\"item\":\"https:\/\/www.villetta.fi\/fi\/\"},{\"@type\":\"ListItem\",\"position\":2,\"name\":\"Menu\",\"item\":\"https:\/\/www.villetta.fi\/fi\/menu\/\"},{\"@type\":\"ListItem\",\"position\":3,\"name\":\"Le Pizze \u2013 Pizzat\"}]},{\"@type\":\"WebSite\",\"@id\":\"https:\/\/www.villetta.fi\/fi\/#website\",\"url\":\"https:\/\/www.villetta.fi\/fi\/\",\"name\":\"Italialainen ravintola Villetta, Helsinki\",\"description\":\"Italialainen ravintola Villetta, Helsinki\",\"publisher\":{\"@id\":\"https:\/\/www.villetta.fi\/fi\/#organization\"},\"potentialAction\":[{\"@type\":\"SearchAction\",\"target\":{\"@type\":\"EntryPoint\",\"urlTemplate\":\"https:\/\/www.villetta.fi\/fi\/?s={search_term_string}\"},\"query-input\":{\"@type\":\"PropertyValueSpecification\",\"valueRequired\":true,\"valueName\":\"search_term_string\"}}],\"inLanguage\":\"en-GB\"},{\"@type\":\"Organization\",\"@id\":\"https:\/\/www.villetta.fi\/fi\/#organization\",\"name\":\"Italialainen ravintola Villetta, Helsinki\",\"url\":\"https:\/\/www.villetta.fi\/fi\/\",\"logo\":{\"@type\":\"ImageObject\",\"inLanguage\":\"en-GB\",\"@id\":\"https:\/\/www.villetta.fi\/fi\/#\/schema\/logo\/image\/\",\"url\":\"https:\/\/www.villetta.fi\/fi\/wp-content\/uploads\/2023\/05\/logo.png\",\"contentUrl\":\"https:\/\/www.villetta.fi\/fi\/wp-content\/uploads\/2023\/05\/logo.png\",\"width\":614,\"height\":217,\"caption\":\"Italialainen ravintola Villetta, Helsinki\"},\"image\":{\"@id\":\"https:\/\/www.villetta.fi\/fi\/#\/schema\/logo\/image\/\"},\"sameAs\":[\"https:\/\/www.facebook.com\/RavintolaVilletta\/\"]}]}<\/script>\n<!-- \/ Yoast SEO plugin. -->","yoast_head_json":{"title":"Italialainen ravintola Villetta, Helsinki - Pizzeria - pitsaravintola - pizzaravintola - le pizze - pizzat - kaupungin parhaat pitsat","description":"Italialainen pitsaravintola Villetta sijaitsee Ruusulankatu 8:ssa Helsingiss\u00e4.","robots":{"index":"index","follow":"follow","max-snippet":"max-snippet:-1","max-image-preview":"max-image-preview:large","max-video-preview":"max-video-preview:-1"},"canonical":"https:\/\/www.villetta.fi\/fi\/menu\/le-pizze-pizzat\/","og_locale":"en_GB","og_type":"article","og_title":"Italialainen ravintola Villetta, Helsinki - Pizzeria - pitsaravintola - pizzaravintola - le pizze - pizzat - kaupungin parhaat pitsat","og_description":"Italialainen pitsaravintola Villetta sijaitsee Ruusulankatu 8:ssa Helsingiss\u00e4.","og_url":"https:\/\/www.villetta.fi\/fi\/menu\/le-pizze-pizzat\/","og_site_name":"Italialainen ravintola Villetta, Helsinki","article_publisher":"https:\/\/www.facebook.com\/RavintolaVilletta\/","article_modified_time":"2026-01-24T08:18:34+00:00","og_image":[{"width":1240,"height":118,"url":"https:\/\/www.villetta.fi\/fi\/wp-content\/uploads\/2023\/05\/pizzaruccola.jpg","type":"image\/jpeg"}],"twitter_card":"summary_large_image","twitter_misc":{"Estimated reading time":"2 minutes"},"schema":{"@context":"https:\/\/schema.org","@graph":[{"@type":"WebPage","@id":"https:\/\/www.villetta.fi\/fi\/menu\/le-pizze-pizzat\/","url":"https:\/\/www.villetta.fi\/fi\/menu\/le-pizze-pizzat\/","name":"Italialainen ravintola Villetta, Helsinki - Pizzeria - pitsaravintola - pizzaravintola - le pizze - pizzat - kaupungin parhaat pitsat","isPartOf":{"@id":"https:\/\/www.villetta.fi\/fi\/#website"},"primaryImageOfPage":{"@id":"https:\/\/www.villetta.fi\/fi\/menu\/le-pizze-pizzat\/#primaryimage"},"image":{"@id":"https:\/\/www.villetta.fi\/fi\/menu\/le-pizze-pizzat\/#primaryimage"},"thumbnailUrl":"https:\/\/www.villetta.fi\/fi\/wp-content\/uploads\/2023\/05\/pizzaruccola.jpg","datePublished":"2023-05-29T05:31:15+00:00","dateModified":"2026-01-24T08:18:34+00:00","description":"Italialainen pitsaravintola Villetta sijaitsee Ruusulankatu 8:ssa Helsingiss\u00e4.","breadcrumb":{"@id":"https:\/\/www.villetta.fi\/fi\/menu\/le-pizze-pizzat\/#breadcrumb"},"inLanguage":"en-GB","potentialAction":[{"@type":"ReadAction","target":["https:\/\/www.villetta.fi\/fi\/menu\/le-pizze-pizzat\/"]}]},{"@type":"ImageObject","inLanguage":"en-GB","@id":"https:\/\/www.villetta.fi\/fi\/menu\/le-pizze-pizzat\/#primaryimage","url":"https:\/\/www.villetta.fi\/fi\/wp-content\/uploads\/2023\/05\/pizzaruccola.jpg","contentUrl":"https:\/\/www.villetta.fi\/fi\/wp-content\/uploads\/2023\/05\/pizzaruccola.jpg","width":1240,"height":118,"caption":"Pizza Rucola"},{"@type":"BreadcrumbList","@id":"https:\/\/www.villetta.fi\/fi\/menu\/le-pizze-pizzat\/#breadcrumb","itemListElement":[{"@type":"ListItem","position":1,"name":"Home","item":"https:\/\/www.villetta.fi\/fi\/"},{"@type":"ListItem","position":2,"name":"Menu","item":"https:\/\/www.villetta.fi\/fi\/menu\/"},{"@type":"ListItem","position":3,"name":"Le Pizze \u2013 Pizzat"}]},{"@type":"WebSite","@id":"https:\/\/www.villetta.fi\/fi\/#website","url":"https:\/\/www.villetta.fi\/fi\/","name":"Italialainen ravintola Villetta, Helsinki","description":"Italialainen ravintola Villetta, Helsinki","publisher":{"@id":"https:\/\/www.villetta.fi\/fi\/#organization"},"potentialAction":[{"@type":"SearchAction","target":{"@type":"EntryPoint","urlTemplate":"https:\/\/www.villetta.fi\/fi\/?s={search_term_string}"},"query-input":{"@type":"PropertyValueSpecification","valueRequired":true,"valueName":"search_term_string"}}],"inLanguage":"en-GB"},{"@type":"Organization","@id":"https:\/\/www.villetta.fi\/fi\/#organization","name":"Italialainen ravintola Villetta, Helsinki","url":"https:\/\/www.villetta.fi\/fi\/","logo":{"@type":"ImageObject","inLanguage":"en-GB","@id":"https:\/\/www.villetta.fi\/fi\/#\/schema\/logo\/image\/","url":"https:\/\/www.villetta.fi\/fi\/wp-content\/uploads\/2023\/05\/logo.png","contentUrl":"https:\/\/www.villetta.fi\/fi\/wp-content\/uploads\/2023\/05\/logo.png","width":614,"height":217,"caption":"Italialainen ravintola Villetta, Helsinki"},"image":{"@id":"https:\/\/www.villetta.fi\/fi\/#\/schema\/logo\/image\/"},"sameAs":["https:\/\/www.facebook.com\/RavintolaVilletta\/"]}]}},"_links":{"self":[{"href":"https:\/\/www.villetta.fi\/fi\/wp-json\/wp\/v2\/pages\/105","targetHints":{"allow":["GET"]}}],"collection":[{"href":"https:\/\/www.villetta.fi\/fi\/wp-json\/wp\/v2\/pages"}],"about":[{"href":"https:\/\/www.villetta.fi\/fi\/wp-json\/wp\/v2\/types\/page"}],"author":[{"embeddable":true,"href":"https:\/\/www.villetta.fi\/fi\/wp-json\/wp\/v2\/users\/1"}],"replies":[{"embeddable":true,"href":"https:\/\/www.villetta.fi\/fi\/wp-json\/wp\/v2\/comments?post=105"}],"version-history":[{"count":22,"href":"https:\/\/www.villetta.fi\/fi\/wp-json\/wp\/v2\/pages\/105\/revisions"}],"predecessor-version":[{"id":432,"href":"https:\/\/www.villetta.fi\/fi\/wp-json\/wp\/v2\/pages\/105\/revisions\/432"}],"up":[{"embeddable":true,"href":"https:\/\/www.villetta.fi\/fi\/wp-json\/wp\/v2\/pages\/73"}],"wp:featuredmedia":[{"embeddable":true,"href":"https:\/\/www.villetta.fi\/fi\/wp-json\/wp\/v2\/media\/100"}],"wp:attachment":[{"href":"https:\/\/www.villetta.fi\/fi\/wp-json\/wp\/v2\/media?parent=105"}],"curies":[{"name":"wp","href":"https:\/\/api.w.org\/{rel}","templated":true}]}}