{"id":11,"date":"2023-05-28T20:02:54","date_gmt":"2023-05-28T19:02:54","guid":{"rendered":"http:\/\/www.villetta.fi\/uusi\/?page_id=11"},"modified":"2023-06-07T08:04:21","modified_gmt":"2023-06-07T07:04:21","slug":"villetta","status":"publish","type":"page","link":"https:\/\/www.villetta.fi\/fi\/villetta\/","title":{"rendered":"Tervetuloa"},"content":{"rendered":"\n<h3 class=\"wp-block-heading has-text-align-center\">Ravintola Villetta \u2022 Ristorante e Pizzeria<\/h3>\n\n\n\n<div style=\"height:50px\" aria-hidden=\"true\" class=\"wp-block-spacer\"><\/div>\n\n\n\n<p><strong>Italialainen ravintolamme<\/strong>, Villetta, sijaitsee Helsingin T\u00f6\u00f6l\u00f6ss\u00e4, Ruusulankadulla.<\/p>\n\n\n\n<p><strong>Trattoria<\/strong> on italialainen m\u00e4\u00e4ritelm\u00e4 sellaiselle ruokaravintolalle, jossa yleens\u00e4 tarjoillaan kotiruoan tyylisi\u00e4 annoksia. Toki t\u00e4ytyy ottaa huomioon, ett\u00e4 varsin usein parhaimmat ruoat Italiassa nimenomaan saa yst\u00e4vien luona heid\u00e4n kotonaan!<br><br>Hinnat trattoria-ravintoloissa Italiassakin ovat <em>kilpailukykyiset<\/em> ja tapana on mieluummin s\u00e4\u00e4st\u00e4\u00e4 paikan sisustuksessa kuin <em>ruoan laadussa<\/em> tai <em>m\u00e4\u00e4r\u00e4ss\u00e4<\/em>. Vaikka Villettassa on ihan oikea menu, jota ei usein italialaisissa trattorioissa ole, muistuttaa italialainen ravintola Ruusulankadulla muutoin varsin paljon alkuper\u00e4isi\u00e4 esimerkkej\u00e4\u00e4n: tunnelma on aidon italialaista ja annoksia voi halutessaan s\u00e4\u00e4t\u00e4\u00e4 toiveiden mukaan. Villettassa on my\u00f6s kattava viinilista sek\u00e4 oluita, siidereit\u00e4 ja digestiiveja saatavissa.<br><br>Hurtilta huumoriltakaan ja italialaisten v\u00e4lisilt\u00e4 huulenheitoilta ei paikassa voi v\u00e4ltty\u00e4, mutta olepa huoletta, sill\u00e4 t\u00e4m\u00e4 on vain osa ty\u00f6n iloa, hauskanpitoa keitti\u00f6t\u00f6iden lomassa ja n\u00e4in ruokaan siirtyy my\u00f6s ripaus rakkautta.<\/p>\n\n\n\n<p>Tule kokemaan aitoa italialaista tunnelmaa!<\/p>\n\n\n\n<p><strong>L\u00e4mpim\u00e4sti tervetuloa!<\/strong><\/p>\n\n\n\n<hr class=\"wp-block-separator has-alpha-channel-opacity\"\/>\n\n\n\n<p>Villetta, pizzeria-trattoria accogliente con sapori autentici e tradizionali, si trova a T\u00f6\u00f6l\u00f6, Helsinki, vicino all\u2019Opera Nazionale. \u00c8 stato fondato nell\u2019anno 1986 da Antonio Bruno, e i nuovi proprietari italiani sono arrivati nel 2005.&nbsp;<\/p>\n\n\n\n<p>Dalla Villetta puoi goderti di pizza, pasta, carne, pesce e piatti vegetariani \u2013 tutti disponibili senza lattosio, e le pizze e paste anche senza glutine a richiesta.<\/p>\n\n\n\n<p><strong>Benvenuto ad assaggiare il sapore dell\u2019Italia nel cuore di Helsinki!<\/strong><\/p>\n\n\n\n<hr class=\"wp-block-separator has-alpha-channel-opacity\"\/>\n\n\n\n<p>Authentic, traditional and cosy Italian restaurant Villetta is located near the Opera House in Helsinki. It was founded by Antonio Bruno in 1986, and the new owners arrived in 2005.<\/p>\n\n\n\n<p>In the trattoria-style environment of Villetta you can enjoy pizza, pasta, meat, seafood and vegetarian dishes. All our dishes are available lactose free, and pizzas and pastas also gluten free.<\/p>\n\n\n\n<p><strong>Come and taste a piece of Italy in Helsinki!<\/strong><\/p>\n\n\n\n<div style=\"height:50px\" aria-hidden=\"true\" class=\"wp-block-spacer\"><\/div>\n\n\n<h2 style=\"margin-bottom:var(--wp--custom--spacing--medium, 6rem);\" class=\"has-text-align-center alignwide wp-block-post-title\">Tervetuloa<\/h2>","protected":false},"excerpt":{"rendered":"<p>Ravintola Villetta \u2022 Ristorante e Pizzeria Italialainen ravintolamme, Villetta, sijaitsee Helsingin T\u00f6\u00f6l\u00f6ss\u00e4, Ruusulankadulla. Trattoria on italialainen m\u00e4\u00e4ritelm\u00e4 sellaiselle ruokaravintolalle, jossa yleens\u00e4 tarjoillaan kotiruoan tyylisi\u00e4 annoksia. Toki t\u00e4ytyy ottaa huomioon, ett\u00e4 varsin usein parhaimmat ruoat Italiassa nimenomaan saa yst\u00e4vien luona heid\u00e4n kotonaan! Hinnat trattoria-ravintoloissa Italiassakin ovat kilpailukykyiset ja tapana on mieluummin s\u00e4\u00e4st\u00e4\u00e4 paikan sisustuksessa kuin ruoan [&hellip;]<\/p>\n","protected":false},"author":1,"featured_media":81,"parent":0,"menu_order":0,"comment_status":"closed","ping_status":"closed","template":"","meta":{"footnotes":""},"class_list":["post-11","page","type-page","status-publish","has-post-thumbnail","hentry"],"yoast_head":"<!-- This site is optimized with the Yoast SEO plugin v23.5 - https:\/\/yoast.com\/wordpress\/plugins\/seo\/ -->\n<title>Italialainen ravintola Villetta, Helsinki - Trattoria, Pizzeria<\/title>\n<meta name=\"description\" content=\"Pizzat, pastat. Italialainen ravintola Villetta sijaitsee Ruusulankatu 8:ssa Helsingiss\u00e4.&quot;\" \/>\n<meta name=\"robots\" content=\"index, follow, max-snippet:-1, max-image-preview:large, max-video-preview:-1\" \/>\n<link rel=\"canonical\" href=\"https:\/\/www.villetta.fi\/fi\/villetta\/\" \/>\n<meta property=\"og:locale\" content=\"en_GB\" \/>\n<meta property=\"og:type\" content=\"article\" \/>\n<meta property=\"og:title\" content=\"Italialainen ravintola Villetta, Helsinki - Trattoria, Pizzeria\" \/>\n<meta property=\"og:description\" content=\"Pizzat, pastat. Italialainen ravintola Villetta sijaitsee Ruusulankatu 8:ssa Helsingiss\u00e4.&quot;\" \/>\n<meta property=\"og:url\" content=\"https:\/\/www.villetta.fi\/fi\/villetta\/\" \/>\n<meta property=\"og:site_name\" content=\"Italialainen ravintola Villetta, Helsinki\" \/>\n<meta property=\"article:publisher\" content=\"https:\/\/www.facebook.com\/RavintolaVilletta\/\" \/>\n<meta property=\"article:modified_time\" content=\"2023-06-07T07:04:21+00:00\" \/>\n<meta property=\"og:image\" content=\"https:\/\/www.villetta.fi\/fi\/wp-content\/uploads\/2023\/05\/insalate.jpg\" \/>\n\t<meta property=\"og:image:width\" content=\"1240\" \/>\n\t<meta property=\"og:image:height\" content=\"118\" \/>\n\t<meta property=\"og:image:type\" content=\"image\/jpeg\" \/>\n<meta name=\"twitter:card\" content=\"summary_large_image\" \/>\n<meta name=\"twitter:label1\" content=\"Estimated reading time\" \/>\n\t<meta name=\"twitter:data1\" content=\"2 minutes\" \/>\n<script type=\"application\/ld+json\" class=\"yoast-schema-graph\">{\"@context\":\"https:\/\/schema.org\",\"@graph\":[{\"@type\":\"WebPage\",\"@id\":\"https:\/\/www.villetta.fi\/fi\/villetta\/\",\"url\":\"https:\/\/www.villetta.fi\/fi\/villetta\/\",\"name\":\"Italialainen ravintola Villetta, Helsinki - Trattoria, Pizzeria\",\"isPartOf\":{\"@id\":\"https:\/\/www.villetta.fi\/fi\/#website\"},\"primaryImageOfPage\":{\"@id\":\"https:\/\/www.villetta.fi\/fi\/villetta\/#primaryimage\"},\"image\":{\"@id\":\"https:\/\/www.villetta.fi\/fi\/villetta\/#primaryimage\"},\"thumbnailUrl\":\"https:\/\/www.villetta.fi\/fi\/wp-content\/uploads\/2023\/05\/insalate.jpg\",\"datePublished\":\"2023-05-28T19:02:54+00:00\",\"dateModified\":\"2023-06-07T07:04:21+00:00\",\"description\":\"Pizzat, pastat. Italialainen ravintola Villetta sijaitsee Ruusulankatu 8:ssa Helsingiss\u00e4.\\\"\",\"breadcrumb\":{\"@id\":\"https:\/\/www.villetta.fi\/fi\/villetta\/#breadcrumb\"},\"inLanguage\":\"en-GB\",\"potentialAction\":[{\"@type\":\"ReadAction\",\"target\":[\"https:\/\/www.villetta.fi\/fi\/villetta\/\"]}]},{\"@type\":\"ImageObject\",\"inLanguage\":\"en-GB\",\"@id\":\"https:\/\/www.villetta.fi\/fi\/villetta\/#primaryimage\",\"url\":\"https:\/\/www.villetta.fi\/fi\/wp-content\/uploads\/2023\/05\/insalate.jpg\",\"contentUrl\":\"https:\/\/www.villetta.fi\/fi\/wp-content\/uploads\/2023\/05\/insalate.jpg\",\"width\":1240,\"height\":118,\"caption\":\"Insalate & salaatti\"},{\"@type\":\"BreadcrumbList\",\"@id\":\"https:\/\/www.villetta.fi\/fi\/villetta\/#breadcrumb\",\"itemListElement\":[{\"@type\":\"ListItem\",\"position\":1,\"name\":\"Home\",\"item\":\"https:\/\/www.villetta.fi\/fi\/\"},{\"@type\":\"ListItem\",\"position\":2,\"name\":\"Tervetuloa\"}]},{\"@type\":\"WebSite\",\"@id\":\"https:\/\/www.villetta.fi\/fi\/#website\",\"url\":\"https:\/\/www.villetta.fi\/fi\/\",\"name\":\"Italialainen ravintola Villetta, Helsinki\",\"description\":\"Italialainen ravintola Villetta, Helsinki\",\"publisher\":{\"@id\":\"https:\/\/www.villetta.fi\/fi\/#organization\"},\"potentialAction\":[{\"@type\":\"SearchAction\",\"target\":{\"@type\":\"EntryPoint\",\"urlTemplate\":\"https:\/\/www.villetta.fi\/fi\/?s={search_term_string}\"},\"query-input\":{\"@type\":\"PropertyValueSpecification\",\"valueRequired\":true,\"valueName\":\"search_term_string\"}}],\"inLanguage\":\"en-GB\"},{\"@type\":\"Organization\",\"@id\":\"https:\/\/www.villetta.fi\/fi\/#organization\",\"name\":\"Italialainen ravintola Villetta, Helsinki\",\"url\":\"https:\/\/www.villetta.fi\/fi\/\",\"logo\":{\"@type\":\"ImageObject\",\"inLanguage\":\"en-GB\",\"@id\":\"https:\/\/www.villetta.fi\/fi\/#\/schema\/logo\/image\/\",\"url\":\"https:\/\/www.villetta.fi\/fi\/wp-content\/uploads\/2023\/05\/logo.png\",\"contentUrl\":\"https:\/\/www.villetta.fi\/fi\/wp-content\/uploads\/2023\/05\/logo.png\",\"width\":614,\"height\":217,\"caption\":\"Italialainen ravintola Villetta, Helsinki\"},\"image\":{\"@id\":\"https:\/\/www.villetta.fi\/fi\/#\/schema\/logo\/image\/\"},\"sameAs\":[\"https:\/\/www.facebook.com\/RavintolaVilletta\/\"]}]}<\/script>\n<!-- \/ Yoast SEO plugin. -->","yoast_head_json":{"title":"Italialainen ravintola Villetta, Helsinki - Trattoria, Pizzeria","description":"Pizzat, pastat. Italialainen ravintola Villetta sijaitsee Ruusulankatu 8:ssa Helsingiss\u00e4.\"","robots":{"index":"index","follow":"follow","max-snippet":"max-snippet:-1","max-image-preview":"max-image-preview:large","max-video-preview":"max-video-preview:-1"},"canonical":"https:\/\/www.villetta.fi\/fi\/villetta\/","og_locale":"en_GB","og_type":"article","og_title":"Italialainen ravintola Villetta, Helsinki - Trattoria, Pizzeria","og_description":"Pizzat, pastat. Italialainen ravintola Villetta sijaitsee Ruusulankatu 8:ssa Helsingiss\u00e4.\"","og_url":"https:\/\/www.villetta.fi\/fi\/villetta\/","og_site_name":"Italialainen ravintola Villetta, Helsinki","article_publisher":"https:\/\/www.facebook.com\/RavintolaVilletta\/","article_modified_time":"2023-06-07T07:04:21+00:00","og_image":[{"width":1240,"height":118,"url":"https:\/\/www.villetta.fi\/fi\/wp-content\/uploads\/2023\/05\/insalate.jpg","type":"image\/jpeg"}],"twitter_card":"summary_large_image","twitter_misc":{"Estimated reading time":"2 minutes"},"schema":{"@context":"https:\/\/schema.org","@graph":[{"@type":"WebPage","@id":"https:\/\/www.villetta.fi\/fi\/villetta\/","url":"https:\/\/www.villetta.fi\/fi\/villetta\/","name":"Italialainen ravintola Villetta, Helsinki - Trattoria, Pizzeria","isPartOf":{"@id":"https:\/\/www.villetta.fi\/fi\/#website"},"primaryImageOfPage":{"@id":"https:\/\/www.villetta.fi\/fi\/villetta\/#primaryimage"},"image":{"@id":"https:\/\/www.villetta.fi\/fi\/villetta\/#primaryimage"},"thumbnailUrl":"https:\/\/www.villetta.fi\/fi\/wp-content\/uploads\/2023\/05\/insalate.jpg","datePublished":"2023-05-28T19:02:54+00:00","dateModified":"2023-06-07T07:04:21+00:00","description":"Pizzat, pastat. Italialainen ravintola Villetta sijaitsee Ruusulankatu 8:ssa Helsingiss\u00e4.\"","breadcrumb":{"@id":"https:\/\/www.villetta.fi\/fi\/villetta\/#breadcrumb"},"inLanguage":"en-GB","potentialAction":[{"@type":"ReadAction","target":["https:\/\/www.villetta.fi\/fi\/villetta\/"]}]},{"@type":"ImageObject","inLanguage":"en-GB","@id":"https:\/\/www.villetta.fi\/fi\/villetta\/#primaryimage","url":"https:\/\/www.villetta.fi\/fi\/wp-content\/uploads\/2023\/05\/insalate.jpg","contentUrl":"https:\/\/www.villetta.fi\/fi\/wp-content\/uploads\/2023\/05\/insalate.jpg","width":1240,"height":118,"caption":"Insalate & salaatti"},{"@type":"BreadcrumbList","@id":"https:\/\/www.villetta.fi\/fi\/villetta\/#breadcrumb","itemListElement":[{"@type":"ListItem","position":1,"name":"Home","item":"https:\/\/www.villetta.fi\/fi\/"},{"@type":"ListItem","position":2,"name":"Tervetuloa"}]},{"@type":"WebSite","@id":"https:\/\/www.villetta.fi\/fi\/#website","url":"https:\/\/www.villetta.fi\/fi\/","name":"Italialainen ravintola Villetta, Helsinki","description":"Italialainen ravintola Villetta, Helsinki","publisher":{"@id":"https:\/\/www.villetta.fi\/fi\/#organization"},"potentialAction":[{"@type":"SearchAction","target":{"@type":"EntryPoint","urlTemplate":"https:\/\/www.villetta.fi\/fi\/?s={search_term_string}"},"query-input":{"@type":"PropertyValueSpecification","valueRequired":true,"valueName":"search_term_string"}}],"inLanguage":"en-GB"},{"@type":"Organization","@id":"https:\/\/www.villetta.fi\/fi\/#organization","name":"Italialainen ravintola Villetta, Helsinki","url":"https:\/\/www.villetta.fi\/fi\/","logo":{"@type":"ImageObject","inLanguage":"en-GB","@id":"https:\/\/www.villetta.fi\/fi\/#\/schema\/logo\/image\/","url":"https:\/\/www.villetta.fi\/fi\/wp-content\/uploads\/2023\/05\/logo.png","contentUrl":"https:\/\/www.villetta.fi\/fi\/wp-content\/uploads\/2023\/05\/logo.png","width":614,"height":217,"caption":"Italialainen ravintola Villetta, Helsinki"},"image":{"@id":"https:\/\/www.villetta.fi\/fi\/#\/schema\/logo\/image\/"},"sameAs":["https:\/\/www.facebook.com\/RavintolaVilletta\/"]}]}},"_links":{"self":[{"href":"https:\/\/www.villetta.fi\/fi\/wp-json\/wp\/v2\/pages\/11","targetHints":{"allow":["GET"]}}],"collection":[{"href":"https:\/\/www.villetta.fi\/fi\/wp-json\/wp\/v2\/pages"}],"about":[{"href":"https:\/\/www.villetta.fi\/fi\/wp-json\/wp\/v2\/types\/page"}],"author":[{"embeddable":true,"href":"https:\/\/www.villetta.fi\/fi\/wp-json\/wp\/v2\/users\/1"}],"replies":[{"embeddable":true,"href":"https:\/\/www.villetta.fi\/fi\/wp-json\/wp\/v2\/comments?post=11"}],"version-history":[{"count":24,"href":"https:\/\/www.villetta.fi\/fi\/wp-json\/wp\/v2\/pages\/11\/revisions"}],"predecessor-version":[{"id":247,"href":"https:\/\/www.villetta.fi\/fi\/wp-json\/wp\/v2\/pages\/11\/revisions\/247"}],"wp:featuredmedia":[{"embeddable":true,"href":"https:\/\/www.villetta.fi\/fi\/wp-json\/wp\/v2\/media\/81"}],"wp:attachment":[{"href":"https:\/\/www.villetta.fi\/fi\/wp-json\/wp\/v2\/media?parent=11"}],"curies":[{"name":"wp","href":"https:\/\/api.w.org\/{rel}","templated":true}]}}