{"id":127,"date":"2023-05-29T11:48:22","date_gmt":"2023-05-29T10:48:22","guid":{"rendered":"http:\/\/www.villetta.fi\/uusi\/?page_id=127"},"modified":"2026-01-24T10:42:11","modified_gmt":"2026-01-24T08:42:11","slug":"le-carni-liharuoat","status":"publish","type":"page","link":"https:\/\/www.villetta.fi\/fi\/menu\/le-carni-liharuoat\/","title":{"rendered":"Le carni &#8211; Liharuoat"},"content":{"rendered":"\n<figure class=\"wp-block-table is-style-stripes\"><table><tbody><tr><td>FILETTO AL PEPE VERDE<\/td><td>32,00<\/td><\/tr><tr><td>&#8211; naudan sis\u00e4filett\u00e4, kerma-valkoviinikastiketta, valkosipuliperunoita<br>&#8211; beef tenderloin, creamy white wine sauce, garlic potatoes<\/td><td><\/td><\/tr><tr><td>STRACCETTI ALLA ROMANA<\/td><td>30,00<\/td><\/tr><tr><td>&#8211; suikaloitua naudan sis\u00e4filett\u00e4, kirsikkatomaatteja, rucolaa, parmesaania ja balsamicokastiketta, ranskalaisia perunoita<br>&#8211; sliced beef tenderloin, cherry tomatoes, arugula, parmesan, and balsamic dressing served with French fries<\/td><td><\/td><\/tr><tr><td>SCALOPPINA DI POLLO AI PORCINI<\/td><td>21,00<\/td><\/tr><tr><td>&#8211; kananrintaa, kermaista herkkutattikastiketta, rosmariiniperunoita<br>&#8211; chicken breast, creamy porcini mushroom sauce, rosemary potatoes<\/td><td><\/td><\/tr><\/tbody><\/table><\/figure>\n","protected":false},"excerpt":{"rendered":"<p>FILETTO AL PEPE VERDE 32,00 &#8211; naudan sis\u00e4filett\u00e4, kerma-valkoviinikastiketta, valkosipuliperunoita&#8211; beef tenderloin, creamy white wine sauce, garlic potatoes STRACCETTI ALLA ROMANA 30,00 &#8211; suikaloitua naudan sis\u00e4filett\u00e4, kirsikkatomaatteja, rucolaa, parmesaania ja balsamicokastiketta, ranskalaisia perunoita&#8211; sliced beef tenderloin, cherry tomatoes, arugula, parmesan, and balsamic dressing served with French fries SCALOPPINA DI POLLO AI PORCINI 21,00 &#8211; kananrintaa, [&hellip;]<\/p>\n","protected":false},"author":1,"featured_media":139,"parent":73,"menu_order":0,"comment_status":"closed","ping_status":"closed","template":"","meta":{"footnotes":""},"class_list":["post-127","page","type-page","status-publish","has-post-thumbnail","hentry"],"yoast_head":"<!-- This site is optimized with the Yoast SEO plugin v23.5 - https:\/\/yoast.com\/wordpress\/plugins\/seo\/ -->\n<title>Italialainen ravintola Villetta, Helsinki - Trattoria, pihvit, h\u00e4r\u00e4nsis\u00e4fileepihvit, broilerifilee, lampaankyljykset<\/title>\n<meta name=\"description\" content=\"Pizzat, pastat. Italialainen ravintola Villetta sijaitsee Ruusulankatu 8:ssa Helsingiss\u00e4.\" \/>\n<meta name=\"robots\" content=\"index, follow, max-snippet:-1, max-image-preview:large, max-video-preview:-1\" \/>\n<link rel=\"canonical\" href=\"https:\/\/www.villetta.fi\/fi\/menu\/le-carni-liharuoat\/\" \/>\n<meta property=\"og:locale\" content=\"en_GB\" \/>\n<meta property=\"og:type\" content=\"article\" \/>\n<meta property=\"og:title\" content=\"Italialainen ravintola Villetta, Helsinki - Trattoria, pihvit, h\u00e4r\u00e4nsis\u00e4fileepihvit, broilerifilee, lampaankyljykset\" \/>\n<meta property=\"og:description\" content=\"Pizzat, pastat. Italialainen ravintola Villetta sijaitsee Ruusulankatu 8:ssa Helsingiss\u00e4.\" \/>\n<meta property=\"og:url\" content=\"https:\/\/www.villetta.fi\/fi\/menu\/le-carni-liharuoat\/\" \/>\n<meta property=\"og:site_name\" content=\"Italialainen ravintola Villetta, Helsinki\" \/>\n<meta property=\"article:publisher\" content=\"https:\/\/www.facebook.com\/RavintolaVilletta\/\" \/>\n<meta property=\"article:modified_time\" content=\"2026-01-24T08:42:11+00:00\" \/>\n<meta property=\"og:image\" content=\"https:\/\/www.villetta.fi\/fi\/wp-content\/uploads\/2023\/05\/salsiccia.jpg\" \/>\n\t<meta property=\"og:image:width\" content=\"1240\" \/>\n\t<meta property=\"og:image:height\" content=\"118\" \/>\n\t<meta property=\"og:image:type\" content=\"image\/jpeg\" \/>\n<meta name=\"twitter:card\" content=\"summary_large_image\" \/>\n<meta name=\"twitter:label1\" content=\"Estimated reading time\" \/>\n\t<meta name=\"twitter:data1\" content=\"1 minute\" \/>\n<script type=\"application\/ld+json\" class=\"yoast-schema-graph\">{\"@context\":\"https:\/\/schema.org\",\"@graph\":[{\"@type\":\"WebPage\",\"@id\":\"https:\/\/www.villetta.fi\/fi\/menu\/le-carni-liharuoat\/\",\"url\":\"https:\/\/www.villetta.fi\/fi\/menu\/le-carni-liharuoat\/\",\"name\":\"Italialainen ravintola Villetta, Helsinki - Trattoria, pihvit, h\u00e4r\u00e4nsis\u00e4fileepihvit, broilerifilee, lampaankyljykset\",\"isPartOf\":{\"@id\":\"https:\/\/www.villetta.fi\/fi\/#website\"},\"primaryImageOfPage\":{\"@id\":\"https:\/\/www.villetta.fi\/fi\/menu\/le-carni-liharuoat\/#primaryimage\"},\"image\":{\"@id\":\"https:\/\/www.villetta.fi\/fi\/menu\/le-carni-liharuoat\/#primaryimage\"},\"thumbnailUrl\":\"https:\/\/www.villetta.fi\/fi\/wp-content\/uploads\/2023\/05\/salsiccia.jpg\",\"datePublished\":\"2023-05-29T10:48:22+00:00\",\"dateModified\":\"2026-01-24T08:42:11+00:00\",\"description\":\"Pizzat, pastat. Italialainen ravintola Villetta sijaitsee Ruusulankatu 8:ssa Helsingiss\u00e4.\",\"breadcrumb\":{\"@id\":\"https:\/\/www.villetta.fi\/fi\/menu\/le-carni-liharuoat\/#breadcrumb\"},\"inLanguage\":\"en-GB\",\"potentialAction\":[{\"@type\":\"ReadAction\",\"target\":[\"https:\/\/www.villetta.fi\/fi\/menu\/le-carni-liharuoat\/\"]}]},{\"@type\":\"ImageObject\",\"inLanguage\":\"en-GB\",\"@id\":\"https:\/\/www.villetta.fi\/fi\/menu\/le-carni-liharuoat\/#primaryimage\",\"url\":\"https:\/\/www.villetta.fi\/fi\/wp-content\/uploads\/2023\/05\/salsiccia.jpg\",\"contentUrl\":\"https:\/\/www.villetta.fi\/fi\/wp-content\/uploads\/2023\/05\/salsiccia.jpg\",\"width\":1240,\"height\":118,\"caption\":\"Le Carni, salsiccia\"},{\"@type\":\"BreadcrumbList\",\"@id\":\"https:\/\/www.villetta.fi\/fi\/menu\/le-carni-liharuoat\/#breadcrumb\",\"itemListElement\":[{\"@type\":\"ListItem\",\"position\":1,\"name\":\"Home\",\"item\":\"https:\/\/www.villetta.fi\/fi\/\"},{\"@type\":\"ListItem\",\"position\":2,\"name\":\"Menu\",\"item\":\"https:\/\/www.villetta.fi\/fi\/menu\/\"},{\"@type\":\"ListItem\",\"position\":3,\"name\":\"Le carni &#8211; Liharuoat\"}]},{\"@type\":\"WebSite\",\"@id\":\"https:\/\/www.villetta.fi\/fi\/#website\",\"url\":\"https:\/\/www.villetta.fi\/fi\/\",\"name\":\"Italialainen ravintola Villetta, Helsinki\",\"description\":\"Italialainen ravintola Villetta, Helsinki\",\"publisher\":{\"@id\":\"https:\/\/www.villetta.fi\/fi\/#organization\"},\"potentialAction\":[{\"@type\":\"SearchAction\",\"target\":{\"@type\":\"EntryPoint\",\"urlTemplate\":\"https:\/\/www.villetta.fi\/fi\/?s={search_term_string}\"},\"query-input\":{\"@type\":\"PropertyValueSpecification\",\"valueRequired\":true,\"valueName\":\"search_term_string\"}}],\"inLanguage\":\"en-GB\"},{\"@type\":\"Organization\",\"@id\":\"https:\/\/www.villetta.fi\/fi\/#organization\",\"name\":\"Italialainen ravintola Villetta, Helsinki\",\"url\":\"https:\/\/www.villetta.fi\/fi\/\",\"logo\":{\"@type\":\"ImageObject\",\"inLanguage\":\"en-GB\",\"@id\":\"https:\/\/www.villetta.fi\/fi\/#\/schema\/logo\/image\/\",\"url\":\"https:\/\/www.villetta.fi\/fi\/wp-content\/uploads\/2023\/05\/logo.png\",\"contentUrl\":\"https:\/\/www.villetta.fi\/fi\/wp-content\/uploads\/2023\/05\/logo.png\",\"width\":614,\"height\":217,\"caption\":\"Italialainen ravintola Villetta, Helsinki\"},\"image\":{\"@id\":\"https:\/\/www.villetta.fi\/fi\/#\/schema\/logo\/image\/\"},\"sameAs\":[\"https:\/\/www.facebook.com\/RavintolaVilletta\/\"]}]}<\/script>\n<!-- \/ Yoast SEO plugin. -->","yoast_head_json":{"title":"Italialainen ravintola Villetta, Helsinki - Trattoria, pihvit, h\u00e4r\u00e4nsis\u00e4fileepihvit, broilerifilee, lampaankyljykset","description":"Pizzat, pastat. Italialainen ravintola Villetta sijaitsee Ruusulankatu 8:ssa Helsingiss\u00e4.","robots":{"index":"index","follow":"follow","max-snippet":"max-snippet:-1","max-image-preview":"max-image-preview:large","max-video-preview":"max-video-preview:-1"},"canonical":"https:\/\/www.villetta.fi\/fi\/menu\/le-carni-liharuoat\/","og_locale":"en_GB","og_type":"article","og_title":"Italialainen ravintola Villetta, Helsinki - Trattoria, pihvit, h\u00e4r\u00e4nsis\u00e4fileepihvit, broilerifilee, lampaankyljykset","og_description":"Pizzat, pastat. Italialainen ravintola Villetta sijaitsee Ruusulankatu 8:ssa Helsingiss\u00e4.","og_url":"https:\/\/www.villetta.fi\/fi\/menu\/le-carni-liharuoat\/","og_site_name":"Italialainen ravintola Villetta, Helsinki","article_publisher":"https:\/\/www.facebook.com\/RavintolaVilletta\/","article_modified_time":"2026-01-24T08:42:11+00:00","og_image":[{"width":1240,"height":118,"url":"https:\/\/www.villetta.fi\/fi\/wp-content\/uploads\/2023\/05\/salsiccia.jpg","type":"image\/jpeg"}],"twitter_card":"summary_large_image","twitter_misc":{"Estimated reading time":"1 minute"},"schema":{"@context":"https:\/\/schema.org","@graph":[{"@type":"WebPage","@id":"https:\/\/www.villetta.fi\/fi\/menu\/le-carni-liharuoat\/","url":"https:\/\/www.villetta.fi\/fi\/menu\/le-carni-liharuoat\/","name":"Italialainen ravintola Villetta, Helsinki - Trattoria, pihvit, h\u00e4r\u00e4nsis\u00e4fileepihvit, broilerifilee, lampaankyljykset","isPartOf":{"@id":"https:\/\/www.villetta.fi\/fi\/#website"},"primaryImageOfPage":{"@id":"https:\/\/www.villetta.fi\/fi\/menu\/le-carni-liharuoat\/#primaryimage"},"image":{"@id":"https:\/\/www.villetta.fi\/fi\/menu\/le-carni-liharuoat\/#primaryimage"},"thumbnailUrl":"https:\/\/www.villetta.fi\/fi\/wp-content\/uploads\/2023\/05\/salsiccia.jpg","datePublished":"2023-05-29T10:48:22+00:00","dateModified":"2026-01-24T08:42:11+00:00","description":"Pizzat, pastat. Italialainen ravintola Villetta sijaitsee Ruusulankatu 8:ssa Helsingiss\u00e4.","breadcrumb":{"@id":"https:\/\/www.villetta.fi\/fi\/menu\/le-carni-liharuoat\/#breadcrumb"},"inLanguage":"en-GB","potentialAction":[{"@type":"ReadAction","target":["https:\/\/www.villetta.fi\/fi\/menu\/le-carni-liharuoat\/"]}]},{"@type":"ImageObject","inLanguage":"en-GB","@id":"https:\/\/www.villetta.fi\/fi\/menu\/le-carni-liharuoat\/#primaryimage","url":"https:\/\/www.villetta.fi\/fi\/wp-content\/uploads\/2023\/05\/salsiccia.jpg","contentUrl":"https:\/\/www.villetta.fi\/fi\/wp-content\/uploads\/2023\/05\/salsiccia.jpg","width":1240,"height":118,"caption":"Le Carni, salsiccia"},{"@type":"BreadcrumbList","@id":"https:\/\/www.villetta.fi\/fi\/menu\/le-carni-liharuoat\/#breadcrumb","itemListElement":[{"@type":"ListItem","position":1,"name":"Home","item":"https:\/\/www.villetta.fi\/fi\/"},{"@type":"ListItem","position":2,"name":"Menu","item":"https:\/\/www.villetta.fi\/fi\/menu\/"},{"@type":"ListItem","position":3,"name":"Le carni &#8211; Liharuoat"}]},{"@type":"WebSite","@id":"https:\/\/www.villetta.fi\/fi\/#website","url":"https:\/\/www.villetta.fi\/fi\/","name":"Italialainen ravintola Villetta, Helsinki","description":"Italialainen ravintola Villetta, Helsinki","publisher":{"@id":"https:\/\/www.villetta.fi\/fi\/#organization"},"potentialAction":[{"@type":"SearchAction","target":{"@type":"EntryPoint","urlTemplate":"https:\/\/www.villetta.fi\/fi\/?s={search_term_string}"},"query-input":{"@type":"PropertyValueSpecification","valueRequired":true,"valueName":"search_term_string"}}],"inLanguage":"en-GB"},{"@type":"Organization","@id":"https:\/\/www.villetta.fi\/fi\/#organization","name":"Italialainen ravintola Villetta, Helsinki","url":"https:\/\/www.villetta.fi\/fi\/","logo":{"@type":"ImageObject","inLanguage":"en-GB","@id":"https:\/\/www.villetta.fi\/fi\/#\/schema\/logo\/image\/","url":"https:\/\/www.villetta.fi\/fi\/wp-content\/uploads\/2023\/05\/logo.png","contentUrl":"https:\/\/www.villetta.fi\/fi\/wp-content\/uploads\/2023\/05\/logo.png","width":614,"height":217,"caption":"Italialainen ravintola Villetta, Helsinki"},"image":{"@id":"https:\/\/www.villetta.fi\/fi\/#\/schema\/logo\/image\/"},"sameAs":["https:\/\/www.facebook.com\/RavintolaVilletta\/"]}]}},"_links":{"self":[{"href":"https:\/\/www.villetta.fi\/fi\/wp-json\/wp\/v2\/pages\/127","targetHints":{"allow":["GET"]}}],"collection":[{"href":"https:\/\/www.villetta.fi\/fi\/wp-json\/wp\/v2\/pages"}],"about":[{"href":"https:\/\/www.villetta.fi\/fi\/wp-json\/wp\/v2\/types\/page"}],"author":[{"embeddable":true,"href":"https:\/\/www.villetta.fi\/fi\/wp-json\/wp\/v2\/users\/1"}],"replies":[{"embeddable":true,"href":"https:\/\/www.villetta.fi\/fi\/wp-json\/wp\/v2\/comments?post=127"}],"version-history":[{"count":6,"href":"https:\/\/www.villetta.fi\/fi\/wp-json\/wp\/v2\/pages\/127\/revisions"}],"predecessor-version":[{"id":440,"href":"https:\/\/www.villetta.fi\/fi\/wp-json\/wp\/v2\/pages\/127\/revisions\/440"}],"up":[{"embeddable":true,"href":"https:\/\/www.villetta.fi\/fi\/wp-json\/wp\/v2\/pages\/73"}],"wp:featuredmedia":[{"embeddable":true,"href":"https:\/\/www.villetta.fi\/fi\/wp-json\/wp\/v2\/media\/139"}],"wp:attachment":[{"href":"https:\/\/www.villetta.fi\/fi\/wp-json\/wp\/v2\/media?parent=127"}],"curies":[{"name":"wp","href":"https:\/\/api.w.org\/{rel}","templated":true}]}}