{"id":146,"date":"2023-05-29T13:11:03","date_gmt":"2023-05-29T12:11:03","guid":{"rendered":"http:\/\/www.villetta.fi\/uusi\/?page_id=146"},"modified":"2026-01-24T11:05:00","modified_gmt":"2026-01-24T09:05:00","slug":"le-paste-pastaruoat","status":"publish","type":"page","link":"https:\/\/www.villetta.fi\/fi\/menu\/le-paste-pastaruoat\/","title":{"rendered":"Le Paste &#8211; Pastaruoat"},"content":{"rendered":"\n<figure class=\"wp-block-table is-style-stripes\"><table><tbody><tr><td>SPAGHETTI AI GAMBERONI<\/td><td>15,50<\/td><\/tr><tr><td>&#8211; j\u00e4ttikatkarapuja, yrttej\u00e4, valkoviini\u00e4, tomaattia, kermaa, valkosipulia<br>&#8211; black-tiger prawns, dill, chive, parsley, white wine, fresh tomatoes, cream, garlic<\/td><td><\/td><\/tr><tr><td>LASAGNA<\/td><td>14,50<\/td><\/tr><tr><td>&#8211; Villettan klassinen naudanlihalasagne<br>&#8211; Villetta\u2019s classic lasagne with Bolognese sauce<\/td><td><\/td><\/tr><tr><td>SPAGHETTI CARBONARA<\/td><td>14,00<\/td><\/tr><tr><td>&#8211; pekonia, luomukananmunaa, parmesaanijuustoa, kermaa<br>&#8211; bacon, organic eggs, parmesan cheese, cream<\/td><td><\/td><\/tr><tr><td>PASTA BOSCAIOLA<\/td><td>15,50<\/td><\/tr><tr><td>&#8211; herkkutatti-kermakastiketta, tuoremakkaraa (lug\u00e0niga), h\u00e4r\u00e4n sis\u00e4filett\u00e4, tomaattia, valkosipulia <br>&#8211; porcinis (boletus), fresh sausage, fillet of beef, cream, basil, garlic<\/td><td><\/td><\/tr><tr><td>SPAGHETTI ALLE VONGOLE<\/td><td>15,00<\/td><\/tr><tr><td>&#8211; syd\u00e4nsimpukoita, kirsikkatomaatteja, valkoviini\u00e4, valkosipulia, persiljaa<br>&#8211; cockles,fresh tomatoes, white wine, garlic, parsley<\/td><td><\/td><\/tr><tr><td>PASTA NORMA<\/td><td>14,50<\/td><\/tr><tr><td>&#8211; munakoisoa, lampaan ricottajuustoa, basilikaa, tuoretta ja aurinkokuivattua tomaattia, valkosipulia<br>&#8211; aubergines, ricotta cheese of lamb, basil, fresh and dried tomatoes, garlic<\/td><td><\/td><\/tr><tr><td>PASTA ALLA LUCIANA<\/td><td>15,00<\/td><\/tr><tr><td>&#8211; mustekalaa, oliiveja, kirsikkatomaatteja, valkoviini\u00e4, chili\u00e4, valkosipulia<br>&#8211; octopus, olives, cherry tomatoes, white wine, chili, garlic<\/td><td><\/td><\/tr><tr><td>PASTA ESTATE<\/td><td>14,00<\/td><\/tr><tr><td>&#8211; kirsikkatomaatteja, mozzarella di bufala, parmesaanijuustoa, basilikaa<br>&#8211; cherry tomatoes, mozzarella di buffala, parmesan cheese, basil<\/td><td><\/td><\/tr><tr><td>PASTA PUTTANESCA CON TONNO<\/td><td>14,50<\/td><\/tr><tr><td>&#8211; tonnikalaa, oliiveja, kaprista, anjovista, tomaattikastiketta<br>&#8211; tuna, olives, capers, Italian anjovies, tomato sauce<\/td><td><\/td><\/tr><\/tbody><\/table><\/figure>\n\n\n\n<p><strong>Kaikki pasta-annokset saatavana my\u00f6s gluteenittomana, lis\u00e4maksu 2 \u20ac.<\/strong><\/p>\n\n\n\n<p><strong>All the pasta dishes available also gluten-free, surcharge 2 \u20ac.<\/strong><\/p>\n","protected":false},"excerpt":{"rendered":"<p>SPAGHETTI AI GAMBERONI 15,50 &#8211; j\u00e4ttikatkarapuja, yrttej\u00e4, valkoviini\u00e4, tomaattia, kermaa, valkosipulia&#8211; black-tiger prawns, dill, chive, parsley, white wine, fresh tomatoes, cream, garlic LASAGNA 14,50 &#8211; Villettan klassinen naudanlihalasagne&#8211; Villetta\u2019s classic lasagne with Bolognese sauce SPAGHETTI CARBONARA 14,00 &#8211; pekonia, luomukananmunaa, parmesaanijuustoa, kermaa&#8211; bacon, organic eggs, parmesan cheese, cream PASTA BOSCAIOLA 15,50 &#8211; herkkutatti-kermakastiketta, tuoremakkaraa (lug\u00e0niga), [&hellip;]<\/p>\n","protected":false},"author":1,"featured_media":149,"parent":73,"menu_order":0,"comment_status":"closed","ping_status":"closed","template":"","meta":{"footnotes":""},"class_list":["post-146","page","type-page","status-publish","has-post-thumbnail","hentry"],"yoast_head":"<!-- This site is optimized with the Yoast SEO plugin v23.5 - https:\/\/yoast.com\/wordpress\/plugins\/seo\/ -->\n<title>Italialainen ravintola Villetta, Helsinki - Trattoria, Pastaravintola<\/title>\n<meta name=\"description\" content=\"Italialainen ravintola Villetta sijaitsee Ruusulankatu 8:ssa Helsingin T\u00f6\u00f6l\u00f6ss\u00e4. Pastaravintola.\" \/>\n<meta name=\"robots\" content=\"index, follow, max-snippet:-1, max-image-preview:large, max-video-preview:-1\" \/>\n<link rel=\"canonical\" href=\"https:\/\/www.villetta.fi\/fi\/menu\/le-paste-pastaruoat\/\" \/>\n<meta property=\"og:locale\" content=\"en_GB\" \/>\n<meta property=\"og:type\" content=\"article\" \/>\n<meta property=\"og:title\" content=\"Italialainen ravintola Villetta, Helsinki - Trattoria, Pastaravintola\" \/>\n<meta property=\"og:description\" content=\"Italialainen ravintola Villetta sijaitsee Ruusulankatu 8:ssa Helsingin T\u00f6\u00f6l\u00f6ss\u00e4. Pastaravintola.\" \/>\n<meta property=\"og:url\" content=\"https:\/\/www.villetta.fi\/fi\/menu\/le-paste-pastaruoat\/\" \/>\n<meta property=\"og:site_name\" content=\"Italialainen ravintola Villetta, Helsinki\" \/>\n<meta property=\"article:publisher\" content=\"https:\/\/www.facebook.com\/RavintolaVilletta\/\" \/>\n<meta property=\"article:modified_time\" content=\"2026-01-24T09:05:00+00:00\" \/>\n<meta property=\"og:image\" content=\"https:\/\/www.villetta.fi\/fi\/wp-content\/uploads\/2023\/05\/pasta.jpg\" \/>\n\t<meta property=\"og:image:width\" content=\"1240\" \/>\n\t<meta property=\"og:image:height\" content=\"118\" \/>\n\t<meta property=\"og:image:type\" content=\"image\/jpeg\" \/>\n<meta name=\"twitter:card\" content=\"summary_large_image\" \/>\n<meta name=\"twitter:label1\" content=\"Estimated reading time\" \/>\n\t<meta name=\"twitter:data1\" content=\"1 minute\" \/>\n<script type=\"application\/ld+json\" class=\"yoast-schema-graph\">{\"@context\":\"https:\/\/schema.org\",\"@graph\":[{\"@type\":\"WebPage\",\"@id\":\"https:\/\/www.villetta.fi\/fi\/menu\/le-paste-pastaruoat\/\",\"url\":\"https:\/\/www.villetta.fi\/fi\/menu\/le-paste-pastaruoat\/\",\"name\":\"Italialainen ravintola Villetta, Helsinki - Trattoria, Pastaravintola\",\"isPartOf\":{\"@id\":\"https:\/\/www.villetta.fi\/fi\/#website\"},\"primaryImageOfPage\":{\"@id\":\"https:\/\/www.villetta.fi\/fi\/menu\/le-paste-pastaruoat\/#primaryimage\"},\"image\":{\"@id\":\"https:\/\/www.villetta.fi\/fi\/menu\/le-paste-pastaruoat\/#primaryimage\"},\"thumbnailUrl\":\"https:\/\/www.villetta.fi\/fi\/wp-content\/uploads\/2023\/05\/pasta.jpg\",\"datePublished\":\"2023-05-29T12:11:03+00:00\",\"dateModified\":\"2026-01-24T09:05:00+00:00\",\"description\":\"Italialainen ravintola Villetta sijaitsee Ruusulankatu 8:ssa Helsingin T\u00f6\u00f6l\u00f6ss\u00e4. Pastaravintola.\",\"breadcrumb\":{\"@id\":\"https:\/\/www.villetta.fi\/fi\/menu\/le-paste-pastaruoat\/#breadcrumb\"},\"inLanguage\":\"en-GB\",\"potentialAction\":[{\"@type\":\"ReadAction\",\"target\":[\"https:\/\/www.villetta.fi\/fi\/menu\/le-paste-pastaruoat\/\"]}]},{\"@type\":\"ImageObject\",\"inLanguage\":\"en-GB\",\"@id\":\"https:\/\/www.villetta.fi\/fi\/menu\/le-paste-pastaruoat\/#primaryimage\",\"url\":\"https:\/\/www.villetta.fi\/fi\/wp-content\/uploads\/2023\/05\/pasta.jpg\",\"contentUrl\":\"https:\/\/www.villetta.fi\/fi\/wp-content\/uploads\/2023\/05\/pasta.jpg\",\"width\":1240,\"height\":118,\"caption\":\"Le Pasta\"},{\"@type\":\"BreadcrumbList\",\"@id\":\"https:\/\/www.villetta.fi\/fi\/menu\/le-paste-pastaruoat\/#breadcrumb\",\"itemListElement\":[{\"@type\":\"ListItem\",\"position\":1,\"name\":\"Home\",\"item\":\"https:\/\/www.villetta.fi\/fi\/\"},{\"@type\":\"ListItem\",\"position\":2,\"name\":\"Menu\",\"item\":\"https:\/\/www.villetta.fi\/fi\/menu\/\"},{\"@type\":\"ListItem\",\"position\":3,\"name\":\"Le Paste &#8211; Pastaruoat\"}]},{\"@type\":\"WebSite\",\"@id\":\"https:\/\/www.villetta.fi\/fi\/#website\",\"url\":\"https:\/\/www.villetta.fi\/fi\/\",\"name\":\"Italialainen ravintola Villetta, Helsinki\",\"description\":\"Italialainen ravintola Villetta, Helsinki\",\"publisher\":{\"@id\":\"https:\/\/www.villetta.fi\/fi\/#organization\"},\"potentialAction\":[{\"@type\":\"SearchAction\",\"target\":{\"@type\":\"EntryPoint\",\"urlTemplate\":\"https:\/\/www.villetta.fi\/fi\/?s={search_term_string}\"},\"query-input\":{\"@type\":\"PropertyValueSpecification\",\"valueRequired\":true,\"valueName\":\"search_term_string\"}}],\"inLanguage\":\"en-GB\"},{\"@type\":\"Organization\",\"@id\":\"https:\/\/www.villetta.fi\/fi\/#organization\",\"name\":\"Italialainen ravintola Villetta, Helsinki\",\"url\":\"https:\/\/www.villetta.fi\/fi\/\",\"logo\":{\"@type\":\"ImageObject\",\"inLanguage\":\"en-GB\",\"@id\":\"https:\/\/www.villetta.fi\/fi\/#\/schema\/logo\/image\/\",\"url\":\"https:\/\/www.villetta.fi\/fi\/wp-content\/uploads\/2023\/05\/logo.png\",\"contentUrl\":\"https:\/\/www.villetta.fi\/fi\/wp-content\/uploads\/2023\/05\/logo.png\",\"width\":614,\"height\":217,\"caption\":\"Italialainen ravintola Villetta, Helsinki\"},\"image\":{\"@id\":\"https:\/\/www.villetta.fi\/fi\/#\/schema\/logo\/image\/\"},\"sameAs\":[\"https:\/\/www.facebook.com\/RavintolaVilletta\/\"]}]}<\/script>\n<!-- \/ Yoast SEO plugin. -->","yoast_head_json":{"title":"Italialainen ravintola Villetta, Helsinki - Trattoria, Pastaravintola","description":"Italialainen ravintola Villetta sijaitsee Ruusulankatu 8:ssa Helsingin T\u00f6\u00f6l\u00f6ss\u00e4. Pastaravintola.","robots":{"index":"index","follow":"follow","max-snippet":"max-snippet:-1","max-image-preview":"max-image-preview:large","max-video-preview":"max-video-preview:-1"},"canonical":"https:\/\/www.villetta.fi\/fi\/menu\/le-paste-pastaruoat\/","og_locale":"en_GB","og_type":"article","og_title":"Italialainen ravintola Villetta, Helsinki - Trattoria, Pastaravintola","og_description":"Italialainen ravintola Villetta sijaitsee Ruusulankatu 8:ssa Helsingin T\u00f6\u00f6l\u00f6ss\u00e4. Pastaravintola.","og_url":"https:\/\/www.villetta.fi\/fi\/menu\/le-paste-pastaruoat\/","og_site_name":"Italialainen ravintola Villetta, Helsinki","article_publisher":"https:\/\/www.facebook.com\/RavintolaVilletta\/","article_modified_time":"2026-01-24T09:05:00+00:00","og_image":[{"width":1240,"height":118,"url":"https:\/\/www.villetta.fi\/fi\/wp-content\/uploads\/2023\/05\/pasta.jpg","type":"image\/jpeg"}],"twitter_card":"summary_large_image","twitter_misc":{"Estimated reading time":"1 minute"},"schema":{"@context":"https:\/\/schema.org","@graph":[{"@type":"WebPage","@id":"https:\/\/www.villetta.fi\/fi\/menu\/le-paste-pastaruoat\/","url":"https:\/\/www.villetta.fi\/fi\/menu\/le-paste-pastaruoat\/","name":"Italialainen ravintola Villetta, Helsinki - Trattoria, Pastaravintola","isPartOf":{"@id":"https:\/\/www.villetta.fi\/fi\/#website"},"primaryImageOfPage":{"@id":"https:\/\/www.villetta.fi\/fi\/menu\/le-paste-pastaruoat\/#primaryimage"},"image":{"@id":"https:\/\/www.villetta.fi\/fi\/menu\/le-paste-pastaruoat\/#primaryimage"},"thumbnailUrl":"https:\/\/www.villetta.fi\/fi\/wp-content\/uploads\/2023\/05\/pasta.jpg","datePublished":"2023-05-29T12:11:03+00:00","dateModified":"2026-01-24T09:05:00+00:00","description":"Italialainen ravintola Villetta sijaitsee Ruusulankatu 8:ssa Helsingin T\u00f6\u00f6l\u00f6ss\u00e4. Pastaravintola.","breadcrumb":{"@id":"https:\/\/www.villetta.fi\/fi\/menu\/le-paste-pastaruoat\/#breadcrumb"},"inLanguage":"en-GB","potentialAction":[{"@type":"ReadAction","target":["https:\/\/www.villetta.fi\/fi\/menu\/le-paste-pastaruoat\/"]}]},{"@type":"ImageObject","inLanguage":"en-GB","@id":"https:\/\/www.villetta.fi\/fi\/menu\/le-paste-pastaruoat\/#primaryimage","url":"https:\/\/www.villetta.fi\/fi\/wp-content\/uploads\/2023\/05\/pasta.jpg","contentUrl":"https:\/\/www.villetta.fi\/fi\/wp-content\/uploads\/2023\/05\/pasta.jpg","width":1240,"height":118,"caption":"Le Pasta"},{"@type":"BreadcrumbList","@id":"https:\/\/www.villetta.fi\/fi\/menu\/le-paste-pastaruoat\/#breadcrumb","itemListElement":[{"@type":"ListItem","position":1,"name":"Home","item":"https:\/\/www.villetta.fi\/fi\/"},{"@type":"ListItem","position":2,"name":"Menu","item":"https:\/\/www.villetta.fi\/fi\/menu\/"},{"@type":"ListItem","position":3,"name":"Le Paste &#8211; Pastaruoat"}]},{"@type":"WebSite","@id":"https:\/\/www.villetta.fi\/fi\/#website","url":"https:\/\/www.villetta.fi\/fi\/","name":"Italialainen ravintola Villetta, Helsinki","description":"Italialainen ravintola Villetta, Helsinki","publisher":{"@id":"https:\/\/www.villetta.fi\/fi\/#organization"},"potentialAction":[{"@type":"SearchAction","target":{"@type":"EntryPoint","urlTemplate":"https:\/\/www.villetta.fi\/fi\/?s={search_term_string}"},"query-input":{"@type":"PropertyValueSpecification","valueRequired":true,"valueName":"search_term_string"}}],"inLanguage":"en-GB"},{"@type":"Organization","@id":"https:\/\/www.villetta.fi\/fi\/#organization","name":"Italialainen ravintola Villetta, Helsinki","url":"https:\/\/www.villetta.fi\/fi\/","logo":{"@type":"ImageObject","inLanguage":"en-GB","@id":"https:\/\/www.villetta.fi\/fi\/#\/schema\/logo\/image\/","url":"https:\/\/www.villetta.fi\/fi\/wp-content\/uploads\/2023\/05\/logo.png","contentUrl":"https:\/\/www.villetta.fi\/fi\/wp-content\/uploads\/2023\/05\/logo.png","width":614,"height":217,"caption":"Italialainen ravintola Villetta, Helsinki"},"image":{"@id":"https:\/\/www.villetta.fi\/fi\/#\/schema\/logo\/image\/"},"sameAs":["https:\/\/www.facebook.com\/RavintolaVilletta\/"]}]}},"_links":{"self":[{"href":"https:\/\/www.villetta.fi\/fi\/wp-json\/wp\/v2\/pages\/146","targetHints":{"allow":["GET"]}}],"collection":[{"href":"https:\/\/www.villetta.fi\/fi\/wp-json\/wp\/v2\/pages"}],"about":[{"href":"https:\/\/www.villetta.fi\/fi\/wp-json\/wp\/v2\/types\/page"}],"author":[{"embeddable":true,"href":"https:\/\/www.villetta.fi\/fi\/wp-json\/wp\/v2\/users\/1"}],"replies":[{"embeddable":true,"href":"https:\/\/www.villetta.fi\/fi\/wp-json\/wp\/v2\/comments?post=146"}],"version-history":[{"count":5,"href":"https:\/\/www.villetta.fi\/fi\/wp-json\/wp\/v2\/pages\/146\/revisions"}],"predecessor-version":[{"id":451,"href":"https:\/\/www.villetta.fi\/fi\/wp-json\/wp\/v2\/pages\/146\/revisions\/451"}],"up":[{"embeddable":true,"href":"https:\/\/www.villetta.fi\/fi\/wp-json\/wp\/v2\/pages\/73"}],"wp:featuredmedia":[{"embeddable":true,"href":"https:\/\/www.villetta.fi\/fi\/wp-json\/wp\/v2\/media\/149"}],"wp:attachment":[{"href":"https:\/\/www.villetta.fi\/fi\/wp-json\/wp\/v2\/media?parent=146"}],"curies":[{"name":"wp","href":"https:\/\/api.w.org\/{rel}","templated":true}]}}