{"id":152,"date":"2023-05-29T13:18:28","date_gmt":"2023-05-29T12:18:28","guid":{"rendered":"http:\/\/www.villetta.fi\/uusi\/?page_id=152"},"modified":"2026-01-24T10:55:32","modified_gmt":"2026-01-24T08:55:32","slug":"i-risotti-risotot","status":"publish","type":"page","link":"https:\/\/www.villetta.fi\/fi\/menu\/i-risotti-risotot\/","title":{"rendered":"I risotti \u2013 Risotot"},"content":{"rendered":"\n<figure class=\"wp-block-table is-style-stripes\"><table><tbody><tr><td>RISOTTO AI PORCINI CON NOCI E GORGONZOLA<\/td><td>16,00<\/td><\/tr><tr><td>&#8211; kermaista herkkutattikastiketta, p\u00e4hkin\u00e4\u00e4, grillattua kes\u00e4kurpitsaa, gorgonzolajuustoa<br>&#8211; porcinis (boletus), cream, nuts, zucchini, gorgonzola cheese<\/td><td><\/td><\/tr><tr><td>RISOTTO ALLA BARBABIETOLA ROSSA<\/td><td>15,50<\/td><\/tr><tr><td>&#8211; punajuurta, rucolaa, grillattuja herkkusieni\u00e4, parmesaanijuustoa<br>&#8211; beetroot, rucola, grilled mushrooms, parmesan cheese<\/td><td><\/td><\/tr><tr><td>RISOTTO SALMONE E GAMBERETTI<\/td><td>16,50<\/td><\/tr><tr><td>&#8211; kylm\u00e4savustettua lohta, katkarapuja, kermaa, valkoviini\u00e4<br>&#8211; cold smoked salmon, prawns, cream, white wine<\/td><td><\/td><\/tr><\/tbody><\/table><\/figure>\n","protected":false},"excerpt":{"rendered":"<p>RISOTTO AI PORCINI CON NOCI E GORGONZOLA 16,00 &#8211; kermaista herkkutattikastiketta, p\u00e4hkin\u00e4\u00e4, grillattua kes\u00e4kurpitsaa, gorgonzolajuustoa&#8211; porcinis (boletus), cream, nuts, zucchini, gorgonzola cheese RISOTTO ALLA BARBABIETOLA ROSSA 15,50 &#8211; punajuurta, rucolaa, grillattuja herkkusieni\u00e4, parmesaanijuustoa&#8211; beetroot, rucola, grilled mushrooms, parmesan cheese RISOTTO SALMONE E GAMBERETTI 16,50 &#8211; kylm\u00e4savustettua lohta, katkarapuja, kermaa, valkoviini\u00e4&#8211; cold smoked salmon, prawns, cream, [&hellip;]<\/p>\n","protected":false},"author":1,"featured_media":0,"parent":73,"menu_order":0,"comment_status":"closed","ping_status":"closed","template":"","meta":{"footnotes":""},"class_list":["post-152","page","type-page","status-publish","hentry"],"yoast_head":"<!-- This site is optimized with the Yoast SEO plugin v23.5 - https:\/\/yoast.com\/wordpress\/plugins\/seo\/ -->\n<title>Italialainen ravintola Villetta, Helsinki - Trattoria, I risotti \u2013 Risotot<\/title>\n<meta name=\"description\" content=\"Italialainen ravintola Villetta sijaitsee Ruusulankatu 8:ssa Helsingin T\u00f6\u00f6l\u00f6ss\u00e4. Risotot, pastat ja pitsat.\" \/>\n<meta name=\"robots\" content=\"index, follow, max-snippet:-1, max-image-preview:large, max-video-preview:-1\" \/>\n<link rel=\"canonical\" href=\"https:\/\/www.villetta.fi\/fi\/menu\/i-risotti-risotot\/\" \/>\n<meta property=\"og:locale\" content=\"en_GB\" \/>\n<meta property=\"og:type\" content=\"article\" \/>\n<meta property=\"og:title\" content=\"Italialainen ravintola Villetta, Helsinki - Trattoria, I risotti \u2013 Risotot\" \/>\n<meta property=\"og:description\" content=\"Italialainen ravintola Villetta sijaitsee Ruusulankatu 8:ssa Helsingin T\u00f6\u00f6l\u00f6ss\u00e4. Risotot, pastat ja pitsat.\" \/>\n<meta property=\"og:url\" content=\"https:\/\/www.villetta.fi\/fi\/menu\/i-risotti-risotot\/\" \/>\n<meta property=\"og:site_name\" content=\"Italialainen ravintola Villetta, Helsinki\" \/>\n<meta property=\"article:publisher\" content=\"https:\/\/www.facebook.com\/RavintolaVilletta\/\" \/>\n<meta property=\"article:modified_time\" content=\"2026-01-24T08:55:32+00:00\" \/>\n<meta name=\"twitter:card\" content=\"summary_large_image\" \/>\n<meta name=\"twitter:label1\" content=\"Estimated reading time\" \/>\n\t<meta name=\"twitter:data1\" content=\"1 minute\" \/>\n<script type=\"application\/ld+json\" class=\"yoast-schema-graph\">{\"@context\":\"https:\/\/schema.org\",\"@graph\":[{\"@type\":\"WebPage\",\"@id\":\"https:\/\/www.villetta.fi\/fi\/menu\/i-risotti-risotot\/\",\"url\":\"https:\/\/www.villetta.fi\/fi\/menu\/i-risotti-risotot\/\",\"name\":\"Italialainen ravintola Villetta, Helsinki - Trattoria, I risotti \u2013 Risotot\",\"isPartOf\":{\"@id\":\"https:\/\/www.villetta.fi\/fi\/#website\"},\"datePublished\":\"2023-05-29T12:18:28+00:00\",\"dateModified\":\"2026-01-24T08:55:32+00:00\",\"description\":\"Italialainen ravintola Villetta sijaitsee Ruusulankatu 8:ssa Helsingin T\u00f6\u00f6l\u00f6ss\u00e4. Risotot, pastat ja pitsat.\",\"breadcrumb\":{\"@id\":\"https:\/\/www.villetta.fi\/fi\/menu\/i-risotti-risotot\/#breadcrumb\"},\"inLanguage\":\"en-GB\",\"potentialAction\":[{\"@type\":\"ReadAction\",\"target\":[\"https:\/\/www.villetta.fi\/fi\/menu\/i-risotti-risotot\/\"]}]},{\"@type\":\"BreadcrumbList\",\"@id\":\"https:\/\/www.villetta.fi\/fi\/menu\/i-risotti-risotot\/#breadcrumb\",\"itemListElement\":[{\"@type\":\"ListItem\",\"position\":1,\"name\":\"Home\",\"item\":\"https:\/\/www.villetta.fi\/fi\/\"},{\"@type\":\"ListItem\",\"position\":2,\"name\":\"Menu\",\"item\":\"https:\/\/www.villetta.fi\/fi\/menu\/\"},{\"@type\":\"ListItem\",\"position\":3,\"name\":\"I risotti \u2013 Risotot\"}]},{\"@type\":\"WebSite\",\"@id\":\"https:\/\/www.villetta.fi\/fi\/#website\",\"url\":\"https:\/\/www.villetta.fi\/fi\/\",\"name\":\"Italialainen ravintola Villetta, Helsinki\",\"description\":\"Italialainen ravintola Villetta, Helsinki\",\"publisher\":{\"@id\":\"https:\/\/www.villetta.fi\/fi\/#organization\"},\"potentialAction\":[{\"@type\":\"SearchAction\",\"target\":{\"@type\":\"EntryPoint\",\"urlTemplate\":\"https:\/\/www.villetta.fi\/fi\/?s={search_term_string}\"},\"query-input\":{\"@type\":\"PropertyValueSpecification\",\"valueRequired\":true,\"valueName\":\"search_term_string\"}}],\"inLanguage\":\"en-GB\"},{\"@type\":\"Organization\",\"@id\":\"https:\/\/www.villetta.fi\/fi\/#organization\",\"name\":\"Italialainen ravintola Villetta, Helsinki\",\"url\":\"https:\/\/www.villetta.fi\/fi\/\",\"logo\":{\"@type\":\"ImageObject\",\"inLanguage\":\"en-GB\",\"@id\":\"https:\/\/www.villetta.fi\/fi\/#\/schema\/logo\/image\/\",\"url\":\"https:\/\/www.villetta.fi\/fi\/wp-content\/uploads\/2023\/05\/logo.png\",\"contentUrl\":\"https:\/\/www.villetta.fi\/fi\/wp-content\/uploads\/2023\/05\/logo.png\",\"width\":614,\"height\":217,\"caption\":\"Italialainen ravintola Villetta, Helsinki\"},\"image\":{\"@id\":\"https:\/\/www.villetta.fi\/fi\/#\/schema\/logo\/image\/\"},\"sameAs\":[\"https:\/\/www.facebook.com\/RavintolaVilletta\/\"]}]}<\/script>\n<!-- \/ Yoast SEO plugin. -->","yoast_head_json":{"title":"Italialainen ravintola Villetta, Helsinki - Trattoria, I risotti \u2013 Risotot","description":"Italialainen ravintola Villetta sijaitsee Ruusulankatu 8:ssa Helsingin T\u00f6\u00f6l\u00f6ss\u00e4. Risotot, pastat ja pitsat.","robots":{"index":"index","follow":"follow","max-snippet":"max-snippet:-1","max-image-preview":"max-image-preview:large","max-video-preview":"max-video-preview:-1"},"canonical":"https:\/\/www.villetta.fi\/fi\/menu\/i-risotti-risotot\/","og_locale":"en_GB","og_type":"article","og_title":"Italialainen ravintola Villetta, Helsinki - Trattoria, I risotti \u2013 Risotot","og_description":"Italialainen ravintola Villetta sijaitsee Ruusulankatu 8:ssa Helsingin T\u00f6\u00f6l\u00f6ss\u00e4. Risotot, pastat ja pitsat.","og_url":"https:\/\/www.villetta.fi\/fi\/menu\/i-risotti-risotot\/","og_site_name":"Italialainen ravintola Villetta, Helsinki","article_publisher":"https:\/\/www.facebook.com\/RavintolaVilletta\/","article_modified_time":"2026-01-24T08:55:32+00:00","twitter_card":"summary_large_image","twitter_misc":{"Estimated reading time":"1 minute"},"schema":{"@context":"https:\/\/schema.org","@graph":[{"@type":"WebPage","@id":"https:\/\/www.villetta.fi\/fi\/menu\/i-risotti-risotot\/","url":"https:\/\/www.villetta.fi\/fi\/menu\/i-risotti-risotot\/","name":"Italialainen ravintola Villetta, Helsinki - Trattoria, I risotti \u2013 Risotot","isPartOf":{"@id":"https:\/\/www.villetta.fi\/fi\/#website"},"datePublished":"2023-05-29T12:18:28+00:00","dateModified":"2026-01-24T08:55:32+00:00","description":"Italialainen ravintola Villetta sijaitsee Ruusulankatu 8:ssa Helsingin T\u00f6\u00f6l\u00f6ss\u00e4. Risotot, pastat ja pitsat.","breadcrumb":{"@id":"https:\/\/www.villetta.fi\/fi\/menu\/i-risotti-risotot\/#breadcrumb"},"inLanguage":"en-GB","potentialAction":[{"@type":"ReadAction","target":["https:\/\/www.villetta.fi\/fi\/menu\/i-risotti-risotot\/"]}]},{"@type":"BreadcrumbList","@id":"https:\/\/www.villetta.fi\/fi\/menu\/i-risotti-risotot\/#breadcrumb","itemListElement":[{"@type":"ListItem","position":1,"name":"Home","item":"https:\/\/www.villetta.fi\/fi\/"},{"@type":"ListItem","position":2,"name":"Menu","item":"https:\/\/www.villetta.fi\/fi\/menu\/"},{"@type":"ListItem","position":3,"name":"I risotti \u2013 Risotot"}]},{"@type":"WebSite","@id":"https:\/\/www.villetta.fi\/fi\/#website","url":"https:\/\/www.villetta.fi\/fi\/","name":"Italialainen ravintola Villetta, Helsinki","description":"Italialainen ravintola Villetta, Helsinki","publisher":{"@id":"https:\/\/www.villetta.fi\/fi\/#organization"},"potentialAction":[{"@type":"SearchAction","target":{"@type":"EntryPoint","urlTemplate":"https:\/\/www.villetta.fi\/fi\/?s={search_term_string}"},"query-input":{"@type":"PropertyValueSpecification","valueRequired":true,"valueName":"search_term_string"}}],"inLanguage":"en-GB"},{"@type":"Organization","@id":"https:\/\/www.villetta.fi\/fi\/#organization","name":"Italialainen ravintola Villetta, Helsinki","url":"https:\/\/www.villetta.fi\/fi\/","logo":{"@type":"ImageObject","inLanguage":"en-GB","@id":"https:\/\/www.villetta.fi\/fi\/#\/schema\/logo\/image\/","url":"https:\/\/www.villetta.fi\/fi\/wp-content\/uploads\/2023\/05\/logo.png","contentUrl":"https:\/\/www.villetta.fi\/fi\/wp-content\/uploads\/2023\/05\/logo.png","width":614,"height":217,"caption":"Italialainen ravintola Villetta, Helsinki"},"image":{"@id":"https:\/\/www.villetta.fi\/fi\/#\/schema\/logo\/image\/"},"sameAs":["https:\/\/www.facebook.com\/RavintolaVilletta\/"]}]}},"_links":{"self":[{"href":"https:\/\/www.villetta.fi\/fi\/wp-json\/wp\/v2\/pages\/152","targetHints":{"allow":["GET"]}}],"collection":[{"href":"https:\/\/www.villetta.fi\/fi\/wp-json\/wp\/v2\/pages"}],"about":[{"href":"https:\/\/www.villetta.fi\/fi\/wp-json\/wp\/v2\/types\/page"}],"author":[{"embeddable":true,"href":"https:\/\/www.villetta.fi\/fi\/wp-json\/wp\/v2\/users\/1"}],"replies":[{"embeddable":true,"href":"https:\/\/www.villetta.fi\/fi\/wp-json\/wp\/v2\/comments?post=152"}],"version-history":[{"count":7,"href":"https:\/\/www.villetta.fi\/fi\/wp-json\/wp\/v2\/pages\/152\/revisions"}],"predecessor-version":[{"id":447,"href":"https:\/\/www.villetta.fi\/fi\/wp-json\/wp\/v2\/pages\/152\/revisions\/447"}],"up":[{"embeddable":true,"href":"https:\/\/www.villetta.fi\/fi\/wp-json\/wp\/v2\/pages\/73"}],"wp:attachment":[{"href":"https:\/\/www.villetta.fi\/fi\/wp-json\/wp\/v2\/media?parent=152"}],"curies":[{"name":"wp","href":"https:\/\/api.w.org\/{rel}","templated":true}]}}