{"id":172,"date":"2023-05-30T08:11:56","date_gmt":"2023-05-30T07:11:56","guid":{"rendered":"https:\/\/www.villetta.fi\/uusi\/?page_id=172"},"modified":"2026-01-24T10:44:02","modified_gmt":"2026-01-24T08:44:02","slug":"gli-antipasti-alkuruoat","status":"publish","type":"page","link":"https:\/\/www.villetta.fi\/fi\/menu\/gli-antipasti-alkuruoat\/","title":{"rendered":"Gli antipasti \u2013 Alkuruoat"},"content":{"rendered":"\n<figure class=\"wp-block-table is-style-stripes\"><table><tbody><tr><td><\/td><td>1:lle&nbsp;\/&nbsp;for&nbsp;1<\/td><td>2:lle&nbsp;\/&nbsp;for&nbsp;2<\/td><\/tr><tr><td>BRUSCHETTA DELLA CASA<\/td><td>6,50<\/td><td>11,00<\/td><\/tr><tr><td>&#8211; paahdettua leip\u00e4\u00e4, tomaattia, sipulia, oreganoa, pestoa<br>&#8211; toasted bread, tomato, onion, pesto<\/td><td><\/td><td><\/td><\/tr><tr><td>PIZZETTA ALL&#8217;AGLIO<\/td><td>6,00<\/td><td><\/td><\/tr><tr><td>&#8211; pikkupizza, valkosipulia, oreganoa, oliivi\u00f6ljy\u00e4, aromisuolaa<br>&#8211; garlic bread, oregano, olive oil, aromatic salt<\/td><td><\/td><td><\/td><\/tr><tr><td>COCKTAIL DI GAMBERONI<\/td><td>11,00<\/td><td><\/td><\/tr><tr><td>&#8211; j\u00e4ttikatkarapuja, salsa rosa<br>&#8211; prawn cocktail with salsa rosa<\/td><td><\/td><td><\/td><\/tr><tr><td>ANTIPASTO DELLA CASA<\/td><td>11,00<\/td><td>20,00<\/td><\/tr><tr><td>&#8211; puhvelinmaidosta valmistettua mozzarellaa, parmankinkkua, italialaista salamia, oliiveja<br>&#8211; mozzarella di bufala cheese, Parma ham, Italian salami, olives<\/td><td><\/td><td><\/td><\/tr><tr><td>ANTIPASTO TERRA MIA<\/td><td>9,50<\/td><td>16,50<\/td><\/tr><tr><td>&#8211; grillattua kes\u00e4kurpitsaa, munakoisoa, herkkusieni\u00e4 ja paprikaa<br>&#8211; grilled zucchini, eggplant, mushrooms and peppers<\/td><td><\/td><td><\/td><\/tr><\/tbody><\/table><\/figure>\n\n\n\n<h2 class=\"wp-block-heading\">Gli aperitivi &#8211; Aperitiivit<\/h2>\n\n\n\n<p><\/p>\n\n\n\n<figure class=\"wp-block-table is-style-stripes\"><table><tbody><tr><td><\/td><td><\/td><td><\/td><td><\/td><td><\/td><td>pullo<\/td><\/tr><tr><td>PROSECCO Chardonnay Spumante Brut (Veneto)<\/td><td>7,00<\/td><td><\/td><td><\/td><td><\/td><td>36,00<\/td><\/tr><tr><td>APEROL SPRITZ<\/td><td>10,00<\/td><td><\/td><td><\/td><td><\/td><td><\/td><\/tr><tr><td>MARTINI Rosso<\/td><td>7,00 (8 cl)<\/td><td><\/td><td><\/td><td><\/td><td><\/td><\/tr><tr><td>MARTINI Bianco<\/td><td>7,00 (8&nbsp;cl)<\/td><td><\/td><td><\/td><td><\/td><td><\/td><\/tr><tr><td>MARTINI Dry<\/td><td>7,00 (8&nbsp;cl)<\/td><td><\/td><td><\/td><td><\/td><td><\/td><\/tr><tr><td>CAMPARI Bitter<\/td><td>7,50&nbsp;(4&nbsp;cl)<\/td><td><\/td><td><\/td><td><\/td><td><\/td><\/tr><\/tbody><\/table><\/figure>\n","protected":false},"excerpt":{"rendered":"<p>1:lle&nbsp;\/&nbsp;for&nbsp;1 2:lle&nbsp;\/&nbsp;for&nbsp;2 BRUSCHETTA DELLA CASA 6,50 11,00 &#8211; paahdettua leip\u00e4\u00e4, tomaattia, sipulia, oreganoa, pestoa&#8211; toasted bread, tomato, onion, pesto PIZZETTA ALL&#8217;AGLIO 6,00 &#8211; pikkupizza, valkosipulia, oreganoa, oliivi\u00f6ljy\u00e4, aromisuolaa&#8211; garlic bread, oregano, olive oil, aromatic salt COCKTAIL DI GAMBERONI 11,00 &#8211; j\u00e4ttikatkarapuja, salsa rosa&#8211; prawn cocktail with salsa rosa ANTIPASTO DELLA CASA 11,00 20,00 &#8211; puhvelinmaidosta [&hellip;]<\/p>\n","protected":false},"author":1,"featured_media":0,"parent":73,"menu_order":0,"comment_status":"closed","ping_status":"closed","template":"","meta":{"footnotes":""},"class_list":["post-172","page","type-page","status-publish","hentry"],"yoast_head":"<!-- This site is optimized with the Yoast SEO plugin v23.5 - https:\/\/yoast.com\/wordpress\/plugins\/seo\/ -->\n<title>Italialainen ravintola Villetta, Helsinki - Antipasti, alkuruoat<\/title>\n<meta name=\"description\" content=\"Antipasti, alkuruoat. Italialainen ravintola Villetta sijaitsee Ruusulankatu 8:ssa Helsingiss\u00e4\" \/>\n<meta name=\"robots\" content=\"index, follow, max-snippet:-1, max-image-preview:large, max-video-preview:-1\" \/>\n<link rel=\"canonical\" href=\"https:\/\/www.villetta.fi\/fi\/menu\/gli-antipasti-alkuruoat\/\" \/>\n<meta property=\"og:locale\" content=\"en_GB\" \/>\n<meta property=\"og:type\" content=\"article\" \/>\n<meta property=\"og:title\" content=\"Italialainen ravintola Villetta, Helsinki - Antipasti, alkuruoat\" \/>\n<meta property=\"og:description\" content=\"Antipasti, alkuruoat. Italialainen ravintola Villetta sijaitsee Ruusulankatu 8:ssa Helsingiss\u00e4\" \/>\n<meta property=\"og:url\" content=\"https:\/\/www.villetta.fi\/fi\/menu\/gli-antipasti-alkuruoat\/\" \/>\n<meta property=\"og:site_name\" content=\"Italialainen ravintola Villetta, Helsinki\" \/>\n<meta property=\"article:publisher\" content=\"https:\/\/www.facebook.com\/RavintolaVilletta\/\" \/>\n<meta property=\"article:modified_time\" content=\"2026-01-24T08:44:02+00:00\" \/>\n<meta name=\"twitter:card\" content=\"summary_large_image\" \/>\n<meta name=\"twitter:label1\" content=\"Estimated reading time\" \/>\n\t<meta name=\"twitter:data1\" content=\"1 minute\" \/>\n<script type=\"application\/ld+json\" class=\"yoast-schema-graph\">{\"@context\":\"https:\/\/schema.org\",\"@graph\":[{\"@type\":\"WebPage\",\"@id\":\"https:\/\/www.villetta.fi\/fi\/menu\/gli-antipasti-alkuruoat\/\",\"url\":\"https:\/\/www.villetta.fi\/fi\/menu\/gli-antipasti-alkuruoat\/\",\"name\":\"Italialainen ravintola Villetta, Helsinki - Antipasti, alkuruoat\",\"isPartOf\":{\"@id\":\"https:\/\/www.villetta.fi\/fi\/#website\"},\"datePublished\":\"2023-05-30T07:11:56+00:00\",\"dateModified\":\"2026-01-24T08:44:02+00:00\",\"description\":\"Antipasti, alkuruoat. Italialainen ravintola Villetta sijaitsee Ruusulankatu 8:ssa Helsingiss\u00e4\",\"breadcrumb\":{\"@id\":\"https:\/\/www.villetta.fi\/fi\/menu\/gli-antipasti-alkuruoat\/#breadcrumb\"},\"inLanguage\":\"en-GB\",\"potentialAction\":[{\"@type\":\"ReadAction\",\"target\":[\"https:\/\/www.villetta.fi\/fi\/menu\/gli-antipasti-alkuruoat\/\"]}]},{\"@type\":\"BreadcrumbList\",\"@id\":\"https:\/\/www.villetta.fi\/fi\/menu\/gli-antipasti-alkuruoat\/#breadcrumb\",\"itemListElement\":[{\"@type\":\"ListItem\",\"position\":1,\"name\":\"Home\",\"item\":\"https:\/\/www.villetta.fi\/fi\/\"},{\"@type\":\"ListItem\",\"position\":2,\"name\":\"Menu\",\"item\":\"https:\/\/www.villetta.fi\/fi\/menu\/\"},{\"@type\":\"ListItem\",\"position\":3,\"name\":\"Gli antipasti \u2013 Alkuruoat\"}]},{\"@type\":\"WebSite\",\"@id\":\"https:\/\/www.villetta.fi\/fi\/#website\",\"url\":\"https:\/\/www.villetta.fi\/fi\/\",\"name\":\"Italialainen ravintola Villetta, Helsinki\",\"description\":\"Italialainen ravintola Villetta, Helsinki\",\"publisher\":{\"@id\":\"https:\/\/www.villetta.fi\/fi\/#organization\"},\"potentialAction\":[{\"@type\":\"SearchAction\",\"target\":{\"@type\":\"EntryPoint\",\"urlTemplate\":\"https:\/\/www.villetta.fi\/fi\/?s={search_term_string}\"},\"query-input\":{\"@type\":\"PropertyValueSpecification\",\"valueRequired\":true,\"valueName\":\"search_term_string\"}}],\"inLanguage\":\"en-GB\"},{\"@type\":\"Organization\",\"@id\":\"https:\/\/www.villetta.fi\/fi\/#organization\",\"name\":\"Italialainen ravintola Villetta, Helsinki\",\"url\":\"https:\/\/www.villetta.fi\/fi\/\",\"logo\":{\"@type\":\"ImageObject\",\"inLanguage\":\"en-GB\",\"@id\":\"https:\/\/www.villetta.fi\/fi\/#\/schema\/logo\/image\/\",\"url\":\"https:\/\/www.villetta.fi\/fi\/wp-content\/uploads\/2023\/05\/logo.png\",\"contentUrl\":\"https:\/\/www.villetta.fi\/fi\/wp-content\/uploads\/2023\/05\/logo.png\",\"width\":614,\"height\":217,\"caption\":\"Italialainen ravintola Villetta, Helsinki\"},\"image\":{\"@id\":\"https:\/\/www.villetta.fi\/fi\/#\/schema\/logo\/image\/\"},\"sameAs\":[\"https:\/\/www.facebook.com\/RavintolaVilletta\/\"]}]}<\/script>\n<!-- \/ Yoast SEO plugin. -->","yoast_head_json":{"title":"Italialainen ravintola Villetta, Helsinki - Antipasti, alkuruoat","description":"Antipasti, alkuruoat. Italialainen ravintola Villetta sijaitsee Ruusulankatu 8:ssa Helsingiss\u00e4","robots":{"index":"index","follow":"follow","max-snippet":"max-snippet:-1","max-image-preview":"max-image-preview:large","max-video-preview":"max-video-preview:-1"},"canonical":"https:\/\/www.villetta.fi\/fi\/menu\/gli-antipasti-alkuruoat\/","og_locale":"en_GB","og_type":"article","og_title":"Italialainen ravintola Villetta, Helsinki - Antipasti, alkuruoat","og_description":"Antipasti, alkuruoat. Italialainen ravintola Villetta sijaitsee Ruusulankatu 8:ssa Helsingiss\u00e4","og_url":"https:\/\/www.villetta.fi\/fi\/menu\/gli-antipasti-alkuruoat\/","og_site_name":"Italialainen ravintola Villetta, Helsinki","article_publisher":"https:\/\/www.facebook.com\/RavintolaVilletta\/","article_modified_time":"2026-01-24T08:44:02+00:00","twitter_card":"summary_large_image","twitter_misc":{"Estimated reading time":"1 minute"},"schema":{"@context":"https:\/\/schema.org","@graph":[{"@type":"WebPage","@id":"https:\/\/www.villetta.fi\/fi\/menu\/gli-antipasti-alkuruoat\/","url":"https:\/\/www.villetta.fi\/fi\/menu\/gli-antipasti-alkuruoat\/","name":"Italialainen ravintola Villetta, Helsinki - Antipasti, alkuruoat","isPartOf":{"@id":"https:\/\/www.villetta.fi\/fi\/#website"},"datePublished":"2023-05-30T07:11:56+00:00","dateModified":"2026-01-24T08:44:02+00:00","description":"Antipasti, alkuruoat. Italialainen ravintola Villetta sijaitsee Ruusulankatu 8:ssa Helsingiss\u00e4","breadcrumb":{"@id":"https:\/\/www.villetta.fi\/fi\/menu\/gli-antipasti-alkuruoat\/#breadcrumb"},"inLanguage":"en-GB","potentialAction":[{"@type":"ReadAction","target":["https:\/\/www.villetta.fi\/fi\/menu\/gli-antipasti-alkuruoat\/"]}]},{"@type":"BreadcrumbList","@id":"https:\/\/www.villetta.fi\/fi\/menu\/gli-antipasti-alkuruoat\/#breadcrumb","itemListElement":[{"@type":"ListItem","position":1,"name":"Home","item":"https:\/\/www.villetta.fi\/fi\/"},{"@type":"ListItem","position":2,"name":"Menu","item":"https:\/\/www.villetta.fi\/fi\/menu\/"},{"@type":"ListItem","position":3,"name":"Gli antipasti \u2013 Alkuruoat"}]},{"@type":"WebSite","@id":"https:\/\/www.villetta.fi\/fi\/#website","url":"https:\/\/www.villetta.fi\/fi\/","name":"Italialainen ravintola Villetta, Helsinki","description":"Italialainen ravintola Villetta, Helsinki","publisher":{"@id":"https:\/\/www.villetta.fi\/fi\/#organization"},"potentialAction":[{"@type":"SearchAction","target":{"@type":"EntryPoint","urlTemplate":"https:\/\/www.villetta.fi\/fi\/?s={search_term_string}"},"query-input":{"@type":"PropertyValueSpecification","valueRequired":true,"valueName":"search_term_string"}}],"inLanguage":"en-GB"},{"@type":"Organization","@id":"https:\/\/www.villetta.fi\/fi\/#organization","name":"Italialainen ravintola Villetta, Helsinki","url":"https:\/\/www.villetta.fi\/fi\/","logo":{"@type":"ImageObject","inLanguage":"en-GB","@id":"https:\/\/www.villetta.fi\/fi\/#\/schema\/logo\/image\/","url":"https:\/\/www.villetta.fi\/fi\/wp-content\/uploads\/2023\/05\/logo.png","contentUrl":"https:\/\/www.villetta.fi\/fi\/wp-content\/uploads\/2023\/05\/logo.png","width":614,"height":217,"caption":"Italialainen ravintola Villetta, Helsinki"},"image":{"@id":"https:\/\/www.villetta.fi\/fi\/#\/schema\/logo\/image\/"},"sameAs":["https:\/\/www.facebook.com\/RavintolaVilletta\/"]}]}},"_links":{"self":[{"href":"https:\/\/www.villetta.fi\/fi\/wp-json\/wp\/v2\/pages\/172","targetHints":{"allow":["GET"]}}],"collection":[{"href":"https:\/\/www.villetta.fi\/fi\/wp-json\/wp\/v2\/pages"}],"about":[{"href":"https:\/\/www.villetta.fi\/fi\/wp-json\/wp\/v2\/types\/page"}],"author":[{"embeddable":true,"href":"https:\/\/www.villetta.fi\/fi\/wp-json\/wp\/v2\/users\/1"}],"replies":[{"embeddable":true,"href":"https:\/\/www.villetta.fi\/fi\/wp-json\/wp\/v2\/comments?post=172"}],"version-history":[{"count":9,"href":"https:\/\/www.villetta.fi\/fi\/wp-json\/wp\/v2\/pages\/172\/revisions"}],"predecessor-version":[{"id":441,"href":"https:\/\/www.villetta.fi\/fi\/wp-json\/wp\/v2\/pages\/172\/revisions\/441"}],"up":[{"embeddable":true,"href":"https:\/\/www.villetta.fi\/fi\/wp-json\/wp\/v2\/pages\/73"}],"wp:attachment":[{"href":"https:\/\/www.villetta.fi\/fi\/wp-json\/wp\/v2\/media?parent=172"}],"curies":[{"name":"wp","href":"https:\/\/api.w.org\/{rel}","templated":true}]}}