{"id":193,"date":"2023-05-30T10:00:15","date_gmt":"2023-05-30T09:00:15","guid":{"rendered":"https:\/\/www.villetta.fi\/uusi\/?page_id=193"},"modified":"2026-01-24T10:28:38","modified_gmt":"2026-01-24T08:28:38","slug":"pizze-con-prodotti-italiani-erityispizzat","status":"publish","type":"page","link":"https:\/\/www.villetta.fi\/fi\/menu\/pizze-con-prodotti-italiani-erityispizzat\/","title":{"rendered":"Le Pizze speciali &#8211; Erikoispizzat"},"content":{"rendered":"\n<figure class=\"wp-block-table is-style-stripes\"><table><tbody><tr><td>VENETA<\/td><td>14,50<\/td><\/tr><tr><td>&#8211; Parman kinkkua, mascarponejuustoa, mozzarellaa, p\u00e4hkin\u00f6it\u00e4<br>&#8211; Parman ham, mascarpone cheese, mozzarella cheese, nuts<\/td><td><\/td><\/tr><tr><td>ARRABBIATISSIMA<\/td><td>15,00<\/td><\/tr><tr><td>&#8211; italialaista tulista salamia, pekonia, oliiveja, tuoretta tomaattia, mozzarellaa, valkosipulia<br>&#8211; Italian hot salami, bacon, olives, fresh tomatoes, mozzarella cheese, garlic<\/td><td><\/td><\/tr><tr><td>RUCOLA<\/td><td>15,00<\/td><\/tr><tr><td>&#8211; Parman kinkkua, tuoretta tomaattia, rucolaa, mozzarellaa, parmesaanijuustoa<br>&#8211; Parman ham, fresh tomatoes, rucola lettuce, mozzarella cheese, flake parmesan<\/td><td><\/td><\/tr><tr><td>CONTADINA<\/td><td>14,50<\/td><\/tr><tr><td>&#8211; italialaista makkaraa, tuoreita herkkusieni\u00e4, oliiveja, mozzarellaa<br>&#8211; homemade sausage in Italian style, fresh mushrooms, olives, mozzarella cheese<\/td><td><\/td><\/tr><tr><td>ARTICA<\/td><td>15,50<\/td><\/tr><tr><td>&#8211; kylm\u00e4savulohta, artisokkaa, mozzarellaa, mascarponejuustoa, yrttej\u00e4, punasipulia<br>&#8211; smoked salmon, artichokes, mozzarella cheese, mascarpone cheese, fresh tomatoes, red onions<\/td><td><\/td><\/tr><tr><td>ANTIPASTO<\/td><td>15,00<\/td><\/tr><tr><td>&#8211; mozzarellaa, paprikaa, munakoisoa, kes\u00e4kurpitsaa, artisokkaa, aurinkokuivattua tomaattia, sieni\u00e4, oliiveja<br>&#8211; mozzarella cheese, eggplant, peppers, zucchini, artichokes in oil, mushrooms in oil, dried tomatoes, olives<\/td><td><\/td><\/tr><tr><td>ORIGINALE<\/td><td>16,00<\/td><\/tr><tr><td>&#8211; italialaista salamia, Parman kinkkua, oliiveja, artisokkaa, rucolaa, parmesaania, mozzarellaa<br>&#8211; Parman ham, Italian salami, mozzarella cheese, artichokes, olives, rucola, flake parmisan<\/td><td><\/td><\/tr><tr><td>BIANCANEVE (ilman tomaattikastiketta \/ without tomato sauce)<\/td><td>15,00<\/td><\/tr><tr><td>&#8211; mozzarellaa, gorgonzola-, ricotta- ja parmesaanijuustoa, rucolaa, pestoa, tuoretta tomaattia<br>&#8211; mozzarella, gorgonzola and ricotta cheese, flake parmesan, rucola, pesto, fresh tomatoes<\/td><td><\/td><\/tr><tr><td>CALZONE (sis\u00e4\u00e4nleivottu pizza \/ stuffed pizza)<\/td><td>14,50<\/td><\/tr><tr><td>&#8211; Parman kinkkua, ricottajuustoa, mozzarellaa, parmesaanijuustoa<br>&#8211; ham, ricotta cheese, mozzarella cheese, flake parmisan<\/td><td><\/td><\/tr><tr><td><strong>Lis\u00e4maksusta:<\/strong><\/td><td><\/td><\/tr><tr><td>Lis\u00e4t\u00e4yte 1,50 \u20ac<br><br><strong>Kaikki pizzat saatavana my\u00f6s gluteenittomana, lis\u00e4maksu 2 \u20ac.<br>All the pizzas available also gluten-free, surcharge 2 \u20ac.<\/strong><br><br><strong>Kysyth\u00e4n, jos sinulla on erityistoivomuksia esim. allergioiden vuoksi.<\/strong><br><strong><em>For any special diet, please aks our staff.<\/em><\/strong><br><br><br>\u200b<\/td><td><br><br><\/td><\/tr><\/tbody><\/table><\/figure>\n","protected":false},"excerpt":{"rendered":"<p>VENETA 14,50 &#8211; Parman kinkkua, mascarponejuustoa, mozzarellaa, p\u00e4hkin\u00f6it\u00e4&#8211; Parman ham, mascarpone cheese, mozzarella cheese, nuts ARRABBIATISSIMA 15,00 &#8211; italialaista tulista salamia, pekonia, oliiveja, tuoretta tomaattia, mozzarellaa, valkosipulia&#8211; Italian hot salami, bacon, olives, fresh tomatoes, mozzarella cheese, garlic RUCOLA 15,00 &#8211; Parman kinkkua, tuoretta tomaattia, rucolaa, mozzarellaa, parmesaanijuustoa&#8211; Parman ham, fresh tomatoes, rucola lettuce, mozzarella cheese, [&hellip;]<\/p>\n","protected":false},"author":1,"featured_media":0,"parent":73,"menu_order":0,"comment_status":"closed","ping_status":"closed","template":"","meta":{"footnotes":""},"class_list":["post-193","page","type-page","status-publish","hentry"],"yoast_head":"<!-- This site is optimized with the Yoast SEO plugin v23.5 - https:\/\/yoast.com\/wordpress\/plugins\/seo\/ -->\n<title>Italialainen ravintola Villetta, Helsinki - Pizzeria, Pizzaravintola<\/title>\n<meta name=\"description\" content=\"Pizzat, pastat. Italialainen ravintola Villetta sijaitsee Ruusulankatu 8:ssa Helsingiss\u00e4.\" \/>\n<meta name=\"robots\" content=\"index, follow, max-snippet:-1, max-image-preview:large, max-video-preview:-1\" \/>\n<link rel=\"canonical\" href=\"https:\/\/www.villetta.fi\/fi\/menu\/pizze-con-prodotti-italiani-erityispizzat\/\" \/>\n<meta property=\"og:locale\" content=\"en_GB\" \/>\n<meta property=\"og:type\" content=\"article\" \/>\n<meta property=\"og:title\" content=\"Italialainen ravintola Villetta, Helsinki - Pizzeria, Pizzaravintola\" \/>\n<meta property=\"og:description\" content=\"Pizzat, pastat. Italialainen ravintola Villetta sijaitsee Ruusulankatu 8:ssa Helsingiss\u00e4.\" \/>\n<meta property=\"og:url\" content=\"https:\/\/www.villetta.fi\/fi\/menu\/pizze-con-prodotti-italiani-erityispizzat\/\" \/>\n<meta property=\"og:site_name\" content=\"Italialainen ravintola Villetta, Helsinki\" \/>\n<meta property=\"article:publisher\" content=\"https:\/\/www.facebook.com\/RavintolaVilletta\/\" \/>\n<meta property=\"article:modified_time\" content=\"2026-01-24T08:28:38+00:00\" \/>\n<meta name=\"twitter:card\" content=\"summary_large_image\" \/>\n<meta name=\"twitter:label1\" content=\"Estimated reading time\" \/>\n\t<meta name=\"twitter:data1\" content=\"1 minute\" \/>\n<script type=\"application\/ld+json\" class=\"yoast-schema-graph\">{\"@context\":\"https:\/\/schema.org\",\"@graph\":[{\"@type\":\"WebPage\",\"@id\":\"https:\/\/www.villetta.fi\/fi\/menu\/pizze-con-prodotti-italiani-erityispizzat\/\",\"url\":\"https:\/\/www.villetta.fi\/fi\/menu\/pizze-con-prodotti-italiani-erityispizzat\/\",\"name\":\"Italialainen ravintola Villetta, Helsinki - Pizzeria, Pizzaravintola\",\"isPartOf\":{\"@id\":\"https:\/\/www.villetta.fi\/fi\/#website\"},\"datePublished\":\"2023-05-30T09:00:15+00:00\",\"dateModified\":\"2026-01-24T08:28:38+00:00\",\"description\":\"Pizzat, pastat. Italialainen ravintola Villetta sijaitsee Ruusulankatu 8:ssa Helsingiss\u00e4.\",\"breadcrumb\":{\"@id\":\"https:\/\/www.villetta.fi\/fi\/menu\/pizze-con-prodotti-italiani-erityispizzat\/#breadcrumb\"},\"inLanguage\":\"en-GB\",\"potentialAction\":[{\"@type\":\"ReadAction\",\"target\":[\"https:\/\/www.villetta.fi\/fi\/menu\/pizze-con-prodotti-italiani-erityispizzat\/\"]}]},{\"@type\":\"BreadcrumbList\",\"@id\":\"https:\/\/www.villetta.fi\/fi\/menu\/pizze-con-prodotti-italiani-erityispizzat\/#breadcrumb\",\"itemListElement\":[{\"@type\":\"ListItem\",\"position\":1,\"name\":\"Home\",\"item\":\"https:\/\/www.villetta.fi\/fi\/\"},{\"@type\":\"ListItem\",\"position\":2,\"name\":\"Menu\",\"item\":\"https:\/\/www.villetta.fi\/fi\/menu\/\"},{\"@type\":\"ListItem\",\"position\":3,\"name\":\"Le Pizze speciali &#8211; Erikoispizzat\"}]},{\"@type\":\"WebSite\",\"@id\":\"https:\/\/www.villetta.fi\/fi\/#website\",\"url\":\"https:\/\/www.villetta.fi\/fi\/\",\"name\":\"Italialainen ravintola Villetta, Helsinki\",\"description\":\"Italialainen ravintola Villetta, Helsinki\",\"publisher\":{\"@id\":\"https:\/\/www.villetta.fi\/fi\/#organization\"},\"potentialAction\":[{\"@type\":\"SearchAction\",\"target\":{\"@type\":\"EntryPoint\",\"urlTemplate\":\"https:\/\/www.villetta.fi\/fi\/?s={search_term_string}\"},\"query-input\":{\"@type\":\"PropertyValueSpecification\",\"valueRequired\":true,\"valueName\":\"search_term_string\"}}],\"inLanguage\":\"en-GB\"},{\"@type\":\"Organization\",\"@id\":\"https:\/\/www.villetta.fi\/fi\/#organization\",\"name\":\"Italialainen ravintola Villetta, Helsinki\",\"url\":\"https:\/\/www.villetta.fi\/fi\/\",\"logo\":{\"@type\":\"ImageObject\",\"inLanguage\":\"en-GB\",\"@id\":\"https:\/\/www.villetta.fi\/fi\/#\/schema\/logo\/image\/\",\"url\":\"https:\/\/www.villetta.fi\/fi\/wp-content\/uploads\/2023\/05\/logo.png\",\"contentUrl\":\"https:\/\/www.villetta.fi\/fi\/wp-content\/uploads\/2023\/05\/logo.png\",\"width\":614,\"height\":217,\"caption\":\"Italialainen ravintola Villetta, Helsinki\"},\"image\":{\"@id\":\"https:\/\/www.villetta.fi\/fi\/#\/schema\/logo\/image\/\"},\"sameAs\":[\"https:\/\/www.facebook.com\/RavintolaVilletta\/\"]}]}<\/script>\n<!-- \/ Yoast SEO plugin. -->","yoast_head_json":{"title":"Italialainen ravintola Villetta, Helsinki - Pizzeria, Pizzaravintola","description":"Pizzat, pastat. Italialainen ravintola Villetta sijaitsee Ruusulankatu 8:ssa Helsingiss\u00e4.","robots":{"index":"index","follow":"follow","max-snippet":"max-snippet:-1","max-image-preview":"max-image-preview:large","max-video-preview":"max-video-preview:-1"},"canonical":"https:\/\/www.villetta.fi\/fi\/menu\/pizze-con-prodotti-italiani-erityispizzat\/","og_locale":"en_GB","og_type":"article","og_title":"Italialainen ravintola Villetta, Helsinki - Pizzeria, Pizzaravintola","og_description":"Pizzat, pastat. Italialainen ravintola Villetta sijaitsee Ruusulankatu 8:ssa Helsingiss\u00e4.","og_url":"https:\/\/www.villetta.fi\/fi\/menu\/pizze-con-prodotti-italiani-erityispizzat\/","og_site_name":"Italialainen ravintola Villetta, Helsinki","article_publisher":"https:\/\/www.facebook.com\/RavintolaVilletta\/","article_modified_time":"2026-01-24T08:28:38+00:00","twitter_card":"summary_large_image","twitter_misc":{"Estimated reading time":"1 minute"},"schema":{"@context":"https:\/\/schema.org","@graph":[{"@type":"WebPage","@id":"https:\/\/www.villetta.fi\/fi\/menu\/pizze-con-prodotti-italiani-erityispizzat\/","url":"https:\/\/www.villetta.fi\/fi\/menu\/pizze-con-prodotti-italiani-erityispizzat\/","name":"Italialainen ravintola Villetta, Helsinki - Pizzeria, Pizzaravintola","isPartOf":{"@id":"https:\/\/www.villetta.fi\/fi\/#website"},"datePublished":"2023-05-30T09:00:15+00:00","dateModified":"2026-01-24T08:28:38+00:00","description":"Pizzat, pastat. Italialainen ravintola Villetta sijaitsee Ruusulankatu 8:ssa Helsingiss\u00e4.","breadcrumb":{"@id":"https:\/\/www.villetta.fi\/fi\/menu\/pizze-con-prodotti-italiani-erityispizzat\/#breadcrumb"},"inLanguage":"en-GB","potentialAction":[{"@type":"ReadAction","target":["https:\/\/www.villetta.fi\/fi\/menu\/pizze-con-prodotti-italiani-erityispizzat\/"]}]},{"@type":"BreadcrumbList","@id":"https:\/\/www.villetta.fi\/fi\/menu\/pizze-con-prodotti-italiani-erityispizzat\/#breadcrumb","itemListElement":[{"@type":"ListItem","position":1,"name":"Home","item":"https:\/\/www.villetta.fi\/fi\/"},{"@type":"ListItem","position":2,"name":"Menu","item":"https:\/\/www.villetta.fi\/fi\/menu\/"},{"@type":"ListItem","position":3,"name":"Le Pizze speciali &#8211; Erikoispizzat"}]},{"@type":"WebSite","@id":"https:\/\/www.villetta.fi\/fi\/#website","url":"https:\/\/www.villetta.fi\/fi\/","name":"Italialainen ravintola Villetta, Helsinki","description":"Italialainen ravintola Villetta, Helsinki","publisher":{"@id":"https:\/\/www.villetta.fi\/fi\/#organization"},"potentialAction":[{"@type":"SearchAction","target":{"@type":"EntryPoint","urlTemplate":"https:\/\/www.villetta.fi\/fi\/?s={search_term_string}"},"query-input":{"@type":"PropertyValueSpecification","valueRequired":true,"valueName":"search_term_string"}}],"inLanguage":"en-GB"},{"@type":"Organization","@id":"https:\/\/www.villetta.fi\/fi\/#organization","name":"Italialainen ravintola Villetta, Helsinki","url":"https:\/\/www.villetta.fi\/fi\/","logo":{"@type":"ImageObject","inLanguage":"en-GB","@id":"https:\/\/www.villetta.fi\/fi\/#\/schema\/logo\/image\/","url":"https:\/\/www.villetta.fi\/fi\/wp-content\/uploads\/2023\/05\/logo.png","contentUrl":"https:\/\/www.villetta.fi\/fi\/wp-content\/uploads\/2023\/05\/logo.png","width":614,"height":217,"caption":"Italialainen ravintola Villetta, Helsinki"},"image":{"@id":"https:\/\/www.villetta.fi\/fi\/#\/schema\/logo\/image\/"},"sameAs":["https:\/\/www.facebook.com\/RavintolaVilletta\/"]}]}},"_links":{"self":[{"href":"https:\/\/www.villetta.fi\/fi\/wp-json\/wp\/v2\/pages\/193","targetHints":{"allow":["GET"]}}],"collection":[{"href":"https:\/\/www.villetta.fi\/fi\/wp-json\/wp\/v2\/pages"}],"about":[{"href":"https:\/\/www.villetta.fi\/fi\/wp-json\/wp\/v2\/types\/page"}],"author":[{"embeddable":true,"href":"https:\/\/www.villetta.fi\/fi\/wp-json\/wp\/v2\/users\/1"}],"replies":[{"embeddable":true,"href":"https:\/\/www.villetta.fi\/fi\/wp-json\/wp\/v2\/comments?post=193"}],"version-history":[{"count":7,"href":"https:\/\/www.villetta.fi\/fi\/wp-json\/wp\/v2\/pages\/193\/revisions"}],"predecessor-version":[{"id":436,"href":"https:\/\/www.villetta.fi\/fi\/wp-json\/wp\/v2\/pages\/193\/revisions\/436"}],"up":[{"embeddable":true,"href":"https:\/\/www.villetta.fi\/fi\/wp-json\/wp\/v2\/pages\/73"}],"wp:attachment":[{"href":"https:\/\/www.villetta.fi\/fi\/wp-json\/wp\/v2\/media?parent=193"}],"curies":[{"name":"wp","href":"https:\/\/api.w.org\/{rel}","templated":true}]}}