{"id":197,"date":"2023-05-30T10:06:14","date_gmt":"2023-05-30T09:06:14","guid":{"rendered":"https:\/\/www.villetta.fi\/uusi\/?page_id=197"},"modified":"2026-01-24T10:57:44","modified_gmt":"2026-01-24T08:57:44","slug":"le-insalate-salaatit","status":"publish","type":"page","link":"https:\/\/www.villetta.fi\/fi\/menu\/le-insalate-salaatit\/","title":{"rendered":"Le insalate &#8211; Salaatit"},"content":{"rendered":"\n<figure class=\"wp-block-table is-style-stripes\"><table><tbody><tr><td>INSALATA DI POLLO CON VERDURE GRIGLIATE<\/td><td>14,50<\/td><\/tr><tr><td>&#8211; grillatut kananfileet ja kasvikset, oliiveja, p\u00e4hkin\u00f6it\u00e4<br>&#8211; grilled chicken fillet and vegetables, olives, nuts<\/td><td><\/td><\/tr><tr><td>INSALATA DI TONNO E MOZZARELLA<\/td><td>14,00<\/td><\/tr><tr><td>&#8211; tonnikalaa, mozzarella di bufala, oliiveja, kirsikkatomaatteja, sipulia<br>&#8211; tuna, mozzarella di bufala, olives, cherry tomatoes, onion<\/td><td><\/td><\/tr><\/tbody><\/table><\/figure>\n","protected":false},"excerpt":{"rendered":"<p>INSALATA DI POLLO CON VERDURE GRIGLIATE 14,50 &#8211; grillatut kananfileet ja kasvikset, oliiveja, p\u00e4hkin\u00f6it\u00e4&#8211; grilled chicken fillet and vegetables, olives, nuts INSALATA DI TONNO E MOZZARELLA 14,00 &#8211; tonnikalaa, mozzarella di bufala, oliiveja, kirsikkatomaatteja, sipulia&#8211; tuna, mozzarella di bufala, olives, cherry tomatoes, onion<\/p>\n","protected":false},"author":1,"featured_media":0,"parent":73,"menu_order":0,"comment_status":"closed","ping_status":"closed","template":"","meta":{"footnotes":""},"class_list":["post-197","page","type-page","status-publish","hentry"],"yoast_head":"<!-- This site is optimized with the Yoast SEO plugin v23.5 - https:\/\/yoast.com\/wordpress\/plugins\/seo\/ -->\n<title>Le insalate - Salaatit - Italialainen ravintola Villetta, Helsinki<\/title>\n<meta name=\"robots\" content=\"index, follow, max-snippet:-1, max-image-preview:large, max-video-preview:-1\" \/>\n<link rel=\"canonical\" href=\"https:\/\/www.villetta.fi\/fi\/menu\/le-insalate-salaatit\/\" \/>\n<meta property=\"og:locale\" content=\"en_GB\" \/>\n<meta property=\"og:type\" content=\"article\" \/>\n<meta property=\"og:title\" content=\"Le insalate - Salaatit - Italialainen ravintola Villetta, Helsinki\" \/>\n<meta property=\"og:description\" content=\"INSALATA DI POLLO CON VERDURE GRIGLIATE 14,50 &#8211; grillatut kananfileet ja kasvikset, oliiveja, p\u00e4hkin\u00f6it\u00e4&#8211; grilled chicken fillet and vegetables, olives, nuts INSALATA DI TONNO E MOZZARELLA 14,00 &#8211; tonnikalaa, mozzarella di bufala, oliiveja, kirsikkatomaatteja, sipulia&#8211; tuna, mozzarella di bufala, olives, cherry tomatoes, onion\" \/>\n<meta property=\"og:url\" content=\"https:\/\/www.villetta.fi\/fi\/menu\/le-insalate-salaatit\/\" \/>\n<meta property=\"og:site_name\" content=\"Italialainen ravintola Villetta, Helsinki\" \/>\n<meta property=\"article:publisher\" content=\"https:\/\/www.facebook.com\/RavintolaVilletta\/\" \/>\n<meta property=\"article:modified_time\" content=\"2026-01-24T08:57:44+00:00\" \/>\n<meta name=\"twitter:card\" content=\"summary_large_image\" \/>\n<meta name=\"twitter:label1\" content=\"Estimated reading time\" \/>\n\t<meta name=\"twitter:data1\" content=\"1 minute\" \/>\n<script type=\"application\/ld+json\" class=\"yoast-schema-graph\">{\"@context\":\"https:\/\/schema.org\",\"@graph\":[{\"@type\":\"WebPage\",\"@id\":\"https:\/\/www.villetta.fi\/fi\/menu\/le-insalate-salaatit\/\",\"url\":\"https:\/\/www.villetta.fi\/fi\/menu\/le-insalate-salaatit\/\",\"name\":\"Le insalate - Salaatit - Italialainen ravintola Villetta, Helsinki\",\"isPartOf\":{\"@id\":\"https:\/\/www.villetta.fi\/fi\/#website\"},\"datePublished\":\"2023-05-30T09:06:14+00:00\",\"dateModified\":\"2026-01-24T08:57:44+00:00\",\"breadcrumb\":{\"@id\":\"https:\/\/www.villetta.fi\/fi\/menu\/le-insalate-salaatit\/#breadcrumb\"},\"inLanguage\":\"en-GB\",\"potentialAction\":[{\"@type\":\"ReadAction\",\"target\":[\"https:\/\/www.villetta.fi\/fi\/menu\/le-insalate-salaatit\/\"]}]},{\"@type\":\"BreadcrumbList\",\"@id\":\"https:\/\/www.villetta.fi\/fi\/menu\/le-insalate-salaatit\/#breadcrumb\",\"itemListElement\":[{\"@type\":\"ListItem\",\"position\":1,\"name\":\"Home\",\"item\":\"https:\/\/www.villetta.fi\/fi\/\"},{\"@type\":\"ListItem\",\"position\":2,\"name\":\"Menu\",\"item\":\"https:\/\/www.villetta.fi\/fi\/menu\/\"},{\"@type\":\"ListItem\",\"position\":3,\"name\":\"Le insalate &#8211; Salaatit\"}]},{\"@type\":\"WebSite\",\"@id\":\"https:\/\/www.villetta.fi\/fi\/#website\",\"url\":\"https:\/\/www.villetta.fi\/fi\/\",\"name\":\"Italialainen ravintola Villetta, Helsinki\",\"description\":\"Italialainen ravintola Villetta, Helsinki\",\"publisher\":{\"@id\":\"https:\/\/www.villetta.fi\/fi\/#organization\"},\"potentialAction\":[{\"@type\":\"SearchAction\",\"target\":{\"@type\":\"EntryPoint\",\"urlTemplate\":\"https:\/\/www.villetta.fi\/fi\/?s={search_term_string}\"},\"query-input\":{\"@type\":\"PropertyValueSpecification\",\"valueRequired\":true,\"valueName\":\"search_term_string\"}}],\"inLanguage\":\"en-GB\"},{\"@type\":\"Organization\",\"@id\":\"https:\/\/www.villetta.fi\/fi\/#organization\",\"name\":\"Italialainen ravintola Villetta, Helsinki\",\"url\":\"https:\/\/www.villetta.fi\/fi\/\",\"logo\":{\"@type\":\"ImageObject\",\"inLanguage\":\"en-GB\",\"@id\":\"https:\/\/www.villetta.fi\/fi\/#\/schema\/logo\/image\/\",\"url\":\"https:\/\/www.villetta.fi\/fi\/wp-content\/uploads\/2023\/05\/logo.png\",\"contentUrl\":\"https:\/\/www.villetta.fi\/fi\/wp-content\/uploads\/2023\/05\/logo.png\",\"width\":614,\"height\":217,\"caption\":\"Italialainen ravintola Villetta, Helsinki\"},\"image\":{\"@id\":\"https:\/\/www.villetta.fi\/fi\/#\/schema\/logo\/image\/\"},\"sameAs\":[\"https:\/\/www.facebook.com\/RavintolaVilletta\/\"]}]}<\/script>\n<!-- \/ Yoast SEO plugin. -->","yoast_head_json":{"title":"Le insalate - Salaatit - Italialainen ravintola Villetta, Helsinki","robots":{"index":"index","follow":"follow","max-snippet":"max-snippet:-1","max-image-preview":"max-image-preview:large","max-video-preview":"max-video-preview:-1"},"canonical":"https:\/\/www.villetta.fi\/fi\/menu\/le-insalate-salaatit\/","og_locale":"en_GB","og_type":"article","og_title":"Le insalate - Salaatit - Italialainen ravintola Villetta, Helsinki","og_description":"INSALATA DI POLLO CON VERDURE GRIGLIATE 14,50 &#8211; grillatut kananfileet ja kasvikset, oliiveja, p\u00e4hkin\u00f6it\u00e4&#8211; grilled chicken fillet and vegetables, olives, nuts INSALATA DI TONNO E MOZZARELLA 14,00 &#8211; tonnikalaa, mozzarella di bufala, oliiveja, kirsikkatomaatteja, sipulia&#8211; tuna, mozzarella di bufala, olives, cherry tomatoes, onion","og_url":"https:\/\/www.villetta.fi\/fi\/menu\/le-insalate-salaatit\/","og_site_name":"Italialainen ravintola Villetta, Helsinki","article_publisher":"https:\/\/www.facebook.com\/RavintolaVilletta\/","article_modified_time":"2026-01-24T08:57:44+00:00","twitter_card":"summary_large_image","twitter_misc":{"Estimated reading time":"1 minute"},"schema":{"@context":"https:\/\/schema.org","@graph":[{"@type":"WebPage","@id":"https:\/\/www.villetta.fi\/fi\/menu\/le-insalate-salaatit\/","url":"https:\/\/www.villetta.fi\/fi\/menu\/le-insalate-salaatit\/","name":"Le insalate - Salaatit - Italialainen ravintola Villetta, Helsinki","isPartOf":{"@id":"https:\/\/www.villetta.fi\/fi\/#website"},"datePublished":"2023-05-30T09:06:14+00:00","dateModified":"2026-01-24T08:57:44+00:00","breadcrumb":{"@id":"https:\/\/www.villetta.fi\/fi\/menu\/le-insalate-salaatit\/#breadcrumb"},"inLanguage":"en-GB","potentialAction":[{"@type":"ReadAction","target":["https:\/\/www.villetta.fi\/fi\/menu\/le-insalate-salaatit\/"]}]},{"@type":"BreadcrumbList","@id":"https:\/\/www.villetta.fi\/fi\/menu\/le-insalate-salaatit\/#breadcrumb","itemListElement":[{"@type":"ListItem","position":1,"name":"Home","item":"https:\/\/www.villetta.fi\/fi\/"},{"@type":"ListItem","position":2,"name":"Menu","item":"https:\/\/www.villetta.fi\/fi\/menu\/"},{"@type":"ListItem","position":3,"name":"Le insalate &#8211; Salaatit"}]},{"@type":"WebSite","@id":"https:\/\/www.villetta.fi\/fi\/#website","url":"https:\/\/www.villetta.fi\/fi\/","name":"Italialainen ravintola Villetta, Helsinki","description":"Italialainen ravintola Villetta, Helsinki","publisher":{"@id":"https:\/\/www.villetta.fi\/fi\/#organization"},"potentialAction":[{"@type":"SearchAction","target":{"@type":"EntryPoint","urlTemplate":"https:\/\/www.villetta.fi\/fi\/?s={search_term_string}"},"query-input":{"@type":"PropertyValueSpecification","valueRequired":true,"valueName":"search_term_string"}}],"inLanguage":"en-GB"},{"@type":"Organization","@id":"https:\/\/www.villetta.fi\/fi\/#organization","name":"Italialainen ravintola Villetta, Helsinki","url":"https:\/\/www.villetta.fi\/fi\/","logo":{"@type":"ImageObject","inLanguage":"en-GB","@id":"https:\/\/www.villetta.fi\/fi\/#\/schema\/logo\/image\/","url":"https:\/\/www.villetta.fi\/fi\/wp-content\/uploads\/2023\/05\/logo.png","contentUrl":"https:\/\/www.villetta.fi\/fi\/wp-content\/uploads\/2023\/05\/logo.png","width":614,"height":217,"caption":"Italialainen ravintola Villetta, Helsinki"},"image":{"@id":"https:\/\/www.villetta.fi\/fi\/#\/schema\/logo\/image\/"},"sameAs":["https:\/\/www.facebook.com\/RavintolaVilletta\/"]}]}},"_links":{"self":[{"href":"https:\/\/www.villetta.fi\/fi\/wp-json\/wp\/v2\/pages\/197","targetHints":{"allow":["GET"]}}],"collection":[{"href":"https:\/\/www.villetta.fi\/fi\/wp-json\/wp\/v2\/pages"}],"about":[{"href":"https:\/\/www.villetta.fi\/fi\/wp-json\/wp\/v2\/types\/page"}],"author":[{"embeddable":true,"href":"https:\/\/www.villetta.fi\/fi\/wp-json\/wp\/v2\/users\/1"}],"replies":[{"embeddable":true,"href":"https:\/\/www.villetta.fi\/fi\/wp-json\/wp\/v2\/comments?post=197"}],"version-history":[{"count":3,"href":"https:\/\/www.villetta.fi\/fi\/wp-json\/wp\/v2\/pages\/197\/revisions"}],"predecessor-version":[{"id":449,"href":"https:\/\/www.villetta.fi\/fi\/wp-json\/wp\/v2\/pages\/197\/revisions\/449"}],"up":[{"embeddable":true,"href":"https:\/\/www.villetta.fi\/fi\/wp-json\/wp\/v2\/pages\/73"}],"wp:attachment":[{"href":"https:\/\/www.villetta.fi\/fi\/wp-json\/wp\/v2\/media?parent=197"}],"curies":[{"name":"wp","href":"https:\/\/api.w.org\/{rel}","templated":true}]}}