{"id":201,"date":"2023-05-30T10:28:26","date_gmt":"2023-05-30T09:28:26","guid":{"rendered":"https:\/\/www.villetta.fi\/uusi\/?page_id=201"},"modified":"2026-01-24T11:18:11","modified_gmt":"2026-01-24T09:18:11","slug":"i-caffe-e-dolci-kahvit-ja-jalkiruoat","status":"publish","type":"page","link":"https:\/\/www.villetta.fi\/fi\/menu\/i-caffe-e-dolci-kahvit-ja-jalkiruoat\/","title":{"rendered":"I caff\u00e8 e dolci \u2013 Kahvit ja J\u00e4lkiruoat"},"content":{"rendered":"\n<figure class=\"wp-block-table is-style-stripes\"><table><tbody><tr><td>ESPRESSO<\/td><td>3,50<\/td><\/tr><tr><td>TIRAMI S\u00d9<\/td><td>6,50<\/td><\/tr><tr><td>&#8211; kakkupohja, espressoa, lik\u00f6\u00f6ri\u00e4, kananmunaa, mascarponejuustoa<br>&#8211; sponge cake, espresso, liqueur, egg, mascarpone cheese<\/td><td><\/td><\/tr><tr><td>ESPRESSO + TIRAMIS\u00d9<\/td><td>9,00<\/td><\/tr><tr><td>DOPPIO ESPRESSO<\/td><td>4,50<\/td><\/tr><tr><td>CAPPUCCINO<\/td><td>4,50<\/td><\/tr><tr><td>CAFF\u00c8 E LATTE<\/td><td>5,00<\/td><\/tr><tr><td>KAHVI \/ TEE<\/td><td>2,50<\/td><\/tr><tr><td><br><\/td><td><\/td><\/tr><tr><td>SORBETTO AL LIMONE<\/td><td>6,50<\/td><\/tr><tr><td>&#8211; italialainen sitruunasorbetti<br>&#8211; Italian lemon sorbet<\/td><td><\/td><\/tr><tr><td>GELATO AL CIOCCOLATO<\/td><td>6,00<\/td><\/tr><tr><td>&#8211; italialaista suklaaj\u00e4\u00e4tel\u00f6\u00e4, kermavaahtoa<br>&#8211; Italia chocolate ice cream with whipped cream<\/td><td><\/td><\/tr><tr><td>GELATO AL PISTACCHIO<\/td><td>6,50<\/td><\/tr><tr><td>&#8211; italialaista pistaasij\u00e4\u00e4tel\u00f6\u00e4, kermavaahtoa<br>&#8211; Italian pistachio ice cream with whipped cream<\/td><td><\/td><\/tr><tr><td>PANNA COTTA<\/td><td>8,00<\/td><\/tr><tr><td>&#8211; kermainen j\u00e4lkiruokaklassikko Italiasta<br>&#8211; classic Italian creamy dessert<\/td><td><\/td><\/tr><\/tbody><\/table><\/figure>\n\n\n\n<h2 class=\"wp-block-heading\">I vini da dessert &#8211; J\u00e4lkiruokaviinit<\/h2>\n\n\n\n<figure class=\"wp-block-table is-style-stripes\"><table><tbody><tr><td>MARSALA Superiore DOC                                                                   <\/td><td>6,50 (8 cl)<\/td><\/tr><tr><td>ZIBIBBO IGT 8<\/td><td>6,50 (8 cl)<\/td><\/tr><\/tbody><\/table><\/figure>\n\n\n\n<h2 class=\"wp-block-heading\">I liquori da dessert \u2013 J\u00e4lkiruokalik\u00f6\u00f6rit<\/h2>\n\n\n\n<figure class=\"wp-block-table is-style-stripes\"><table><tbody><tr><td>LIMONCELLO<\/td><td>7,50 (4 cl)<\/td><\/tr><tr><td>AMARETTO DISARONNO                                                                    <\/td><td>6,50 (4 cl)<\/td><\/tr><tr><td>SAMBUCA<\/td><td>7,50 (4 cl)<\/td><\/tr><tr><td>GALLIANO<\/td><td>6,50 (4 cl)<\/td><\/tr><\/tbody><\/table><\/figure>\n","protected":false},"excerpt":{"rendered":"<p>ESPRESSO 3,50 TIRAMI S\u00d9 6,50 &#8211; kakkupohja, espressoa, lik\u00f6\u00f6ri\u00e4, kananmunaa, mascarponejuustoa&#8211; sponge cake, espresso, liqueur, egg, mascarpone cheese ESPRESSO + TIRAMIS\u00d9 9,00 DOPPIO ESPRESSO 4,50 CAPPUCCINO 4,50 CAFF\u00c8 E LATTE 5,00 KAHVI \/ TEE 2,50 SORBETTO AL LIMONE 6,50 &#8211; italialainen sitruunasorbetti&#8211; Italian lemon sorbet GELATO AL CIOCCOLATO 6,00 &#8211; italialaista suklaaj\u00e4\u00e4tel\u00f6\u00e4, kermavaahtoa&#8211; Italia chocolate [&hellip;]<\/p>\n","protected":false},"author":1,"featured_media":0,"parent":73,"menu_order":0,"comment_status":"closed","ping_status":"closed","template":"","meta":{"footnotes":""},"class_list":["post-201","page","type-page","status-publish","hentry"],"yoast_head":"<!-- This site is optimized with the Yoast SEO plugin v23.5 - https:\/\/yoast.com\/wordpress\/plugins\/seo\/ -->\n<title>Italialainen ravintola Villetta, Helsinki - Trattoria, Pizzeria<\/title>\n<meta name=\"description\" content=\"Pizzat, pastat. Italialainen ravintola Villetta sijaitsee Ruusulankatu 8:ssa Helsingiss\u00e4.\" \/>\n<meta name=\"robots\" content=\"index, follow, max-snippet:-1, max-image-preview:large, max-video-preview:-1\" \/>\n<link rel=\"canonical\" href=\"https:\/\/www.villetta.fi\/fi\/menu\/i-caffe-e-dolci-kahvit-ja-jalkiruoat\/\" \/>\n<meta property=\"og:locale\" content=\"en_GB\" \/>\n<meta property=\"og:type\" content=\"article\" \/>\n<meta property=\"og:title\" content=\"Italialainen ravintola Villetta, Helsinki - Trattoria, Pizzeria\" \/>\n<meta property=\"og:description\" content=\"Pizzat, pastat. Italialainen ravintola Villetta sijaitsee Ruusulankatu 8:ssa Helsingiss\u00e4.\" \/>\n<meta property=\"og:url\" content=\"https:\/\/www.villetta.fi\/fi\/menu\/i-caffe-e-dolci-kahvit-ja-jalkiruoat\/\" \/>\n<meta property=\"og:site_name\" content=\"Italialainen ravintola Villetta, Helsinki\" \/>\n<meta property=\"article:publisher\" content=\"https:\/\/www.facebook.com\/RavintolaVilletta\/\" \/>\n<meta property=\"article:modified_time\" content=\"2026-01-24T09:18:11+00:00\" \/>\n<meta name=\"twitter:card\" content=\"summary_large_image\" \/>\n<meta name=\"twitter:label1\" content=\"Estimated reading time\" \/>\n\t<meta name=\"twitter:data1\" content=\"1 minute\" \/>\n<script type=\"application\/ld+json\" class=\"yoast-schema-graph\">{\"@context\":\"https:\/\/schema.org\",\"@graph\":[{\"@type\":\"WebPage\",\"@id\":\"https:\/\/www.villetta.fi\/fi\/menu\/i-caffe-e-dolci-kahvit-ja-jalkiruoat\/\",\"url\":\"https:\/\/www.villetta.fi\/fi\/menu\/i-caffe-e-dolci-kahvit-ja-jalkiruoat\/\",\"name\":\"Italialainen ravintola Villetta, Helsinki - Trattoria, Pizzeria\",\"isPartOf\":{\"@id\":\"https:\/\/www.villetta.fi\/fi\/#website\"},\"datePublished\":\"2023-05-30T09:28:26+00:00\",\"dateModified\":\"2026-01-24T09:18:11+00:00\",\"description\":\"Pizzat, pastat. Italialainen ravintola Villetta sijaitsee Ruusulankatu 8:ssa Helsingiss\u00e4.\",\"breadcrumb\":{\"@id\":\"https:\/\/www.villetta.fi\/fi\/menu\/i-caffe-e-dolci-kahvit-ja-jalkiruoat\/#breadcrumb\"},\"inLanguage\":\"en-GB\",\"potentialAction\":[{\"@type\":\"ReadAction\",\"target\":[\"https:\/\/www.villetta.fi\/fi\/menu\/i-caffe-e-dolci-kahvit-ja-jalkiruoat\/\"]}]},{\"@type\":\"BreadcrumbList\",\"@id\":\"https:\/\/www.villetta.fi\/fi\/menu\/i-caffe-e-dolci-kahvit-ja-jalkiruoat\/#breadcrumb\",\"itemListElement\":[{\"@type\":\"ListItem\",\"position\":1,\"name\":\"Home\",\"item\":\"https:\/\/www.villetta.fi\/fi\/\"},{\"@type\":\"ListItem\",\"position\":2,\"name\":\"Menu\",\"item\":\"https:\/\/www.villetta.fi\/fi\/menu\/\"},{\"@type\":\"ListItem\",\"position\":3,\"name\":\"I caff\u00e8 e dolci \u2013 Kahvit ja J\u00e4lkiruoat\"}]},{\"@type\":\"WebSite\",\"@id\":\"https:\/\/www.villetta.fi\/fi\/#website\",\"url\":\"https:\/\/www.villetta.fi\/fi\/\",\"name\":\"Italialainen ravintola Villetta, Helsinki\",\"description\":\"Italialainen ravintola Villetta, Helsinki\",\"publisher\":{\"@id\":\"https:\/\/www.villetta.fi\/fi\/#organization\"},\"potentialAction\":[{\"@type\":\"SearchAction\",\"target\":{\"@type\":\"EntryPoint\",\"urlTemplate\":\"https:\/\/www.villetta.fi\/fi\/?s={search_term_string}\"},\"query-input\":{\"@type\":\"PropertyValueSpecification\",\"valueRequired\":true,\"valueName\":\"search_term_string\"}}],\"inLanguage\":\"en-GB\"},{\"@type\":\"Organization\",\"@id\":\"https:\/\/www.villetta.fi\/fi\/#organization\",\"name\":\"Italialainen ravintola Villetta, Helsinki\",\"url\":\"https:\/\/www.villetta.fi\/fi\/\",\"logo\":{\"@type\":\"ImageObject\",\"inLanguage\":\"en-GB\",\"@id\":\"https:\/\/www.villetta.fi\/fi\/#\/schema\/logo\/image\/\",\"url\":\"https:\/\/www.villetta.fi\/fi\/wp-content\/uploads\/2023\/05\/logo.png\",\"contentUrl\":\"https:\/\/www.villetta.fi\/fi\/wp-content\/uploads\/2023\/05\/logo.png\",\"width\":614,\"height\":217,\"caption\":\"Italialainen ravintola Villetta, Helsinki\"},\"image\":{\"@id\":\"https:\/\/www.villetta.fi\/fi\/#\/schema\/logo\/image\/\"},\"sameAs\":[\"https:\/\/www.facebook.com\/RavintolaVilletta\/\"]}]}<\/script>\n<!-- \/ Yoast SEO plugin. -->","yoast_head_json":{"title":"Italialainen ravintola Villetta, Helsinki - Trattoria, Pizzeria","description":"Pizzat, pastat. Italialainen ravintola Villetta sijaitsee Ruusulankatu 8:ssa Helsingiss\u00e4.","robots":{"index":"index","follow":"follow","max-snippet":"max-snippet:-1","max-image-preview":"max-image-preview:large","max-video-preview":"max-video-preview:-1"},"canonical":"https:\/\/www.villetta.fi\/fi\/menu\/i-caffe-e-dolci-kahvit-ja-jalkiruoat\/","og_locale":"en_GB","og_type":"article","og_title":"Italialainen ravintola Villetta, Helsinki - Trattoria, Pizzeria","og_description":"Pizzat, pastat. Italialainen ravintola Villetta sijaitsee Ruusulankatu 8:ssa Helsingiss\u00e4.","og_url":"https:\/\/www.villetta.fi\/fi\/menu\/i-caffe-e-dolci-kahvit-ja-jalkiruoat\/","og_site_name":"Italialainen ravintola Villetta, Helsinki","article_publisher":"https:\/\/www.facebook.com\/RavintolaVilletta\/","article_modified_time":"2026-01-24T09:18:11+00:00","twitter_card":"summary_large_image","twitter_misc":{"Estimated reading time":"1 minute"},"schema":{"@context":"https:\/\/schema.org","@graph":[{"@type":"WebPage","@id":"https:\/\/www.villetta.fi\/fi\/menu\/i-caffe-e-dolci-kahvit-ja-jalkiruoat\/","url":"https:\/\/www.villetta.fi\/fi\/menu\/i-caffe-e-dolci-kahvit-ja-jalkiruoat\/","name":"Italialainen ravintola Villetta, Helsinki - Trattoria, Pizzeria","isPartOf":{"@id":"https:\/\/www.villetta.fi\/fi\/#website"},"datePublished":"2023-05-30T09:28:26+00:00","dateModified":"2026-01-24T09:18:11+00:00","description":"Pizzat, pastat. Italialainen ravintola Villetta sijaitsee Ruusulankatu 8:ssa Helsingiss\u00e4.","breadcrumb":{"@id":"https:\/\/www.villetta.fi\/fi\/menu\/i-caffe-e-dolci-kahvit-ja-jalkiruoat\/#breadcrumb"},"inLanguage":"en-GB","potentialAction":[{"@type":"ReadAction","target":["https:\/\/www.villetta.fi\/fi\/menu\/i-caffe-e-dolci-kahvit-ja-jalkiruoat\/"]}]},{"@type":"BreadcrumbList","@id":"https:\/\/www.villetta.fi\/fi\/menu\/i-caffe-e-dolci-kahvit-ja-jalkiruoat\/#breadcrumb","itemListElement":[{"@type":"ListItem","position":1,"name":"Home","item":"https:\/\/www.villetta.fi\/fi\/"},{"@type":"ListItem","position":2,"name":"Menu","item":"https:\/\/www.villetta.fi\/fi\/menu\/"},{"@type":"ListItem","position":3,"name":"I caff\u00e8 e dolci \u2013 Kahvit ja J\u00e4lkiruoat"}]},{"@type":"WebSite","@id":"https:\/\/www.villetta.fi\/fi\/#website","url":"https:\/\/www.villetta.fi\/fi\/","name":"Italialainen ravintola Villetta, Helsinki","description":"Italialainen ravintola Villetta, Helsinki","publisher":{"@id":"https:\/\/www.villetta.fi\/fi\/#organization"},"potentialAction":[{"@type":"SearchAction","target":{"@type":"EntryPoint","urlTemplate":"https:\/\/www.villetta.fi\/fi\/?s={search_term_string}"},"query-input":{"@type":"PropertyValueSpecification","valueRequired":true,"valueName":"search_term_string"}}],"inLanguage":"en-GB"},{"@type":"Organization","@id":"https:\/\/www.villetta.fi\/fi\/#organization","name":"Italialainen ravintola Villetta, Helsinki","url":"https:\/\/www.villetta.fi\/fi\/","logo":{"@type":"ImageObject","inLanguage":"en-GB","@id":"https:\/\/www.villetta.fi\/fi\/#\/schema\/logo\/image\/","url":"https:\/\/www.villetta.fi\/fi\/wp-content\/uploads\/2023\/05\/logo.png","contentUrl":"https:\/\/www.villetta.fi\/fi\/wp-content\/uploads\/2023\/05\/logo.png","width":614,"height":217,"caption":"Italialainen ravintola Villetta, Helsinki"},"image":{"@id":"https:\/\/www.villetta.fi\/fi\/#\/schema\/logo\/image\/"},"sameAs":["https:\/\/www.facebook.com\/RavintolaVilletta\/"]}]}},"_links":{"self":[{"href":"https:\/\/www.villetta.fi\/fi\/wp-json\/wp\/v2\/pages\/201","targetHints":{"allow":["GET"]}}],"collection":[{"href":"https:\/\/www.villetta.fi\/fi\/wp-json\/wp\/v2\/pages"}],"about":[{"href":"https:\/\/www.villetta.fi\/fi\/wp-json\/wp\/v2\/types\/page"}],"author":[{"embeddable":true,"href":"https:\/\/www.villetta.fi\/fi\/wp-json\/wp\/v2\/users\/1"}],"replies":[{"embeddable":true,"href":"https:\/\/www.villetta.fi\/fi\/wp-json\/wp\/v2\/comments?post=201"}],"version-history":[{"count":7,"href":"https:\/\/www.villetta.fi\/fi\/wp-json\/wp\/v2\/pages\/201\/revisions"}],"predecessor-version":[{"id":455,"href":"https:\/\/www.villetta.fi\/fi\/wp-json\/wp\/v2\/pages\/201\/revisions\/455"}],"up":[{"embeddable":true,"href":"https:\/\/www.villetta.fi\/fi\/wp-json\/wp\/v2\/pages\/73"}],"wp:attachment":[{"href":"https:\/\/www.villetta.fi\/fi\/wp-json\/wp\/v2\/media?parent=201"}],"curies":[{"name":"wp","href":"https:\/\/api.w.org\/{rel}","templated":true}]}}