{"id":203,"date":"2023-05-30T10:39:12","date_gmt":"2023-05-30T09:39:12","guid":{"rendered":"https:\/\/www.villetta.fi\/uusi\/?page_id=203"},"modified":"2023-05-30T10:39:36","modified_gmt":"2023-05-30T09:39:36","slug":"le-birre-e-i-sidri-oluet-ja-siiderit","status":"publish","type":"page","link":"https:\/\/www.villetta.fi\/fi\/menu\/le-birre-e-i-sidri-oluet-ja-siiderit\/","title":{"rendered":"Le birre e i sidri \u2013 Oluet ja Siiderit"},"content":{"rendered":"\n<figure class=\"wp-block-table is-style-stripes\"><table><tbody><tr><td><\/td><td>33 cl<\/td><td>0,5 l<\/td><\/tr><tr><td>OLUT \/ BEER I \u2013 Olvi<\/td><td>4,00<\/td><td><\/td><\/tr><tr><td>OLUT \/ BEER III \u2013 Karhu<\/td><td><\/td><td>6,50<\/td><\/tr><tr><td>OLUT \/ BEER IV \u2013 Karhu<\/td><td><\/td><td>7,00<\/td><\/tr><tr><td>OLUT \/ BEER \u2013 Bud\u011bjovick\u00fd Budvar Premium Dark Lager<\/td><td><\/td><td>9,00<\/td><\/tr><tr><td>BIRRA ITALIANA \u2013 Nastro Azzurro Peroni (III)<\/td><td>6,00<\/td><td><\/td><\/tr><tr><td>BIRRA ITALIANA \u2013 Birreria Theresianer Lager (III)<\/td><td>6,00<\/td><td><\/td><\/tr><tr><td>BIRRA ITALIANA \u2013 Birreria Theresianer Red beer (IV)<\/td><td>6,50<\/td><td><\/td><\/tr><tr><td>BIRRA ITALIANA \u2013 Angelo Poretti Premium Lager (IV)<\/td><td>6,50<\/td><td><\/td><\/tr><tr><td>SIIDERI \/ CIDER (omena tai p\u00e4\u00e4ryn\u00e4)<\/td><td>5,50<\/td><td><\/td><\/tr><tr><td>ALKOHOLITON OLUT\/ NON-ALCOHOLIC BEER<\/td><td>4,00<\/td><td><\/td><\/tr><tr><td>LONKERO \/ ORIGINAL FINNISH LONG DRINK<\/td><td>5,50<\/td><td><\/td><\/tr><\/tbody><\/table><\/figure>\n\n\n\n<h2 class=\"wp-block-heading\">I digestivi e i distillati \u2013 Digestiivit<\/h2>\n\n\n\n<figure class=\"wp-block-table is-style-stripes\"><table><tbody><tr><td><\/td><td>4 cl<\/td><\/tr><tr><td>FERNET-BRANCA, BRANCA MENTA tai AMARO AVERNA<\/td><td>6,50<\/td><\/tr><tr><td>GRAPPA BIANCA TRADIZIONALE chardonnay ja teroldego<\/td><td>7,50<\/td><\/tr><tr><td>GRAPPA di AMARONE (barriqued)<\/td><td>9,00<\/td><\/tr><tr><td>DRY SILVER GIN<\/td><td>6,00<\/td><\/tr><tr><td>DRY VODKA<\/td><td>6,00<\/td><\/tr><\/tbody><\/table><\/figure>\n\n\n\n<h2 class=\"wp-block-heading\">I Whisky &#8211; Viskit<\/h2>\n\n\n\n<figure class=\"wp-block-table is-style-stripes\"><table><tbody><tr><td>JAMESON<\/td><td>7,00<\/td><\/tr><tr><td>GLENLIVET 12 years                                                                                  <\/td><td>9,00<\/td><\/tr><\/tbody><\/table><\/figure>\n\n\n\n<h2 class=\"wp-block-heading\">I Cognac e i Brandy &#8211; Konjakit ja brandyt<\/h2>\n\n\n\n<figure class=\"wp-block-table is-style-stripes\"><table><tbody><tr><td>MONNET<\/td><td>7,00<\/td><\/tr><tr><td>CALVADOS<\/td><td>8,00<\/td><\/tr><tr><td>VECCHIA ROMANA                                                                                       <\/td><td>8,00<\/td><\/tr><\/tbody><\/table><\/figure>\n","protected":false},"excerpt":{"rendered":"<p>33 cl 0,5 l OLUT \/ BEER I \u2013 Olvi 4,00 OLUT \/ BEER III \u2013 Karhu 6,50 OLUT \/ BEER IV \u2013 Karhu 7,00 OLUT \/ BEER \u2013 Bud\u011bjovick\u00fd Budvar Premium Dark Lager 9,00 BIRRA ITALIANA \u2013 Nastro Azzurro Peroni (III) 6,00 BIRRA ITALIANA \u2013 Birreria Theresianer Lager (III) 6,00 BIRRA ITALIANA \u2013 Birreria [&hellip;]<\/p>\n","protected":false},"author":1,"featured_media":0,"parent":73,"menu_order":0,"comment_status":"closed","ping_status":"closed","template":"","meta":{"footnotes":""},"class_list":["post-203","page","type-page","status-publish","hentry"],"yoast_head":"<!-- This site is optimized with the Yoast SEO plugin v23.5 - https:\/\/yoast.com\/wordpress\/plugins\/seo\/ -->\n<title>Le birre e i sidri \u2013 Oluet ja Siiderit - Italialainen ravintola Villetta, Helsinki<\/title>\n<meta name=\"robots\" content=\"index, follow, max-snippet:-1, max-image-preview:large, max-video-preview:-1\" \/>\n<link rel=\"canonical\" href=\"https:\/\/www.villetta.fi\/fi\/menu\/le-birre-e-i-sidri-oluet-ja-siiderit\/\" \/>\n<meta property=\"og:locale\" content=\"en_GB\" \/>\n<meta property=\"og:type\" content=\"article\" \/>\n<meta property=\"og:title\" content=\"Le birre e i sidri \u2013 Oluet ja Siiderit - Italialainen ravintola Villetta, Helsinki\" \/>\n<meta property=\"og:description\" content=\"33 cl 0,5 l OLUT \/ BEER I \u2013 Olvi 4,00 OLUT \/ BEER III \u2013 Karhu 6,50 OLUT \/ BEER IV \u2013 Karhu 7,00 OLUT \/ BEER \u2013 Bud\u011bjovick\u00fd Budvar Premium Dark Lager 9,00 BIRRA ITALIANA \u2013 Nastro Azzurro Peroni (III) 6,00 BIRRA ITALIANA \u2013 Birreria Theresianer Lager (III) 6,00 BIRRA ITALIANA \u2013 Birreria [&hellip;]\" \/>\n<meta property=\"og:url\" content=\"https:\/\/www.villetta.fi\/fi\/menu\/le-birre-e-i-sidri-oluet-ja-siiderit\/\" \/>\n<meta property=\"og:site_name\" content=\"Italialainen ravintola Villetta, Helsinki\" \/>\n<meta property=\"article:publisher\" content=\"https:\/\/www.facebook.com\/RavintolaVilletta\/\" \/>\n<meta property=\"article:modified_time\" content=\"2023-05-30T09:39:36+00:00\" \/>\n<meta name=\"twitter:card\" content=\"summary_large_image\" \/>\n<meta name=\"twitter:label1\" content=\"Estimated reading time\" \/>\n\t<meta name=\"twitter:data1\" content=\"1 minute\" \/>\n<script type=\"application\/ld+json\" class=\"yoast-schema-graph\">{\"@context\":\"https:\/\/schema.org\",\"@graph\":[{\"@type\":\"WebPage\",\"@id\":\"https:\/\/www.villetta.fi\/fi\/menu\/le-birre-e-i-sidri-oluet-ja-siiderit\/\",\"url\":\"https:\/\/www.villetta.fi\/fi\/menu\/le-birre-e-i-sidri-oluet-ja-siiderit\/\",\"name\":\"Le birre e i sidri \u2013 Oluet ja Siiderit - Italialainen ravintola Villetta, Helsinki\",\"isPartOf\":{\"@id\":\"https:\/\/www.villetta.fi\/fi\/#website\"},\"datePublished\":\"2023-05-30T09:39:12+00:00\",\"dateModified\":\"2023-05-30T09:39:36+00:00\",\"breadcrumb\":{\"@id\":\"https:\/\/www.villetta.fi\/fi\/menu\/le-birre-e-i-sidri-oluet-ja-siiderit\/#breadcrumb\"},\"inLanguage\":\"en-GB\",\"potentialAction\":[{\"@type\":\"ReadAction\",\"target\":[\"https:\/\/www.villetta.fi\/fi\/menu\/le-birre-e-i-sidri-oluet-ja-siiderit\/\"]}]},{\"@type\":\"BreadcrumbList\",\"@id\":\"https:\/\/www.villetta.fi\/fi\/menu\/le-birre-e-i-sidri-oluet-ja-siiderit\/#breadcrumb\",\"itemListElement\":[{\"@type\":\"ListItem\",\"position\":1,\"name\":\"Home\",\"item\":\"https:\/\/www.villetta.fi\/fi\/\"},{\"@type\":\"ListItem\",\"position\":2,\"name\":\"Menu\",\"item\":\"https:\/\/www.villetta.fi\/fi\/menu\/\"},{\"@type\":\"ListItem\",\"position\":3,\"name\":\"Le birre e i sidri \u2013 Oluet ja Siiderit\"}]},{\"@type\":\"WebSite\",\"@id\":\"https:\/\/www.villetta.fi\/fi\/#website\",\"url\":\"https:\/\/www.villetta.fi\/fi\/\",\"name\":\"Italialainen ravintola Villetta, Helsinki\",\"description\":\"Italialainen ravintola Villetta, Helsinki\",\"publisher\":{\"@id\":\"https:\/\/www.villetta.fi\/fi\/#organization\"},\"potentialAction\":[{\"@type\":\"SearchAction\",\"target\":{\"@type\":\"EntryPoint\",\"urlTemplate\":\"https:\/\/www.villetta.fi\/fi\/?s={search_term_string}\"},\"query-input\":{\"@type\":\"PropertyValueSpecification\",\"valueRequired\":true,\"valueName\":\"search_term_string\"}}],\"inLanguage\":\"en-GB\"},{\"@type\":\"Organization\",\"@id\":\"https:\/\/www.villetta.fi\/fi\/#organization\",\"name\":\"Italialainen ravintola Villetta, Helsinki\",\"url\":\"https:\/\/www.villetta.fi\/fi\/\",\"logo\":{\"@type\":\"ImageObject\",\"inLanguage\":\"en-GB\",\"@id\":\"https:\/\/www.villetta.fi\/fi\/#\/schema\/logo\/image\/\",\"url\":\"https:\/\/www.villetta.fi\/fi\/wp-content\/uploads\/2023\/05\/logo.png\",\"contentUrl\":\"https:\/\/www.villetta.fi\/fi\/wp-content\/uploads\/2023\/05\/logo.png\",\"width\":614,\"height\":217,\"caption\":\"Italialainen ravintola Villetta, Helsinki\"},\"image\":{\"@id\":\"https:\/\/www.villetta.fi\/fi\/#\/schema\/logo\/image\/\"},\"sameAs\":[\"https:\/\/www.facebook.com\/RavintolaVilletta\/\"]}]}<\/script>\n<!-- \/ Yoast SEO plugin. -->","yoast_head_json":{"title":"Le birre e i sidri \u2013 Oluet ja Siiderit - Italialainen ravintola Villetta, Helsinki","robots":{"index":"index","follow":"follow","max-snippet":"max-snippet:-1","max-image-preview":"max-image-preview:large","max-video-preview":"max-video-preview:-1"},"canonical":"https:\/\/www.villetta.fi\/fi\/menu\/le-birre-e-i-sidri-oluet-ja-siiderit\/","og_locale":"en_GB","og_type":"article","og_title":"Le birre e i sidri \u2013 Oluet ja Siiderit - Italialainen ravintola Villetta, Helsinki","og_description":"33 cl 0,5 l OLUT \/ BEER I \u2013 Olvi 4,00 OLUT \/ BEER III \u2013 Karhu 6,50 OLUT \/ BEER IV \u2013 Karhu 7,00 OLUT \/ BEER \u2013 Bud\u011bjovick\u00fd Budvar Premium Dark Lager 9,00 BIRRA ITALIANA \u2013 Nastro Azzurro Peroni (III) 6,00 BIRRA ITALIANA \u2013 Birreria Theresianer Lager (III) 6,00 BIRRA ITALIANA \u2013 Birreria [&hellip;]","og_url":"https:\/\/www.villetta.fi\/fi\/menu\/le-birre-e-i-sidri-oluet-ja-siiderit\/","og_site_name":"Italialainen ravintola Villetta, Helsinki","article_publisher":"https:\/\/www.facebook.com\/RavintolaVilletta\/","article_modified_time":"2023-05-30T09:39:36+00:00","twitter_card":"summary_large_image","twitter_misc":{"Estimated reading time":"1 minute"},"schema":{"@context":"https:\/\/schema.org","@graph":[{"@type":"WebPage","@id":"https:\/\/www.villetta.fi\/fi\/menu\/le-birre-e-i-sidri-oluet-ja-siiderit\/","url":"https:\/\/www.villetta.fi\/fi\/menu\/le-birre-e-i-sidri-oluet-ja-siiderit\/","name":"Le birre e i sidri \u2013 Oluet ja Siiderit - Italialainen ravintola Villetta, Helsinki","isPartOf":{"@id":"https:\/\/www.villetta.fi\/fi\/#website"},"datePublished":"2023-05-30T09:39:12+00:00","dateModified":"2023-05-30T09:39:36+00:00","breadcrumb":{"@id":"https:\/\/www.villetta.fi\/fi\/menu\/le-birre-e-i-sidri-oluet-ja-siiderit\/#breadcrumb"},"inLanguage":"en-GB","potentialAction":[{"@type":"ReadAction","target":["https:\/\/www.villetta.fi\/fi\/menu\/le-birre-e-i-sidri-oluet-ja-siiderit\/"]}]},{"@type":"BreadcrumbList","@id":"https:\/\/www.villetta.fi\/fi\/menu\/le-birre-e-i-sidri-oluet-ja-siiderit\/#breadcrumb","itemListElement":[{"@type":"ListItem","position":1,"name":"Home","item":"https:\/\/www.villetta.fi\/fi\/"},{"@type":"ListItem","position":2,"name":"Menu","item":"https:\/\/www.villetta.fi\/fi\/menu\/"},{"@type":"ListItem","position":3,"name":"Le birre e i sidri \u2013 Oluet ja Siiderit"}]},{"@type":"WebSite","@id":"https:\/\/www.villetta.fi\/fi\/#website","url":"https:\/\/www.villetta.fi\/fi\/","name":"Italialainen ravintola Villetta, Helsinki","description":"Italialainen ravintola Villetta, Helsinki","publisher":{"@id":"https:\/\/www.villetta.fi\/fi\/#organization"},"potentialAction":[{"@type":"SearchAction","target":{"@type":"EntryPoint","urlTemplate":"https:\/\/www.villetta.fi\/fi\/?s={search_term_string}"},"query-input":{"@type":"PropertyValueSpecification","valueRequired":true,"valueName":"search_term_string"}}],"inLanguage":"en-GB"},{"@type":"Organization","@id":"https:\/\/www.villetta.fi\/fi\/#organization","name":"Italialainen ravintola Villetta, Helsinki","url":"https:\/\/www.villetta.fi\/fi\/","logo":{"@type":"ImageObject","inLanguage":"en-GB","@id":"https:\/\/www.villetta.fi\/fi\/#\/schema\/logo\/image\/","url":"https:\/\/www.villetta.fi\/fi\/wp-content\/uploads\/2023\/05\/logo.png","contentUrl":"https:\/\/www.villetta.fi\/fi\/wp-content\/uploads\/2023\/05\/logo.png","width":614,"height":217,"caption":"Italialainen ravintola Villetta, Helsinki"},"image":{"@id":"https:\/\/www.villetta.fi\/fi\/#\/schema\/logo\/image\/"},"sameAs":["https:\/\/www.facebook.com\/RavintolaVilletta\/"]}]}},"_links":{"self":[{"href":"https:\/\/www.villetta.fi\/fi\/wp-json\/wp\/v2\/pages\/203","targetHints":{"allow":["GET"]}}],"collection":[{"href":"https:\/\/www.villetta.fi\/fi\/wp-json\/wp\/v2\/pages"}],"about":[{"href":"https:\/\/www.villetta.fi\/fi\/wp-json\/wp\/v2\/types\/page"}],"author":[{"embeddable":true,"href":"https:\/\/www.villetta.fi\/fi\/wp-json\/wp\/v2\/users\/1"}],"replies":[{"embeddable":true,"href":"https:\/\/www.villetta.fi\/fi\/wp-json\/wp\/v2\/comments?post=203"}],"version-history":[{"count":1,"href":"https:\/\/www.villetta.fi\/fi\/wp-json\/wp\/v2\/pages\/203\/revisions"}],"predecessor-version":[{"id":204,"href":"https:\/\/www.villetta.fi\/fi\/wp-json\/wp\/v2\/pages\/203\/revisions\/204"}],"up":[{"embeddable":true,"href":"https:\/\/www.villetta.fi\/fi\/wp-json\/wp\/v2\/pages\/73"}],"wp:attachment":[{"href":"https:\/\/www.villetta.fi\/fi\/wp-json\/wp\/v2\/media?parent=203"}],"curies":[{"name":"wp","href":"https:\/\/api.w.org\/{rel}","templated":true}]}}