{"id":205,"date":"2023-05-30T10:46:28","date_gmt":"2023-05-30T09:46:28","guid":{"rendered":"https:\/\/www.villetta.fi\/uusi\/?page_id=205"},"modified":"2023-06-07T18:49:12","modified_gmt":"2023-06-07T17:49:12","slug":"le-bevande-analcoliche-juomat","status":"publish","type":"page","link":"https:\/\/www.villetta.fi\/fi\/menu\/le-bevande-analcoliche-juomat\/","title":{"rendered":"Le bevande analcoliche &#8211; Juomat"},"content":{"rendered":"\n<figure class=\"wp-block-table is-style-stripes\"><table><tbody><tr><td>VIRVOKKEET \/ REFRESHEMENTS<\/td><td><\/td><td>3,50<\/td><\/tr><tr><td>&#8211; Coca Cola<br>&#8211; Sprite<br>&#8211; Fanta<\/td><td><\/td><td><\/td><\/tr><tr><td>APPELSIINI- TAI OMENAMEHU \/ ORANGE OR APPLE JUICE<\/td><td>lasi<\/td><td>3,00<\/td><\/tr><tr><td>SAN PELLEGRINO \/ SAN BENEDETTO<\/td><td>0,5 l<\/td><td>4,50<\/td><\/tr><tr><td>&#8211; Italialainen kivenn\u00e4isvesi<br>&#8211; Italian mineral water<\/td><td><\/td><td><\/td><\/tr><tr><td>J\u00c4\u00c4VESI \/ ICE WATER<\/td><td><\/td><td>1,00<\/td><\/tr><\/tbody><\/table><\/figure>\n\n\n\n<h2 class=\"wp-block-heading\">I caff\u00e9 corretti &#8211; Ter\u00e4stetyt Kahvit<\/h2>\n\n\n\n<figure class=\"wp-block-table is-style-stripes\"><table><tbody><tr><td>IRISH COFFEE<\/td><td>4 cl<\/td><td>10,00<\/td><\/tr><tr><td>&#8211; Jameson, espressoa, kermaa<\/td><td><\/td><td><\/td><\/tr><tr><td>ESPRESSO AMARETTO<\/td><td>4 cl<\/td><td>8,50<\/td><\/tr><tr><td>&#8211; Amaretto Disaronno, espressoa, kermaa<\/td><td><\/td><td><\/td><\/tr><tr><td>CAFF\u00c8 CORRETTO<\/td><td>4 cl<\/td><td>8,50<\/td><\/tr><tr><td>Vecchia Romagna, espressoa, kermaa<\/td><td><\/td><td><\/td><\/tr><\/tbody><\/table><\/figure>\n","protected":false},"excerpt":{"rendered":"<p>VIRVOKKEET \/ REFRESHEMENTS 3,50 &#8211; Coca Cola&#8211; Sprite&#8211; Fanta APPELSIINI- TAI OMENAMEHU \/ ORANGE OR APPLE JUICE lasi 3,00 SAN PELLEGRINO \/ SAN BENEDETTO 0,5 l 4,50 &#8211; Italialainen kivenn\u00e4isvesi&#8211; Italian mineral water J\u00c4\u00c4VESI \/ ICE WATER 1,00 I caff\u00e9 corretti &#8211; Ter\u00e4stetyt Kahvit IRISH COFFEE 4 cl 10,00 &#8211; Jameson, espressoa, kermaa ESPRESSO AMARETTO [&hellip;]<\/p>\n","protected":false},"author":1,"featured_media":0,"parent":73,"menu_order":0,"comment_status":"closed","ping_status":"closed","template":"","meta":{"footnotes":""},"class_list":["post-205","page","type-page","status-publish","hentry"],"yoast_head":"<!-- This site is optimized with the Yoast SEO plugin v23.5 - https:\/\/yoast.com\/wordpress\/plugins\/seo\/ -->\n<title>Italialainen ravintola Villetta, Helsinki - Trattoria, Pizzeria<\/title>\n<meta name=\"description\" content=\"Pizzat, pastat, juomat. Italialainen ravintola Villetta sijaitsee Ruusulankatu 8:ssa Helsingiss\u00e4.\" \/>\n<meta name=\"robots\" content=\"index, follow, max-snippet:-1, max-image-preview:large, max-video-preview:-1\" \/>\n<link rel=\"canonical\" href=\"https:\/\/www.villetta.fi\/fi\/menu\/le-bevande-analcoliche-juomat\/\" \/>\n<meta property=\"og:locale\" content=\"en_GB\" \/>\n<meta property=\"og:type\" content=\"article\" \/>\n<meta property=\"og:title\" content=\"Italialainen ravintola Villetta, Helsinki - Trattoria, Pizzeria\" \/>\n<meta property=\"og:description\" content=\"Pizzat, pastat, juomat. Italialainen ravintola Villetta sijaitsee Ruusulankatu 8:ssa Helsingiss\u00e4.\" \/>\n<meta property=\"og:url\" content=\"https:\/\/www.villetta.fi\/fi\/menu\/le-bevande-analcoliche-juomat\/\" \/>\n<meta property=\"og:site_name\" content=\"Italialainen ravintola Villetta, Helsinki\" \/>\n<meta property=\"article:publisher\" content=\"https:\/\/www.facebook.com\/RavintolaVilletta\/\" \/>\n<meta property=\"article:modified_time\" content=\"2023-06-07T17:49:12+00:00\" \/>\n<meta name=\"twitter:card\" content=\"summary_large_image\" \/>\n<meta name=\"twitter:label1\" content=\"Estimated reading time\" \/>\n\t<meta name=\"twitter:data1\" content=\"1 minute\" \/>\n<script type=\"application\/ld+json\" class=\"yoast-schema-graph\">{\"@context\":\"https:\/\/schema.org\",\"@graph\":[{\"@type\":\"WebPage\",\"@id\":\"https:\/\/www.villetta.fi\/fi\/menu\/le-bevande-analcoliche-juomat\/\",\"url\":\"https:\/\/www.villetta.fi\/fi\/menu\/le-bevande-analcoliche-juomat\/\",\"name\":\"Italialainen ravintola Villetta, Helsinki - Trattoria, Pizzeria\",\"isPartOf\":{\"@id\":\"https:\/\/www.villetta.fi\/fi\/#website\"},\"datePublished\":\"2023-05-30T09:46:28+00:00\",\"dateModified\":\"2023-06-07T17:49:12+00:00\",\"description\":\"Pizzat, pastat, juomat. Italialainen ravintola Villetta sijaitsee Ruusulankatu 8:ssa Helsingiss\u00e4.\",\"breadcrumb\":{\"@id\":\"https:\/\/www.villetta.fi\/fi\/menu\/le-bevande-analcoliche-juomat\/#breadcrumb\"},\"inLanguage\":\"en-GB\",\"potentialAction\":[{\"@type\":\"ReadAction\",\"target\":[\"https:\/\/www.villetta.fi\/fi\/menu\/le-bevande-analcoliche-juomat\/\"]}]},{\"@type\":\"BreadcrumbList\",\"@id\":\"https:\/\/www.villetta.fi\/fi\/menu\/le-bevande-analcoliche-juomat\/#breadcrumb\",\"itemListElement\":[{\"@type\":\"ListItem\",\"position\":1,\"name\":\"Home\",\"item\":\"https:\/\/www.villetta.fi\/fi\/\"},{\"@type\":\"ListItem\",\"position\":2,\"name\":\"Menu\",\"item\":\"https:\/\/www.villetta.fi\/fi\/menu\/\"},{\"@type\":\"ListItem\",\"position\":3,\"name\":\"Le bevande analcoliche &#8211; Juomat\"}]},{\"@type\":\"WebSite\",\"@id\":\"https:\/\/www.villetta.fi\/fi\/#website\",\"url\":\"https:\/\/www.villetta.fi\/fi\/\",\"name\":\"Italialainen ravintola Villetta, Helsinki\",\"description\":\"Italialainen ravintola Villetta, Helsinki\",\"publisher\":{\"@id\":\"https:\/\/www.villetta.fi\/fi\/#organization\"},\"potentialAction\":[{\"@type\":\"SearchAction\",\"target\":{\"@type\":\"EntryPoint\",\"urlTemplate\":\"https:\/\/www.villetta.fi\/fi\/?s={search_term_string}\"},\"query-input\":{\"@type\":\"PropertyValueSpecification\",\"valueRequired\":true,\"valueName\":\"search_term_string\"}}],\"inLanguage\":\"en-GB\"},{\"@type\":\"Organization\",\"@id\":\"https:\/\/www.villetta.fi\/fi\/#organization\",\"name\":\"Italialainen ravintola Villetta, Helsinki\",\"url\":\"https:\/\/www.villetta.fi\/fi\/\",\"logo\":{\"@type\":\"ImageObject\",\"inLanguage\":\"en-GB\",\"@id\":\"https:\/\/www.villetta.fi\/fi\/#\/schema\/logo\/image\/\",\"url\":\"https:\/\/www.villetta.fi\/fi\/wp-content\/uploads\/2023\/05\/logo.png\",\"contentUrl\":\"https:\/\/www.villetta.fi\/fi\/wp-content\/uploads\/2023\/05\/logo.png\",\"width\":614,\"height\":217,\"caption\":\"Italialainen ravintola Villetta, Helsinki\"},\"image\":{\"@id\":\"https:\/\/www.villetta.fi\/fi\/#\/schema\/logo\/image\/\"},\"sameAs\":[\"https:\/\/www.facebook.com\/RavintolaVilletta\/\"]}]}<\/script>\n<!-- \/ Yoast SEO plugin. -->","yoast_head_json":{"title":"Italialainen ravintola Villetta, Helsinki - Trattoria, Pizzeria","description":"Pizzat, pastat, juomat. Italialainen ravintola Villetta sijaitsee Ruusulankatu 8:ssa Helsingiss\u00e4.","robots":{"index":"index","follow":"follow","max-snippet":"max-snippet:-1","max-image-preview":"max-image-preview:large","max-video-preview":"max-video-preview:-1"},"canonical":"https:\/\/www.villetta.fi\/fi\/menu\/le-bevande-analcoliche-juomat\/","og_locale":"en_GB","og_type":"article","og_title":"Italialainen ravintola Villetta, Helsinki - Trattoria, Pizzeria","og_description":"Pizzat, pastat, juomat. Italialainen ravintola Villetta sijaitsee Ruusulankatu 8:ssa Helsingiss\u00e4.","og_url":"https:\/\/www.villetta.fi\/fi\/menu\/le-bevande-analcoliche-juomat\/","og_site_name":"Italialainen ravintola Villetta, Helsinki","article_publisher":"https:\/\/www.facebook.com\/RavintolaVilletta\/","article_modified_time":"2023-06-07T17:49:12+00:00","twitter_card":"summary_large_image","twitter_misc":{"Estimated reading time":"1 minute"},"schema":{"@context":"https:\/\/schema.org","@graph":[{"@type":"WebPage","@id":"https:\/\/www.villetta.fi\/fi\/menu\/le-bevande-analcoliche-juomat\/","url":"https:\/\/www.villetta.fi\/fi\/menu\/le-bevande-analcoliche-juomat\/","name":"Italialainen ravintola Villetta, Helsinki - Trattoria, Pizzeria","isPartOf":{"@id":"https:\/\/www.villetta.fi\/fi\/#website"},"datePublished":"2023-05-30T09:46:28+00:00","dateModified":"2023-06-07T17:49:12+00:00","description":"Pizzat, pastat, juomat. Italialainen ravintola Villetta sijaitsee Ruusulankatu 8:ssa Helsingiss\u00e4.","breadcrumb":{"@id":"https:\/\/www.villetta.fi\/fi\/menu\/le-bevande-analcoliche-juomat\/#breadcrumb"},"inLanguage":"en-GB","potentialAction":[{"@type":"ReadAction","target":["https:\/\/www.villetta.fi\/fi\/menu\/le-bevande-analcoliche-juomat\/"]}]},{"@type":"BreadcrumbList","@id":"https:\/\/www.villetta.fi\/fi\/menu\/le-bevande-analcoliche-juomat\/#breadcrumb","itemListElement":[{"@type":"ListItem","position":1,"name":"Home","item":"https:\/\/www.villetta.fi\/fi\/"},{"@type":"ListItem","position":2,"name":"Menu","item":"https:\/\/www.villetta.fi\/fi\/menu\/"},{"@type":"ListItem","position":3,"name":"Le bevande analcoliche &#8211; Juomat"}]},{"@type":"WebSite","@id":"https:\/\/www.villetta.fi\/fi\/#website","url":"https:\/\/www.villetta.fi\/fi\/","name":"Italialainen ravintola Villetta, Helsinki","description":"Italialainen ravintola Villetta, Helsinki","publisher":{"@id":"https:\/\/www.villetta.fi\/fi\/#organization"},"potentialAction":[{"@type":"SearchAction","target":{"@type":"EntryPoint","urlTemplate":"https:\/\/www.villetta.fi\/fi\/?s={search_term_string}"},"query-input":{"@type":"PropertyValueSpecification","valueRequired":true,"valueName":"search_term_string"}}],"inLanguage":"en-GB"},{"@type":"Organization","@id":"https:\/\/www.villetta.fi\/fi\/#organization","name":"Italialainen ravintola Villetta, Helsinki","url":"https:\/\/www.villetta.fi\/fi\/","logo":{"@type":"ImageObject","inLanguage":"en-GB","@id":"https:\/\/www.villetta.fi\/fi\/#\/schema\/logo\/image\/","url":"https:\/\/www.villetta.fi\/fi\/wp-content\/uploads\/2023\/05\/logo.png","contentUrl":"https:\/\/www.villetta.fi\/fi\/wp-content\/uploads\/2023\/05\/logo.png","width":614,"height":217,"caption":"Italialainen ravintola Villetta, Helsinki"},"image":{"@id":"https:\/\/www.villetta.fi\/fi\/#\/schema\/logo\/image\/"},"sameAs":["https:\/\/www.facebook.com\/RavintolaVilletta\/"]}]}},"_links":{"self":[{"href":"https:\/\/www.villetta.fi\/fi\/wp-json\/wp\/v2\/pages\/205","targetHints":{"allow":["GET"]}}],"collection":[{"href":"https:\/\/www.villetta.fi\/fi\/wp-json\/wp\/v2\/pages"}],"about":[{"href":"https:\/\/www.villetta.fi\/fi\/wp-json\/wp\/v2\/types\/page"}],"author":[{"embeddable":true,"href":"https:\/\/www.villetta.fi\/fi\/wp-json\/wp\/v2\/users\/1"}],"replies":[{"embeddable":true,"href":"https:\/\/www.villetta.fi\/fi\/wp-json\/wp\/v2\/comments?post=205"}],"version-history":[{"count":1,"href":"https:\/\/www.villetta.fi\/fi\/wp-json\/wp\/v2\/pages\/205\/revisions"}],"predecessor-version":[{"id":206,"href":"https:\/\/www.villetta.fi\/fi\/wp-json\/wp\/v2\/pages\/205\/revisions\/206"}],"up":[{"embeddable":true,"href":"https:\/\/www.villetta.fi\/fi\/wp-json\/wp\/v2\/pages\/73"}],"wp:attachment":[{"href":"https:\/\/www.villetta.fi\/fi\/wp-json\/wp\/v2\/media?parent=205"}],"curies":[{"name":"wp","href":"https:\/\/api.w.org\/{rel}","templated":true}]}}