{"id":210,"date":"2023-05-30T15:42:10","date_gmt":"2023-05-30T14:42:10","guid":{"rendered":"https:\/\/www.villetta.fi\/uusi\/?page_id=210"},"modified":"2025-07-17T19:23:21","modified_gmt":"2025-07-17T16:23:21","slug":"i-vini-viinit","status":"publish","type":"page","link":"https:\/\/www.villetta.fi\/fi\/menu\/i-vini-viinit\/","title":{"rendered":"I Vini \u2014 Viinit"},"content":{"rendered":"\n<div style=\"height:41px\" aria-hidden=\"true\" class=\"wp-block-spacer\"><\/div>\n\n\n\n<h2 class=\"wp-block-heading\">I Vini Rossi<a href=\"http:\/\/www.villetta.fi\/fi\/i_vini_viinit\"> \u2013<\/a> Punaviinit<\/h2>\n\n\n\n<figure class=\"wp-block-table is-style-stripes\"><table><tbody><tr><td><\/td><td>12 cl<\/td><td>16 cl<\/td><td>24 cl<\/td><td>Pullo<\/td><\/tr><tr><td>FRAPPATO Terre Siciliane IGP<\/td><td>9,50<\/td><td>11,00<\/td><td>14,00<\/td><td>37,00<\/td><\/tr><tr><td>Tuoksu: mineraalinen, tumma, marjaisa.<br>Maku: pitk\u00e4, hennon tanniininen, marjaisa.<\/td><td><\/td><td><\/td><td><\/td><td><\/td><\/tr><tr><td>NERO D\u2019AVOLA Abbazia Santa Anastasia luomu IGT<\/td><td>10,50<\/td><td>12,00<\/td><td>16,00<\/td><td>41,00<\/td><\/tr><tr><td>Tuoksu: pelargoniaa, kirsikkaa, mulperipuun marjoja, rosmariinia.<br>Maku: keskit\u00e4ytel\u00e4inen, hedelm\u00e4inen, pehme\u00e4.<\/td><td><\/td><td><\/td><td><\/td><td><\/td><\/tr><tr><td>PRIMITIVO &#8220;La Rena&#8221; Salento IGT Cantine Leone de Castris<\/td><td>11,00<\/td><td>13,00<\/td><td>17,00<\/td><td>43,00<\/td><\/tr><tr><td>Tuoksu: tumman hedelm\u00e4inen, luumuhilloa, karhunvatukkaa, vadelmaa, hieman orvokkia.<br>Maku: l\u00e4mmin, t\u00e4ytel\u00e4inen, roteva, mausteinen.<\/td><td><\/td><td><\/td><td><\/td><td><\/td><\/tr><tr><td>VALPOLICELLA CLASSICO DOC, Veneto<\/td><td><\/td><td><\/td><td><\/td><td>42,00<\/td><\/tr><tr><td>Tuoksu: voimakkaasti ja itsepintaisesti yhdistyv\u00e4t mulperinpuun marjat ja kirsikat.<br>Maku: pehme\u00e4, kevyesti tanniininen ja runsas.<\/td><td><\/td><td><\/td><td><\/td><td><\/td><\/tr><tr><td>CHIANTI Castelli del Grevepesa DOCG, Toscana<\/td><td><\/td><td><\/td><td><\/td><td>45,00<\/td><\/tr><tr><td>Tuoksu: kirsikkaa, tuoreita punaisia marjoja, mausteinen.<br>Maku: keskit\u00e4ytel\u00e4inen, tasapainoinen, hapokas<\/td><td><\/td><td><\/td><td><\/td><td><\/td><\/tr><tr><td>MONTEPULCIANO d&#8217;Abruzzo &#8220;EO&#8221; DOC (Luomu) Cantine Collefriosio, Abruzzo<\/td><td><\/td><td><\/td><td><\/td><td>45,00<\/td><\/tr><tr><td>Tuoksu: voimakkaan hedelm\u00e4inen, aavistuksen mausteinen, kirsikkahilloa.<br>Maku: t\u00e4ytel\u00e4inen, mausteinen, pehme\u00e4n tasapainoinen, pitk\u00e4 j\u00e4lkimaku.<\/td><td><\/td><td><\/td><td><\/td><td><\/td><\/tr><tr><td>BARBERA D\u2019ALBA DOC Andrea Oberto, Piemonte<\/td><td><\/td><td><\/td><td><\/td><td>50,00<\/td><\/tr><tr><td>Tuoksu: kuiva, hedem\u00e4inen, kyps\u00e4\u00e4 luumua, tammen tuomaa mausteisuutta.<br>Maku: elegantti, kuiva; kyps\u00e4 hedelm\u00e4isyys ja tammen tuoma mausteisuus tasapainossa.<\/td><td><\/td><td><\/td><td><\/td><td><\/td><\/tr><tr><td>AMARONE della Valpolicella DOC Cantine Le Tobele, Veneto<\/td><td><\/td><td><\/td><td><\/td><td>68,00<\/td><\/tr><tr><td>Tuoksu: hieman mausteinen, vahvan karhunvatukan ja luumun tuoksu.<\/td><td><\/td><td><\/td><td><\/td><td><\/td><\/tr><\/tbody><\/table><\/figure>\n\n\n\n<h2 class=\"wp-block-heading\">I Vini Bianchi &#8211; Valkoviinit<\/h2>\n\n\n\n<figure class=\"wp-block-table is-style-stripes\"><table><tbody><tr><td><\/td><td>12 cl<\/td><td>16 cl<\/td><td>24 cl<\/td><td>Pullo<\/td><\/tr><tr><td>ROCENO GRECANICO Terre Siciliane IGP<\/td><td>9,00<\/td><td>10,50<\/td><td>13,00<\/td><td>35,00<\/td><\/tr><tr><td>Tuoksu: vihre\u00e4n sitruksinen, kevyesti p\u00e4\u00e4ryn\u00e4inen.<br>Maku: hedelm\u00e4inen, harmoninen.<\/td><td><\/td><td><\/td><td><\/td><td><\/td><\/tr><tr><td>PINOT GRIGIO DOC Cantina Val d&#8217;Adige, Veneto<\/td><td>10,00<\/td><td>11,50<\/td><td>15,00<\/td><td>40,00<\/td><\/tr><tr><td>Tuoksu: hedelm\u00e4inen, kukkea, hienostunut, aromikas.<br>Maku: kuiva, hieman hapokas, raikas, pitk\u00e4.<\/td><td><\/td><td><\/td><td><\/td><td><\/td><\/tr><tr><td>FIANO DI AVELLINO DOC D&#8217;Antiche Terre, Campania<\/td><td>11,50<\/td><td>13,00<\/td><td>20,00<\/td><td>50,00<\/td><\/tr><tr><td>Tuoksu: p\u00e4\u00e4ryn\u00e4\u00e4, ananasta, akaasiaa, hunajaa ja paahdettuja p\u00e4hkin\u00f6it\u00e4<br>Maku: valkoista persikkaa, greippi\u00e4, ananasta, j\u00e4lkimaussa mantelia ja p\u00e4hkin\u00e4\u00e4.<\/td><td><\/td><td><\/td><td><\/td><td><\/td><\/tr><\/tbody><\/table><\/figure>\n","protected":false},"excerpt":{"rendered":"<p>I Vini Rossi \u2013 Punaviinit 12 cl 16 cl 24 cl Pullo FRAPPATO Terre Siciliane IGP 9,50 11,00 14,00 37,00 Tuoksu: mineraalinen, tumma, marjaisa.Maku: pitk\u00e4, hennon tanniininen, marjaisa. NERO D\u2019AVOLA Abbazia Santa Anastasia luomu IGT 10,50 12,00 16,00 41,00 Tuoksu: pelargoniaa, kirsikkaa, mulperipuun marjoja, rosmariinia.Maku: keskit\u00e4ytel\u00e4inen, hedelm\u00e4inen, pehme\u00e4. PRIMITIVO &#8220;La Rena&#8221; Salento IGT Cantine Leone [&hellip;]<\/p>\n","protected":false},"author":1,"featured_media":219,"parent":73,"menu_order":0,"comment_status":"closed","ping_status":"closed","template":"","meta":{"footnotes":""},"class_list":["post-210","page","type-page","status-publish","has-post-thumbnail","hentry"],"yoast_head":"<!-- This site is optimized with the Yoast SEO plugin v23.5 - https:\/\/yoast.com\/wordpress\/plugins\/seo\/ -->\n<title>Italialainen ravintola Villetta, Helsinki - Trattoria, pizzeria, viinit<\/title>\n<meta name=\"description\" content=\"Pizzat, pastat, viinit. Italialainen ravintola Villetta sijaitsee Ruusulankatu 8:ssa Helsingiss\u00e4.\" \/>\n<meta name=\"robots\" content=\"index, follow, max-snippet:-1, max-image-preview:large, max-video-preview:-1\" \/>\n<link rel=\"canonical\" href=\"https:\/\/www.villetta.fi\/fi\/menu\/i-vini-viinit\/\" \/>\n<meta property=\"og:locale\" content=\"en_GB\" \/>\n<meta property=\"og:type\" content=\"article\" \/>\n<meta property=\"og:title\" content=\"Italialainen ravintola Villetta, Helsinki - Trattoria, pizzeria, viinit\" \/>\n<meta property=\"og:description\" content=\"Pizzat, pastat, viinit. Italialainen ravintola Villetta sijaitsee Ruusulankatu 8:ssa Helsingiss\u00e4.\" \/>\n<meta property=\"og:url\" content=\"https:\/\/www.villetta.fi\/fi\/menu\/i-vini-viinit\/\" \/>\n<meta property=\"og:site_name\" content=\"Italialainen ravintola Villetta, Helsinki\" \/>\n<meta property=\"article:publisher\" content=\"https:\/\/www.facebook.com\/RavintolaVilletta\/\" \/>\n<meta property=\"article:modified_time\" content=\"2025-07-17T16:23:21+00:00\" \/>\n<meta property=\"og:image\" content=\"https:\/\/www.villetta.fi\/fi\/wp-content\/uploads\/2023\/06\/red-wine-punaviini.jpg\" \/>\n\t<meta property=\"og:image:width\" content=\"1240\" \/>\n\t<meta property=\"og:image:height\" content=\"118\" \/>\n\t<meta property=\"og:image:type\" content=\"image\/jpeg\" \/>\n<meta name=\"twitter:card\" content=\"summary_large_image\" \/>\n<meta name=\"twitter:label1\" content=\"Estimated reading time\" \/>\n\t<meta name=\"twitter:data1\" content=\"2 minutes\" \/>\n<script type=\"application\/ld+json\" class=\"yoast-schema-graph\">{\"@context\":\"https:\/\/schema.org\",\"@graph\":[{\"@type\":\"WebPage\",\"@id\":\"https:\/\/www.villetta.fi\/fi\/menu\/i-vini-viinit\/\",\"url\":\"https:\/\/www.villetta.fi\/fi\/menu\/i-vini-viinit\/\",\"name\":\"Italialainen ravintola Villetta, Helsinki - Trattoria, pizzeria, viinit\",\"isPartOf\":{\"@id\":\"https:\/\/www.villetta.fi\/fi\/#website\"},\"primaryImageOfPage\":{\"@id\":\"https:\/\/www.villetta.fi\/fi\/menu\/i-vini-viinit\/#primaryimage\"},\"image\":{\"@id\":\"https:\/\/www.villetta.fi\/fi\/menu\/i-vini-viinit\/#primaryimage\"},\"thumbnailUrl\":\"https:\/\/www.villetta.fi\/fi\/wp-content\/uploads\/2023\/06\/red-wine-punaviini.jpg\",\"datePublished\":\"2023-05-30T14:42:10+00:00\",\"dateModified\":\"2025-07-17T16:23:21+00:00\",\"description\":\"Pizzat, pastat, viinit. Italialainen ravintola Villetta sijaitsee Ruusulankatu 8:ssa Helsingiss\u00e4.\",\"breadcrumb\":{\"@id\":\"https:\/\/www.villetta.fi\/fi\/menu\/i-vini-viinit\/#breadcrumb\"},\"inLanguage\":\"en-GB\",\"potentialAction\":[{\"@type\":\"ReadAction\",\"target\":[\"https:\/\/www.villetta.fi\/fi\/menu\/i-vini-viinit\/\"]}]},{\"@type\":\"ImageObject\",\"inLanguage\":\"en-GB\",\"@id\":\"https:\/\/www.villetta.fi\/fi\/menu\/i-vini-viinit\/#primaryimage\",\"url\":\"https:\/\/www.villetta.fi\/fi\/wp-content\/uploads\/2023\/06\/red-wine-punaviini.jpg\",\"contentUrl\":\"https:\/\/www.villetta.fi\/fi\/wp-content\/uploads\/2023\/06\/red-wine-punaviini.jpg\",\"width\":1240,\"height\":118,\"caption\":\"Punaviini, Villetta, italialainen ravintola, Helsinki\"},{\"@type\":\"BreadcrumbList\",\"@id\":\"https:\/\/www.villetta.fi\/fi\/menu\/i-vini-viinit\/#breadcrumb\",\"itemListElement\":[{\"@type\":\"ListItem\",\"position\":1,\"name\":\"Home\",\"item\":\"https:\/\/www.villetta.fi\/fi\/\"},{\"@type\":\"ListItem\",\"position\":2,\"name\":\"Menu\",\"item\":\"https:\/\/www.villetta.fi\/fi\/menu\/\"},{\"@type\":\"ListItem\",\"position\":3,\"name\":\"I Vini \u2014 Viinit\"}]},{\"@type\":\"WebSite\",\"@id\":\"https:\/\/www.villetta.fi\/fi\/#website\",\"url\":\"https:\/\/www.villetta.fi\/fi\/\",\"name\":\"Italialainen ravintola Villetta, Helsinki\",\"description\":\"Italialainen ravintola Villetta, Helsinki\",\"publisher\":{\"@id\":\"https:\/\/www.villetta.fi\/fi\/#organization\"},\"potentialAction\":[{\"@type\":\"SearchAction\",\"target\":{\"@type\":\"EntryPoint\",\"urlTemplate\":\"https:\/\/www.villetta.fi\/fi\/?s={search_term_string}\"},\"query-input\":{\"@type\":\"PropertyValueSpecification\",\"valueRequired\":true,\"valueName\":\"search_term_string\"}}],\"inLanguage\":\"en-GB\"},{\"@type\":\"Organization\",\"@id\":\"https:\/\/www.villetta.fi\/fi\/#organization\",\"name\":\"Italialainen ravintola Villetta, Helsinki\",\"url\":\"https:\/\/www.villetta.fi\/fi\/\",\"logo\":{\"@type\":\"ImageObject\",\"inLanguage\":\"en-GB\",\"@id\":\"https:\/\/www.villetta.fi\/fi\/#\/schema\/logo\/image\/\",\"url\":\"https:\/\/www.villetta.fi\/fi\/wp-content\/uploads\/2023\/05\/logo.png\",\"contentUrl\":\"https:\/\/www.villetta.fi\/fi\/wp-content\/uploads\/2023\/05\/logo.png\",\"width\":614,\"height\":217,\"caption\":\"Italialainen ravintola Villetta, Helsinki\"},\"image\":{\"@id\":\"https:\/\/www.villetta.fi\/fi\/#\/schema\/logo\/image\/\"},\"sameAs\":[\"https:\/\/www.facebook.com\/RavintolaVilletta\/\"]}]}<\/script>\n<!-- \/ Yoast SEO plugin. -->","yoast_head_json":{"title":"Italialainen ravintola Villetta, Helsinki - Trattoria, pizzeria, viinit","description":"Pizzat, pastat, viinit. Italialainen ravintola Villetta sijaitsee Ruusulankatu 8:ssa Helsingiss\u00e4.","robots":{"index":"index","follow":"follow","max-snippet":"max-snippet:-1","max-image-preview":"max-image-preview:large","max-video-preview":"max-video-preview:-1"},"canonical":"https:\/\/www.villetta.fi\/fi\/menu\/i-vini-viinit\/","og_locale":"en_GB","og_type":"article","og_title":"Italialainen ravintola Villetta, Helsinki - Trattoria, pizzeria, viinit","og_description":"Pizzat, pastat, viinit. Italialainen ravintola Villetta sijaitsee Ruusulankatu 8:ssa Helsingiss\u00e4.","og_url":"https:\/\/www.villetta.fi\/fi\/menu\/i-vini-viinit\/","og_site_name":"Italialainen ravintola Villetta, Helsinki","article_publisher":"https:\/\/www.facebook.com\/RavintolaVilletta\/","article_modified_time":"2025-07-17T16:23:21+00:00","og_image":[{"width":1240,"height":118,"url":"https:\/\/www.villetta.fi\/fi\/wp-content\/uploads\/2023\/06\/red-wine-punaviini.jpg","type":"image\/jpeg"}],"twitter_card":"summary_large_image","twitter_misc":{"Estimated reading time":"2 minutes"},"schema":{"@context":"https:\/\/schema.org","@graph":[{"@type":"WebPage","@id":"https:\/\/www.villetta.fi\/fi\/menu\/i-vini-viinit\/","url":"https:\/\/www.villetta.fi\/fi\/menu\/i-vini-viinit\/","name":"Italialainen ravintola Villetta, Helsinki - Trattoria, pizzeria, viinit","isPartOf":{"@id":"https:\/\/www.villetta.fi\/fi\/#website"},"primaryImageOfPage":{"@id":"https:\/\/www.villetta.fi\/fi\/menu\/i-vini-viinit\/#primaryimage"},"image":{"@id":"https:\/\/www.villetta.fi\/fi\/menu\/i-vini-viinit\/#primaryimage"},"thumbnailUrl":"https:\/\/www.villetta.fi\/fi\/wp-content\/uploads\/2023\/06\/red-wine-punaviini.jpg","datePublished":"2023-05-30T14:42:10+00:00","dateModified":"2025-07-17T16:23:21+00:00","description":"Pizzat, pastat, viinit. Italialainen ravintola Villetta sijaitsee Ruusulankatu 8:ssa Helsingiss\u00e4.","breadcrumb":{"@id":"https:\/\/www.villetta.fi\/fi\/menu\/i-vini-viinit\/#breadcrumb"},"inLanguage":"en-GB","potentialAction":[{"@type":"ReadAction","target":["https:\/\/www.villetta.fi\/fi\/menu\/i-vini-viinit\/"]}]},{"@type":"ImageObject","inLanguage":"en-GB","@id":"https:\/\/www.villetta.fi\/fi\/menu\/i-vini-viinit\/#primaryimage","url":"https:\/\/www.villetta.fi\/fi\/wp-content\/uploads\/2023\/06\/red-wine-punaviini.jpg","contentUrl":"https:\/\/www.villetta.fi\/fi\/wp-content\/uploads\/2023\/06\/red-wine-punaviini.jpg","width":1240,"height":118,"caption":"Punaviini, Villetta, italialainen ravintola, Helsinki"},{"@type":"BreadcrumbList","@id":"https:\/\/www.villetta.fi\/fi\/menu\/i-vini-viinit\/#breadcrumb","itemListElement":[{"@type":"ListItem","position":1,"name":"Home","item":"https:\/\/www.villetta.fi\/fi\/"},{"@type":"ListItem","position":2,"name":"Menu","item":"https:\/\/www.villetta.fi\/fi\/menu\/"},{"@type":"ListItem","position":3,"name":"I Vini \u2014 Viinit"}]},{"@type":"WebSite","@id":"https:\/\/www.villetta.fi\/fi\/#website","url":"https:\/\/www.villetta.fi\/fi\/","name":"Italialainen ravintola Villetta, Helsinki","description":"Italialainen ravintola Villetta, Helsinki","publisher":{"@id":"https:\/\/www.villetta.fi\/fi\/#organization"},"potentialAction":[{"@type":"SearchAction","target":{"@type":"EntryPoint","urlTemplate":"https:\/\/www.villetta.fi\/fi\/?s={search_term_string}"},"query-input":{"@type":"PropertyValueSpecification","valueRequired":true,"valueName":"search_term_string"}}],"inLanguage":"en-GB"},{"@type":"Organization","@id":"https:\/\/www.villetta.fi\/fi\/#organization","name":"Italialainen ravintola Villetta, Helsinki","url":"https:\/\/www.villetta.fi\/fi\/","logo":{"@type":"ImageObject","inLanguage":"en-GB","@id":"https:\/\/www.villetta.fi\/fi\/#\/schema\/logo\/image\/","url":"https:\/\/www.villetta.fi\/fi\/wp-content\/uploads\/2023\/05\/logo.png","contentUrl":"https:\/\/www.villetta.fi\/fi\/wp-content\/uploads\/2023\/05\/logo.png","width":614,"height":217,"caption":"Italialainen ravintola Villetta, Helsinki"},"image":{"@id":"https:\/\/www.villetta.fi\/fi\/#\/schema\/logo\/image\/"},"sameAs":["https:\/\/www.facebook.com\/RavintolaVilletta\/"]}]}},"_links":{"self":[{"href":"https:\/\/www.villetta.fi\/fi\/wp-json\/wp\/v2\/pages\/210","targetHints":{"allow":["GET"]}}],"collection":[{"href":"https:\/\/www.villetta.fi\/fi\/wp-json\/wp\/v2\/pages"}],"about":[{"href":"https:\/\/www.villetta.fi\/fi\/wp-json\/wp\/v2\/types\/page"}],"author":[{"embeddable":true,"href":"https:\/\/www.villetta.fi\/fi\/wp-json\/wp\/v2\/users\/1"}],"replies":[{"embeddable":true,"href":"https:\/\/www.villetta.fi\/fi\/wp-json\/wp\/v2\/comments?post=210"}],"version-history":[{"count":7,"href":"https:\/\/www.villetta.fi\/fi\/wp-json\/wp\/v2\/pages\/210\/revisions"}],"predecessor-version":[{"id":422,"href":"https:\/\/www.villetta.fi\/fi\/wp-json\/wp\/v2\/pages\/210\/revisions\/422"}],"up":[{"embeddable":true,"href":"https:\/\/www.villetta.fi\/fi\/wp-json\/wp\/v2\/pages\/73"}],"wp:featuredmedia":[{"embeddable":true,"href":"https:\/\/www.villetta.fi\/fi\/wp-json\/wp\/v2\/media\/219"}],"wp:attachment":[{"href":"https:\/\/www.villetta.fi\/fi\/wp-json\/wp\/v2\/media?parent=210"}],"curies":[{"name":"wp","href":"https:\/\/api.w.org\/{rel}","templated":true}]}}