{"id":71,"date":"2023-05-28T22:44:21","date_gmt":"2023-05-28T21:44:21","guid":{"rendered":"http:\/\/www.villetta.fi\/uusi\/?page_id=71"},"modified":"2026-04-24T19:49:01","modified_gmt":"2026-04-24T16:49:01","slug":"yhteystiedot","status":"publish","type":"page","link":"https:\/\/www.villetta.fi\/fi\/yhteystiedot\/","title":{"rendered":"Yhteystiedot"},"content":{"rendered":"\n<h2 class=\"wp-block-heading has-foreground-color has-text-color\">Ristorante &amp; Pizzeria Villetta<\/h2>\n\n\n\n<p class=\"has-foreground-color has-text-color\">Ravintola Villetta T\u00f6\u00f6l\u00f6n Ruusulankadulla on yksi Helsingin tunnetuimmista perinteisist\u00e4 italialaisista ravintoloista. Sen perusti Italiasta Suomeen kotiutunut Antonio Bruno vuonna 1986. Nykyiset omistajat Giuseppe ja Maurizio saapuivat Ruusulankadulle vuonna 2005 ja toivat mukanaan parhaita paloja Etel\u00e4-Italian ruokaperinteest\u00e4.<br>&nbsp;<\/p>\n\n\n\n<p class=\"has-foreground-color has-text-color\"><strong>Aukioloajat:<br>ma suljettu<br>ti-to 15\u201322<\/strong><br><strong>pe 15\u201323<\/strong><br><strong>la 12\u201323<\/strong><br><strong>su&nbsp;12\u201320<\/strong><\/p>\n\n\n\n<blockquote class=\"wp-block-quote is-layout-flow wp-block-quote-is-layout-flow\">\n<p>Vapunp\u00e4iv\u00e4n\u00e4 1.5.2026 Villetta on avoinna <strong>klo 12\u201323.<\/strong><\/p>\n<\/blockquote>\n\n\n\n<p class=\"has-foreground-color has-text-color\"><br>Teeth\u00e4n tilauksesi viimeist\u00e4\u00e4n puoli tuntia ennen ravintolan sulkemisaikaa.<\/p>\n\n\n\n<p class=\"has-foreground-color has-text-color\"><br><\/p>\n\n\n\n<p class=\"has-foreground-color has-text-color\"><\/p>\n\n\n\n<p class=\"has-foreground-color has-text-color\"><\/p>\n\n\n\n<p class=\"has-foreground-color has-text-color\">Ruusulankatu&nbsp;8<br>00260 Helsinki<br>Puh.&nbsp;050 534 8758<\/p>\n\n\n\n<p class=\"has-foreground-color has-text-color\"><strong>Soita<\/strong> tilauksesi p. 050 534 8758 ja <strong>nouda meilt\u00e4, tai tilaa kotiinkuljetus<\/strong> Woltin tai Foodoran kautta.<\/p>\n\n\n\n<p class=\"has-foreground-color has-text-color\"><strong>Villetta&nbsp;\u2022&nbsp;Ristorante e Pizzeria<br>Italialainen ravintola, trattoria, pizzeria<br><br>Tervetuloa &#8211; Benvenuti!<\/strong><\/p>\n","protected":false},"excerpt":{"rendered":"<p>Ristorante &amp; Pizzeria Villetta Ravintola Villetta T\u00f6\u00f6l\u00f6n Ruusulankadulla on yksi Helsingin tunnetuimmista perinteisist\u00e4 italialaisista ravintoloista. Sen perusti Italiasta Suomeen kotiutunut Antonio Bruno vuonna 1986. Nykyiset omistajat Giuseppe ja Maurizio saapuivat Ruusulankadulle vuonna 2005 ja toivat mukanaan parhaita paloja Etel\u00e4-Italian ruokaperinteest\u00e4.&nbsp; Aukioloajat:ma suljettuti-to 15\u201322pe 15\u201323la 12\u201323su&nbsp;12\u201320 Vapunp\u00e4iv\u00e4n\u00e4 1.5.2026 Villetta on avoinna klo 12\u201323. Teeth\u00e4n tilauksesi viimeist\u00e4\u00e4n [&hellip;]<\/p>\n","protected":false},"author":1,"featured_media":102,"parent":0,"menu_order":0,"comment_status":"closed","ping_status":"closed","template":"","meta":{"footnotes":""},"class_list":["post-71","page","type-page","status-publish","has-post-thumbnail","hentry"],"yoast_head":"<!-- This site is optimized with the Yoast SEO plugin v23.5 - https:\/\/yoast.com\/wordpress\/plugins\/seo\/ -->\n<title>Italialainen ravintola Villetta, Helsinki - Trattoria, Pizzeria<\/title>\n<meta name=\"description\" content=\"Pizzat, pastat. Italialainen ravintola Villetta sijaitsee Ruusulankatu 8:ssa Helsingiss\u00e4.\" \/>\n<meta name=\"robots\" content=\"index, follow, max-snippet:-1, max-image-preview:large, max-video-preview:-1\" \/>\n<link rel=\"canonical\" href=\"https:\/\/www.villetta.fi\/fi\/yhteystiedot\/\" \/>\n<meta property=\"og:locale\" content=\"en_GB\" \/>\n<meta property=\"og:type\" content=\"article\" \/>\n<meta property=\"og:title\" content=\"Italialainen ravintola Villetta, Helsinki - Trattoria, Pizzeria\" \/>\n<meta property=\"og:description\" content=\"Pizzat, pastat. Italialainen ravintola Villetta sijaitsee Ruusulankatu 8:ssa Helsingiss\u00e4.\" \/>\n<meta property=\"og:url\" content=\"https:\/\/www.villetta.fi\/fi\/yhteystiedot\/\" \/>\n<meta property=\"og:site_name\" content=\"Italialainen ravintola Villetta, Helsinki\" \/>\n<meta property=\"article:publisher\" content=\"https:\/\/www.facebook.com\/RavintolaVilletta\/\" \/>\n<meta property=\"article:modified_time\" content=\"2026-04-24T16:49:01+00:00\" \/>\n<meta property=\"og:image\" content=\"https:\/\/www.villetta.fi\/fi\/wp-content\/uploads\/2023\/05\/tiramisu.jpg\" \/>\n\t<meta property=\"og:image:width\" content=\"1240\" \/>\n\t<meta property=\"og:image:height\" content=\"118\" \/>\n\t<meta property=\"og:image:type\" content=\"image\/jpeg\" \/>\n<meta name=\"twitter:card\" content=\"summary_large_image\" \/>\n<meta name=\"twitter:label1\" content=\"Estimated reading time\" \/>\n\t<meta name=\"twitter:data1\" content=\"1 minute\" \/>\n<script type=\"application\/ld+json\" class=\"yoast-schema-graph\">{\"@context\":\"https:\/\/schema.org\",\"@graph\":[{\"@type\":\"WebPage\",\"@id\":\"https:\/\/www.villetta.fi\/fi\/yhteystiedot\/\",\"url\":\"https:\/\/www.villetta.fi\/fi\/yhteystiedot\/\",\"name\":\"Italialainen ravintola Villetta, Helsinki - Trattoria, Pizzeria\",\"isPartOf\":{\"@id\":\"https:\/\/www.villetta.fi\/fi\/#website\"},\"primaryImageOfPage\":{\"@id\":\"https:\/\/www.villetta.fi\/fi\/yhteystiedot\/#primaryimage\"},\"image\":{\"@id\":\"https:\/\/www.villetta.fi\/fi\/yhteystiedot\/#primaryimage\"},\"thumbnailUrl\":\"https:\/\/www.villetta.fi\/fi\/wp-content\/uploads\/2023\/05\/tiramisu.jpg\",\"datePublished\":\"2023-05-28T21:44:21+00:00\",\"dateModified\":\"2026-04-24T16:49:01+00:00\",\"description\":\"Pizzat, pastat. Italialainen ravintola Villetta sijaitsee Ruusulankatu 8:ssa Helsingiss\u00e4.\",\"breadcrumb\":{\"@id\":\"https:\/\/www.villetta.fi\/fi\/yhteystiedot\/#breadcrumb\"},\"inLanguage\":\"en-GB\",\"potentialAction\":[{\"@type\":\"ReadAction\",\"target\":[\"https:\/\/www.villetta.fi\/fi\/yhteystiedot\/\"]}]},{\"@type\":\"ImageObject\",\"inLanguage\":\"en-GB\",\"@id\":\"https:\/\/www.villetta.fi\/fi\/yhteystiedot\/#primaryimage\",\"url\":\"https:\/\/www.villetta.fi\/fi\/wp-content\/uploads\/2023\/05\/tiramisu.jpg\",\"contentUrl\":\"https:\/\/www.villetta.fi\/fi\/wp-content\/uploads\/2023\/05\/tiramisu.jpg\",\"width\":1240,\"height\":118,\"caption\":\"Tiramisu\"},{\"@type\":\"BreadcrumbList\",\"@id\":\"https:\/\/www.villetta.fi\/fi\/yhteystiedot\/#breadcrumb\",\"itemListElement\":[{\"@type\":\"ListItem\",\"position\":1,\"name\":\"Home\",\"item\":\"https:\/\/www.villetta.fi\/fi\/\"},{\"@type\":\"ListItem\",\"position\":2,\"name\":\"Yhteystiedot\"}]},{\"@type\":\"WebSite\",\"@id\":\"https:\/\/www.villetta.fi\/fi\/#website\",\"url\":\"https:\/\/www.villetta.fi\/fi\/\",\"name\":\"Italialainen ravintola Villetta, Helsinki\",\"description\":\"Italialainen ravintola Villetta, Helsinki\",\"publisher\":{\"@id\":\"https:\/\/www.villetta.fi\/fi\/#organization\"},\"potentialAction\":[{\"@type\":\"SearchAction\",\"target\":{\"@type\":\"EntryPoint\",\"urlTemplate\":\"https:\/\/www.villetta.fi\/fi\/?s={search_term_string}\"},\"query-input\":{\"@type\":\"PropertyValueSpecification\",\"valueRequired\":true,\"valueName\":\"search_term_string\"}}],\"inLanguage\":\"en-GB\"},{\"@type\":\"Organization\",\"@id\":\"https:\/\/www.villetta.fi\/fi\/#organization\",\"name\":\"Italialainen ravintola Villetta, Helsinki\",\"url\":\"https:\/\/www.villetta.fi\/fi\/\",\"logo\":{\"@type\":\"ImageObject\",\"inLanguage\":\"en-GB\",\"@id\":\"https:\/\/www.villetta.fi\/fi\/#\/schema\/logo\/image\/\",\"url\":\"https:\/\/www.villetta.fi\/fi\/wp-content\/uploads\/2023\/05\/logo.png\",\"contentUrl\":\"https:\/\/www.villetta.fi\/fi\/wp-content\/uploads\/2023\/05\/logo.png\",\"width\":614,\"height\":217,\"caption\":\"Italialainen ravintola Villetta, Helsinki\"},\"image\":{\"@id\":\"https:\/\/www.villetta.fi\/fi\/#\/schema\/logo\/image\/\"},\"sameAs\":[\"https:\/\/www.facebook.com\/RavintolaVilletta\/\"]}]}<\/script>\n<!-- \/ Yoast SEO plugin. -->","yoast_head_json":{"title":"Italialainen ravintola Villetta, Helsinki - Trattoria, Pizzeria","description":"Pizzat, pastat. Italialainen ravintola Villetta sijaitsee Ruusulankatu 8:ssa Helsingiss\u00e4.","robots":{"index":"index","follow":"follow","max-snippet":"max-snippet:-1","max-image-preview":"max-image-preview:large","max-video-preview":"max-video-preview:-1"},"canonical":"https:\/\/www.villetta.fi\/fi\/yhteystiedot\/","og_locale":"en_GB","og_type":"article","og_title":"Italialainen ravintola Villetta, Helsinki - Trattoria, Pizzeria","og_description":"Pizzat, pastat. Italialainen ravintola Villetta sijaitsee Ruusulankatu 8:ssa Helsingiss\u00e4.","og_url":"https:\/\/www.villetta.fi\/fi\/yhteystiedot\/","og_site_name":"Italialainen ravintola Villetta, Helsinki","article_publisher":"https:\/\/www.facebook.com\/RavintolaVilletta\/","article_modified_time":"2026-04-24T16:49:01+00:00","og_image":[{"width":1240,"height":118,"url":"https:\/\/www.villetta.fi\/fi\/wp-content\/uploads\/2023\/05\/tiramisu.jpg","type":"image\/jpeg"}],"twitter_card":"summary_large_image","twitter_misc":{"Estimated reading time":"1 minute"},"schema":{"@context":"https:\/\/schema.org","@graph":[{"@type":"WebPage","@id":"https:\/\/www.villetta.fi\/fi\/yhteystiedot\/","url":"https:\/\/www.villetta.fi\/fi\/yhteystiedot\/","name":"Italialainen ravintola Villetta, Helsinki - Trattoria, Pizzeria","isPartOf":{"@id":"https:\/\/www.villetta.fi\/fi\/#website"},"primaryImageOfPage":{"@id":"https:\/\/www.villetta.fi\/fi\/yhteystiedot\/#primaryimage"},"image":{"@id":"https:\/\/www.villetta.fi\/fi\/yhteystiedot\/#primaryimage"},"thumbnailUrl":"https:\/\/www.villetta.fi\/fi\/wp-content\/uploads\/2023\/05\/tiramisu.jpg","datePublished":"2023-05-28T21:44:21+00:00","dateModified":"2026-04-24T16:49:01+00:00","description":"Pizzat, pastat. Italialainen ravintola Villetta sijaitsee Ruusulankatu 8:ssa Helsingiss\u00e4.","breadcrumb":{"@id":"https:\/\/www.villetta.fi\/fi\/yhteystiedot\/#breadcrumb"},"inLanguage":"en-GB","potentialAction":[{"@type":"ReadAction","target":["https:\/\/www.villetta.fi\/fi\/yhteystiedot\/"]}]},{"@type":"ImageObject","inLanguage":"en-GB","@id":"https:\/\/www.villetta.fi\/fi\/yhteystiedot\/#primaryimage","url":"https:\/\/www.villetta.fi\/fi\/wp-content\/uploads\/2023\/05\/tiramisu.jpg","contentUrl":"https:\/\/www.villetta.fi\/fi\/wp-content\/uploads\/2023\/05\/tiramisu.jpg","width":1240,"height":118,"caption":"Tiramisu"},{"@type":"BreadcrumbList","@id":"https:\/\/www.villetta.fi\/fi\/yhteystiedot\/#breadcrumb","itemListElement":[{"@type":"ListItem","position":1,"name":"Home","item":"https:\/\/www.villetta.fi\/fi\/"},{"@type":"ListItem","position":2,"name":"Yhteystiedot"}]},{"@type":"WebSite","@id":"https:\/\/www.villetta.fi\/fi\/#website","url":"https:\/\/www.villetta.fi\/fi\/","name":"Italialainen ravintola Villetta, Helsinki","description":"Italialainen ravintola Villetta, Helsinki","publisher":{"@id":"https:\/\/www.villetta.fi\/fi\/#organization"},"potentialAction":[{"@type":"SearchAction","target":{"@type":"EntryPoint","urlTemplate":"https:\/\/www.villetta.fi\/fi\/?s={search_term_string}"},"query-input":{"@type":"PropertyValueSpecification","valueRequired":true,"valueName":"search_term_string"}}],"inLanguage":"en-GB"},{"@type":"Organization","@id":"https:\/\/www.villetta.fi\/fi\/#organization","name":"Italialainen ravintola Villetta, Helsinki","url":"https:\/\/www.villetta.fi\/fi\/","logo":{"@type":"ImageObject","inLanguage":"en-GB","@id":"https:\/\/www.villetta.fi\/fi\/#\/schema\/logo\/image\/","url":"https:\/\/www.villetta.fi\/fi\/wp-content\/uploads\/2023\/05\/logo.png","contentUrl":"https:\/\/www.villetta.fi\/fi\/wp-content\/uploads\/2023\/05\/logo.png","width":614,"height":217,"caption":"Italialainen ravintola Villetta, Helsinki"},"image":{"@id":"https:\/\/www.villetta.fi\/fi\/#\/schema\/logo\/image\/"},"sameAs":["https:\/\/www.facebook.com\/RavintolaVilletta\/"]}]}},"_links":{"self":[{"href":"https:\/\/www.villetta.fi\/fi\/wp-json\/wp\/v2\/pages\/71","targetHints":{"allow":["GET"]}}],"collection":[{"href":"https:\/\/www.villetta.fi\/fi\/wp-json\/wp\/v2\/pages"}],"about":[{"href":"https:\/\/www.villetta.fi\/fi\/wp-json\/wp\/v2\/types\/page"}],"author":[{"embeddable":true,"href":"https:\/\/www.villetta.fi\/fi\/wp-json\/wp\/v2\/users\/1"}],"replies":[{"embeddable":true,"href":"https:\/\/www.villetta.fi\/fi\/wp-json\/wp\/v2\/comments?post=71"}],"version-history":[{"count":31,"href":"https:\/\/www.villetta.fi\/fi\/wp-json\/wp\/v2\/pages\/71\/revisions"}],"predecessor-version":[{"id":464,"href":"https:\/\/www.villetta.fi\/fi\/wp-json\/wp\/v2\/pages\/71\/revisions\/464"}],"wp:featuredmedia":[{"embeddable":true,"href":"https:\/\/www.villetta.fi\/fi\/wp-json\/wp\/v2\/media\/102"}],"wp:attachment":[{"href":"https:\/\/www.villetta.fi\/fi\/wp-json\/wp\/v2\/media?parent=71"}],"curies":[{"name":"wp","href":"https:\/\/api.w.org\/{rel}","templated":true}]}}