{"id":73,"date":"2023-05-28T22:45:48","date_gmt":"2023-05-28T21:45:48","guid":{"rendered":"http:\/\/www.villetta.fi\/uusi\/?page_id=73"},"modified":"2026-01-24T11:22:32","modified_gmt":"2026-01-24T09:22:32","slug":"menu","status":"publish","type":"page","link":"https:\/\/www.villetta.fi\/fi\/menu\/","title":{"rendered":"Menu"},"content":{"rendered":"\n<h2 class=\"wp-block-heading has-foreground-color has-text-color\"><\/h2>\n\n\n\n<ul class=\"wp-block-list\">\n<li><a href=\"https:\/\/www.villetta.fi\/fi\/viikon-tarjoukset-menu-settimanale\/\">Piatti consigliati dallo chef \u2014 Keitti\u00f6mme suosittelee<\/a><\/li>\n\n\n\n<li><a href=\"https:\/\/www.villetta.fi\/fi\/menu\/gli-antipasti-alkuruoat\/\">Gli antipasti &#8211; Alkuruoat<\/a><\/li>\n\n\n\n<li><a href=\"https:\/\/www.villetta.fi\/fi\/menu\/le-paste-pastaruoat\/\">Le Paste &#8211; Pastaruoat<\/a><\/li>\n\n\n\n<li><a href=\"https:\/\/www.villetta.fi\/fi\/menu\/i-risotti-risotot\/\">I Risotti &#8211; Risotot<\/a><\/li>\n\n\n\n<li><a href=\"https:\/\/www.villetta.fi\/fi\/menu\/le-carni-liharuoat\/\">Le Carni &#8211; Liharuoat<\/a><\/li>\n\n\n\n<li><a href=\"https:\/\/www.villetta.fi\/fi\/menu\/i-pesci-kalaruoat\/\">Pesci &#8211; Kalaruoat<\/a><\/li>\n\n\n\n<li><a href=\"https:\/\/www.villetta.fi\/fi\/menu\/le-pizze-pizzat\/\">Le Pizze &#8211; Pizzat<\/a><\/li>\n\n\n\n<li><a href=\"https:\/\/www.villetta.fi\/fi\/menu\/pizze-con-prodotti-italiani-erityispizzat\/\">Pizze con prodotti italiani &#8211; Erityispizzat<\/a><\/li>\n\n\n\n<li><a href=\"https:\/\/www.villetta.fi\/fi\/menu\/per-i-piu-piccoli-lasten-annoksia\/\">Per i pi\u00fa piccoli &#8211; Lasten annoksia<\/a><\/li>\n\n\n\n<li><a href=\"https:\/\/www.villetta.fi\/fi\/menu\/i-caffe-e-dolci-kahvit-ja-jalkiruoat\/\">Dolci &#8211; J\u00e4lkiruoat, j\u00e4lkiruokaviinit<\/a><\/li>\n\n\n\n<li><a href=\"https:\/\/www.villetta.fi\/fi\/menu\/le-bevande-analcoliche-juomat\/\">Le Bevande analcoliche \u2013 Juomat<\/a><\/li>\n\n\n\n<li><a href=\"https:\/\/www.villetta.fi\/fi\/menu\/i-vini-viinit\/\">I Vini \u2014 Viinit<\/a><\/li>\n<\/ul>\n\n\n\n<p class=\"has-foreground-color has-text-color\"><\/p>\n","protected":false},"excerpt":{"rendered":"","protected":false},"author":1,"featured_media":100,"parent":0,"menu_order":0,"comment_status":"closed","ping_status":"closed","template":"","meta":{"footnotes":""},"class_list":["post-73","page","type-page","status-publish","has-post-thumbnail","hentry"],"yoast_head":"<!-- This site is optimized with the Yoast SEO plugin v23.5 - https:\/\/yoast.com\/wordpress\/plugins\/seo\/ -->\n<title>Italialainen ravintola Villetta, Helsinki - Trattoria, Pizzeria<\/title>\n<meta name=\"description\" content=\"Pizzat, pastat. Italialainen ravintola Villetta sijaitsee Ruusulankatu 8:ssa Helsingiss\u00e4. Trattoria on italialainen m\u00e4\u00e4ritelm\u00e4 ruokaravintolalle, jossa tarjoillaan usein kotiruoan tyylisi\u00e4 annoksia.\" \/>\n<meta name=\"robots\" content=\"index, follow, max-snippet:-1, max-image-preview:large, max-video-preview:-1\" \/>\n<link rel=\"canonical\" href=\"https:\/\/www.villetta.fi\/fi\/menu\/\" \/>\n<meta property=\"og:locale\" content=\"en_GB\" \/>\n<meta property=\"og:type\" content=\"article\" \/>\n<meta property=\"og:title\" content=\"Italialainen ravintola Villetta, Helsinki - Trattoria, Pizzeria\" \/>\n<meta property=\"og:description\" content=\"Pizzat, pastat. Italialainen ravintola Villetta sijaitsee Ruusulankatu 8:ssa Helsingiss\u00e4. Trattoria on italialainen m\u00e4\u00e4ritelm\u00e4 ruokaravintolalle, jossa tarjoillaan usein kotiruoan tyylisi\u00e4 annoksia.\" \/>\n<meta property=\"og:url\" content=\"https:\/\/www.villetta.fi\/fi\/menu\/\" \/>\n<meta property=\"og:site_name\" content=\"Italialainen ravintola Villetta, Helsinki\" \/>\n<meta property=\"article:publisher\" content=\"https:\/\/www.facebook.com\/RavintolaVilletta\/\" \/>\n<meta property=\"article:modified_time\" content=\"2026-01-24T09:22:32+00:00\" \/>\n<meta property=\"og:image\" content=\"https:\/\/www.villetta.fi\/fi\/wp-content\/uploads\/2023\/05\/pizzaruccola.jpg\" \/>\n\t<meta property=\"og:image:width\" content=\"1240\" \/>\n\t<meta property=\"og:image:height\" content=\"118\" \/>\n\t<meta property=\"og:image:type\" content=\"image\/jpeg\" \/>\n<meta name=\"twitter:card\" content=\"summary_large_image\" \/>\n<meta name=\"twitter:label1\" content=\"Estimated reading time\" \/>\n\t<meta name=\"twitter:data1\" content=\"1 minute\" \/>\n<script type=\"application\/ld+json\" class=\"yoast-schema-graph\">{\"@context\":\"https:\/\/schema.org\",\"@graph\":[{\"@type\":\"WebPage\",\"@id\":\"https:\/\/www.villetta.fi\/fi\/menu\/\",\"url\":\"https:\/\/www.villetta.fi\/fi\/menu\/\",\"name\":\"Italialainen ravintola Villetta, Helsinki - Trattoria, Pizzeria\",\"isPartOf\":{\"@id\":\"https:\/\/www.villetta.fi\/fi\/#website\"},\"primaryImageOfPage\":{\"@id\":\"https:\/\/www.villetta.fi\/fi\/menu\/#primaryimage\"},\"image\":{\"@id\":\"https:\/\/www.villetta.fi\/fi\/menu\/#primaryimage\"},\"thumbnailUrl\":\"https:\/\/www.villetta.fi\/fi\/wp-content\/uploads\/2023\/05\/pizzaruccola.jpg\",\"datePublished\":\"2023-05-28T21:45:48+00:00\",\"dateModified\":\"2026-01-24T09:22:32+00:00\",\"description\":\"Pizzat, pastat. Italialainen ravintola Villetta sijaitsee Ruusulankatu 8:ssa Helsingiss\u00e4. Trattoria on italialainen m\u00e4\u00e4ritelm\u00e4 ruokaravintolalle, jossa tarjoillaan usein kotiruoan tyylisi\u00e4 annoksia.\",\"breadcrumb\":{\"@id\":\"https:\/\/www.villetta.fi\/fi\/menu\/#breadcrumb\"},\"inLanguage\":\"en-GB\",\"potentialAction\":[{\"@type\":\"ReadAction\",\"target\":[\"https:\/\/www.villetta.fi\/fi\/menu\/\"]}]},{\"@type\":\"ImageObject\",\"inLanguage\":\"en-GB\",\"@id\":\"https:\/\/www.villetta.fi\/fi\/menu\/#primaryimage\",\"url\":\"https:\/\/www.villetta.fi\/fi\/wp-content\/uploads\/2023\/05\/pizzaruccola.jpg\",\"contentUrl\":\"https:\/\/www.villetta.fi\/fi\/wp-content\/uploads\/2023\/05\/pizzaruccola.jpg\",\"width\":1240,\"height\":118,\"caption\":\"Pizza Rucola\"},{\"@type\":\"BreadcrumbList\",\"@id\":\"https:\/\/www.villetta.fi\/fi\/menu\/#breadcrumb\",\"itemListElement\":[{\"@type\":\"ListItem\",\"position\":1,\"name\":\"Home\",\"item\":\"https:\/\/www.villetta.fi\/fi\/\"},{\"@type\":\"ListItem\",\"position\":2,\"name\":\"Menu\"}]},{\"@type\":\"WebSite\",\"@id\":\"https:\/\/www.villetta.fi\/fi\/#website\",\"url\":\"https:\/\/www.villetta.fi\/fi\/\",\"name\":\"Italialainen ravintola Villetta, Helsinki\",\"description\":\"Italialainen ravintola Villetta, Helsinki\",\"publisher\":{\"@id\":\"https:\/\/www.villetta.fi\/fi\/#organization\"},\"potentialAction\":[{\"@type\":\"SearchAction\",\"target\":{\"@type\":\"EntryPoint\",\"urlTemplate\":\"https:\/\/www.villetta.fi\/fi\/?s={search_term_string}\"},\"query-input\":{\"@type\":\"PropertyValueSpecification\",\"valueRequired\":true,\"valueName\":\"search_term_string\"}}],\"inLanguage\":\"en-GB\"},{\"@type\":\"Organization\",\"@id\":\"https:\/\/www.villetta.fi\/fi\/#organization\",\"name\":\"Italialainen ravintola Villetta, Helsinki\",\"url\":\"https:\/\/www.villetta.fi\/fi\/\",\"logo\":{\"@type\":\"ImageObject\",\"inLanguage\":\"en-GB\",\"@id\":\"https:\/\/www.villetta.fi\/fi\/#\/schema\/logo\/image\/\",\"url\":\"https:\/\/www.villetta.fi\/fi\/wp-content\/uploads\/2023\/05\/logo.png\",\"contentUrl\":\"https:\/\/www.villetta.fi\/fi\/wp-content\/uploads\/2023\/05\/logo.png\",\"width\":614,\"height\":217,\"caption\":\"Italialainen ravintola Villetta, Helsinki\"},\"image\":{\"@id\":\"https:\/\/www.villetta.fi\/fi\/#\/schema\/logo\/image\/\"},\"sameAs\":[\"https:\/\/www.facebook.com\/RavintolaVilletta\/\"]}]}<\/script>\n<!-- \/ Yoast SEO plugin. -->","yoast_head_json":{"title":"Italialainen ravintola Villetta, Helsinki - Trattoria, Pizzeria","description":"Pizzat, pastat. Italialainen ravintola Villetta sijaitsee Ruusulankatu 8:ssa Helsingiss\u00e4. Trattoria on italialainen m\u00e4\u00e4ritelm\u00e4 ruokaravintolalle, jossa tarjoillaan usein kotiruoan tyylisi\u00e4 annoksia.","robots":{"index":"index","follow":"follow","max-snippet":"max-snippet:-1","max-image-preview":"max-image-preview:large","max-video-preview":"max-video-preview:-1"},"canonical":"https:\/\/www.villetta.fi\/fi\/menu\/","og_locale":"en_GB","og_type":"article","og_title":"Italialainen ravintola Villetta, Helsinki - Trattoria, Pizzeria","og_description":"Pizzat, pastat. Italialainen ravintola Villetta sijaitsee Ruusulankatu 8:ssa Helsingiss\u00e4. Trattoria on italialainen m\u00e4\u00e4ritelm\u00e4 ruokaravintolalle, jossa tarjoillaan usein kotiruoan tyylisi\u00e4 annoksia.","og_url":"https:\/\/www.villetta.fi\/fi\/menu\/","og_site_name":"Italialainen ravintola Villetta, Helsinki","article_publisher":"https:\/\/www.facebook.com\/RavintolaVilletta\/","article_modified_time":"2026-01-24T09:22:32+00:00","og_image":[{"width":1240,"height":118,"url":"https:\/\/www.villetta.fi\/fi\/wp-content\/uploads\/2023\/05\/pizzaruccola.jpg","type":"image\/jpeg"}],"twitter_card":"summary_large_image","twitter_misc":{"Estimated reading time":"1 minute"},"schema":{"@context":"https:\/\/schema.org","@graph":[{"@type":"WebPage","@id":"https:\/\/www.villetta.fi\/fi\/menu\/","url":"https:\/\/www.villetta.fi\/fi\/menu\/","name":"Italialainen ravintola Villetta, Helsinki - Trattoria, Pizzeria","isPartOf":{"@id":"https:\/\/www.villetta.fi\/fi\/#website"},"primaryImageOfPage":{"@id":"https:\/\/www.villetta.fi\/fi\/menu\/#primaryimage"},"image":{"@id":"https:\/\/www.villetta.fi\/fi\/menu\/#primaryimage"},"thumbnailUrl":"https:\/\/www.villetta.fi\/fi\/wp-content\/uploads\/2023\/05\/pizzaruccola.jpg","datePublished":"2023-05-28T21:45:48+00:00","dateModified":"2026-01-24T09:22:32+00:00","description":"Pizzat, pastat. Italialainen ravintola Villetta sijaitsee Ruusulankatu 8:ssa Helsingiss\u00e4. Trattoria on italialainen m\u00e4\u00e4ritelm\u00e4 ruokaravintolalle, jossa tarjoillaan usein kotiruoan tyylisi\u00e4 annoksia.","breadcrumb":{"@id":"https:\/\/www.villetta.fi\/fi\/menu\/#breadcrumb"},"inLanguage":"en-GB","potentialAction":[{"@type":"ReadAction","target":["https:\/\/www.villetta.fi\/fi\/menu\/"]}]},{"@type":"ImageObject","inLanguage":"en-GB","@id":"https:\/\/www.villetta.fi\/fi\/menu\/#primaryimage","url":"https:\/\/www.villetta.fi\/fi\/wp-content\/uploads\/2023\/05\/pizzaruccola.jpg","contentUrl":"https:\/\/www.villetta.fi\/fi\/wp-content\/uploads\/2023\/05\/pizzaruccola.jpg","width":1240,"height":118,"caption":"Pizza Rucola"},{"@type":"BreadcrumbList","@id":"https:\/\/www.villetta.fi\/fi\/menu\/#breadcrumb","itemListElement":[{"@type":"ListItem","position":1,"name":"Home","item":"https:\/\/www.villetta.fi\/fi\/"},{"@type":"ListItem","position":2,"name":"Menu"}]},{"@type":"WebSite","@id":"https:\/\/www.villetta.fi\/fi\/#website","url":"https:\/\/www.villetta.fi\/fi\/","name":"Italialainen ravintola Villetta, Helsinki","description":"Italialainen ravintola Villetta, Helsinki","publisher":{"@id":"https:\/\/www.villetta.fi\/fi\/#organization"},"potentialAction":[{"@type":"SearchAction","target":{"@type":"EntryPoint","urlTemplate":"https:\/\/www.villetta.fi\/fi\/?s={search_term_string}"},"query-input":{"@type":"PropertyValueSpecification","valueRequired":true,"valueName":"search_term_string"}}],"inLanguage":"en-GB"},{"@type":"Organization","@id":"https:\/\/www.villetta.fi\/fi\/#organization","name":"Italialainen ravintola Villetta, Helsinki","url":"https:\/\/www.villetta.fi\/fi\/","logo":{"@type":"ImageObject","inLanguage":"en-GB","@id":"https:\/\/www.villetta.fi\/fi\/#\/schema\/logo\/image\/","url":"https:\/\/www.villetta.fi\/fi\/wp-content\/uploads\/2023\/05\/logo.png","contentUrl":"https:\/\/www.villetta.fi\/fi\/wp-content\/uploads\/2023\/05\/logo.png","width":614,"height":217,"caption":"Italialainen ravintola Villetta, Helsinki"},"image":{"@id":"https:\/\/www.villetta.fi\/fi\/#\/schema\/logo\/image\/"},"sameAs":["https:\/\/www.facebook.com\/RavintolaVilletta\/"]}]}},"_links":{"self":[{"href":"https:\/\/www.villetta.fi\/fi\/wp-json\/wp\/v2\/pages\/73","targetHints":{"allow":["GET"]}}],"collection":[{"href":"https:\/\/www.villetta.fi\/fi\/wp-json\/wp\/v2\/pages"}],"about":[{"href":"https:\/\/www.villetta.fi\/fi\/wp-json\/wp\/v2\/types\/page"}],"author":[{"embeddable":true,"href":"https:\/\/www.villetta.fi\/fi\/wp-json\/wp\/v2\/users\/1"}],"replies":[{"embeddable":true,"href":"https:\/\/www.villetta.fi\/fi\/wp-json\/wp\/v2\/comments?post=73"}],"version-history":[{"count":11,"href":"https:\/\/www.villetta.fi\/fi\/wp-json\/wp\/v2\/pages\/73\/revisions"}],"predecessor-version":[{"id":457,"href":"https:\/\/www.villetta.fi\/fi\/wp-json\/wp\/v2\/pages\/73\/revisions\/457"}],"wp:featuredmedia":[{"embeddable":true,"href":"https:\/\/www.villetta.fi\/fi\/wp-json\/wp\/v2\/media\/100"}],"wp:attachment":[{"href":"https:\/\/www.villetta.fi\/fi\/wp-json\/wp\/v2\/media?parent=73"}],"curies":[{"name":"wp","href":"https:\/\/api.w.org\/{rel}","templated":true}]}}